{"id":1747,"date":"2019-11-06T13:22:47","date_gmt":"2019-11-06T13:22:47","guid":{"rendered":"https:\/\/www.candlelightersinternational.org\/was-wir-glauben\/"},"modified":"2025-07-17T12:24:13","modified_gmt":"2025-07-17T12:24:13","slug":"was-wir-glauben","status":"publish","type":"page","link":"https:\/\/www.candlelightersinternational.org\/de\/ueber-uns\/was-wir-glauben\/","title":{"rendered":"Was wir glauben"},"content":{"rendered":"<h1>Was wir glauben<\/h1>\n<img loading=\"lazy\" decoding=\"async\" class=\"size-full wp-image-147 alignleft\" src=\"https:\/\/candlelightersinternational.org\/wp-content\/uploads\/2019\/11\/about_thumb3.jpg\" alt=\"\" width=\"195\" height=\"171\" \/><img loading=\"lazy\" decoding=\"async\" class=\"size-medium wp-image-148 alignleft\" src=\"https:\/\/candlelightersinternational.org\/wp-content\/uploads\/2019\/11\/about_thumb1.jpg\" alt=\"\" width=\"195\" height=\"171\" \/><img loading=\"lazy\" decoding=\"async\" class=\"size-medium wp-image-149 alignleft\" src=\"https:\/\/candlelightersinternational.org\/wp-content\/uploads\/2019\/11\/about_thumb2.jpg\" alt=\"\" width=\"195\" height=\"171\" \/>\n<h1><\/h1>\n<p><span style=\"color: #000000;\">Als Dienst im Dienste Gottes h\u00e4lt Candlelighters International treu die offenbarten Wahrheiten der Heiligen Schrift aufrecht. Wir verpflichten uns zu den folgenden lebenswichtigen Lehren der Heiligen Schrift und des christlichen Glaubens.<\/span><\/p>\n<p><span style=\"color: #000000;\">Wir glauben an:<\/span><\/p>\n<ol>\n<li><span style=\"color: #000000;\"><strong>Die Autorit\u00e4t der Schrift:<\/strong> Die Bibel ist Gottes inspiriertes, unfehlbares und unfehlbares Wort. Die Wahrheit der Bibel ist absolut und nicht relativ. Die zentrale Heilsbotschaft und die wesentlichen Lehren sind klar und f\u00fcr alle zug\u00e4nglich, die den \u00fcblichen und selbstverst\u00e4ndlichen Regeln der literarischen Auslegung folgen. Die Wahrheit, die dem Wort Gottes eigen ist, ist die letzte Autorit\u00e4t des Glaubens und der Praxis f\u00fcr jeden Gl\u00e4ubigen. Die Heilige Schrift ist von Gott eingehaucht und die ultimative Quelle f\u00fcr Wissen \u00fcber Gott. Es ist der endg\u00fcltige Leitfaden f\u00fcr unser t\u00e4gliches Leben und ist n\u00fctzlich zum Lehren, zur Zurechtweisung, zur Korrektur und zur Unterweisung in Rechtschaffenheit.<\/span><\/li>\n<li><span style=\"color: #000000;\"><strong>Die dreieinige Natur Gottes:<\/strong> Wir bekr\u00e4ftigen die Existenz Gottes in drei Personen, dh dem Vater, dem Sohn und dem Heiligen Geist.<\/span><\/li>\n<li><span style=\"color: #000000;\"><strong>Der Sch\u00f6pfergott:<\/strong> Wir glauben an einen Gott, der das Universum aus dem Nichts erschaffen hat und Er regiert souver\u00e4n \u00fcber Seine Sch\u00f6pfung, einschlie\u00dflich menschlicher und engelhafter Wesen.<\/span><\/li>\n<li><span style=\"color: #000000;\"><strong>Die dreieinige Natur des Menschen (der Menschen):<\/strong> Wir glauben auch, dass <strong>der Mensch ein geistiges Wesen ist (mit einem Geist und einer Seele) und einen physischen K\u00f6rper hat. <\/strong>Wir glauben, dass der Mensch nach dem Ebenbild Gottes erschaffen wurde, dass aber aufgrund der S\u00fcnde oder \u00dcbertretung des Menschen seine Natur verzerrt wurde, was dazu f\u00fchrt, dass der Mensch die Gemeinschaft mit Gott verliert. Der gefallene oder s\u00fcndige Zustand des Menschen ist so schwerwiegend, dass seine Auswirkungen im Leben und in der Gesellschaft des Menschen weiterhin sichtbar sind \u2013 und sich in verschiedenen Formen von Grausamkeit, Leiden und Tod manifestieren.<\/span><\/li>\n<li><span style=\"color: #000000;\"><strong>Ein Retter in Jesus dem Christus:<\/strong> Durch Gottes Gnade wurde <strong>Jesus der Christus \u2013 der ganz Gott und ganz Mensch ist \u2013 gesandt, um uns aus unserer Knechtschaft der S\u00fcnde zu erl\u00f6sen<\/strong> . Wir glauben, dass Jesus Christus der ewige Sohn Gottes ist, die zweite Person der Dreifaltigkeit, die durch die wundersame Empf\u00e4ngnis durch den Heiligen Geist im Scho\u00df der Maria (die eine Jungfrau war) menschliches Fleisch annahm. Wir glauben, dass Jesus Christus von einer Jungfrau geboren wurde, f\u00fcr die S\u00fcnden der Menschheit starb, physisch von den Toten auferstanden und eine Weile auf der Erde gesehen wurde, in den Himmel aufgefahren ist und zur\u00fcckkehren wird, um die Welt zu richten und seine Heiligen zu befreien. Wir glauben, dass Jesu Tod am Kreuz eine strafrechtliche stellvertretende S\u00fchne f\u00fcr die S\u00fcnden der Menschheit darstellte und Gott die Erl\u00f6sung zur\u00fcckgab. In der Errettung werden wir vor Gottes Zorn gerettet. Wir glauben, dass Jesus, der Christus, der wahre Gott ist, ein wahrer Mensch wurde, zwei Naturen f\u00fcr immer in einer Person vereinte und ein perfektes, s\u00fcndloses Leben f\u00fchrte. Der Glaube an Jesus, den Christus, ist das einzige Mittel, mit dem die Menschheit der ewigen Verdammnis und dem ewigen Gericht entkommen kann.<\/span><\/li>\n<li><span style=\"color: #000000;\"><strong>Der Heilige Geist:<\/strong> Der Heilige Geist ist die ewige dritte Person des Dreieinigen Gottes, der Regenerator und Heiligmacher der Erl\u00f6sten, der Offenbarer und Schenker aller Wahrheit, geistlichen Fr\u00fcchte und Gaben und der bleibende F\u00fcrsprecher, der die Gl\u00e4ubigen zu einem gottesf\u00fcrchtigen Leben und Dienst bef\u00e4higt .<\/span><\/li>\n<li><span style=\"color: #000000;\"><strong>Die Kirche als Leib Christi:<\/strong> Wir glauben an eine heilige, universelle ( <strong>nicht eklektische<\/strong> ) und apostolische Kirche. Ihre Berufung ist es, Gott anzubeten und allen Nationen Jesus Christus zu bezeugen, indem sie die Liebe und Gerechtigkeit Jesu Christi mit barmherzigem Dienst f\u00fcr die Bed\u00fcrfnisse aller demonstriert. Innerhalb der wahren Kirche, der Braut Christi, streben die Mitglieder gemeinschaftlich und individuell danach, Gott durch Gebet und Lobpreis, flei\u00dfiges Studium und Anwendung der Heiligen Schrift, geheiligtes Leben und gute Werke anzubeten, zu dienen und zu verherrlichen.<\/span><\/li>\n<li><span style=\"color: #000000;\"><strong>Die Entr\u00fcckung:<\/strong> Bei seinem zweiten Kommen wird Christus dem irdischen Leben entrei\u00dfen und auch diejenigen, die die kostenlose Gabe des Heils empfangen haben, von den Toten auferwecken, um f\u00fcr immer in Gemeinschaft im Reich Gottes im Himmel zu leben. Das ultimative Schicksal der unerl\u00f6sten Menschheit ist die ewige Bestrafung in der H\u00f6lle mit Satan und seinen Kohorten.<\/span><\/li>\n<\/ol>\n","protected":false},"excerpt":{"rendered":"<p>Was wir glauben Als Dienst im Dienste Gottes h\u00e4lt Candlelighters International treu die offenbarten Wahrheiten der Heiligen Schrift aufrecht. Wir verpflichten uns zu den folgenden lebenswichtigen Lehren der Heiligen Schrift und des christlichen Glaubens. Wir glauben an: Die Autorit\u00e4t der Schrift: Die Bibel ist Gottes inspiriertes, unfehlbares und unfehlbares Wort. Die Wahrheit der Bibel ist [&hellip;]<\/p>\n","protected":false},"author":1,"featured_media":0,"parent":1789,"menu_order":0,"comment_status":"closed","ping_status":"closed","template":"","meta":{"nf_dc_page":"","footnotes":""},"class_list":["post-1747","page","type-page","status-publish","hentry"],"_links":{"self":[{"href":"https:\/\/www.candlelightersinternational.org\/de\/wp-json\/wp\/v2\/pages\/1747","targetHints":{"allow":["GET"]}}],"collection":[{"href":"https:\/\/www.candlelightersinternational.org\/de\/wp-json\/wp\/v2\/pages"}],"about":[{"href":"https:\/\/www.candlelightersinternational.org\/de\/wp-json\/wp\/v2\/types\/page"}],"author":[{"embeddable":true,"href":"https:\/\/www.candlelightersinternational.org\/de\/wp-json\/wp\/v2\/users\/1"}],"replies":[{"embeddable":true,"href":"https:\/\/www.candlelightersinternational.org\/de\/wp-json\/wp\/v2\/comments?post=1747"}],"version-history":[{"count":4,"href":"https:\/\/www.candlelightersinternational.org\/de\/wp-json\/wp\/v2\/pages\/1747\/revisions"}],"predecessor-version":[{"id":3994,"href":"https:\/\/www.candlelightersinternational.org\/de\/wp-json\/wp\/v2\/pages\/1747\/revisions\/3994"}],"up":[{"embeddable":true,"href":"https:\/\/www.candlelightersinternational.org\/de\/wp-json\/wp\/v2\/pages\/1789"}],"wp:attachment":[{"href":"https:\/\/www.candlelightersinternational.org\/de\/wp-json\/wp\/v2\/media?parent=1747"}],"curies":[{"name":"wp","href":"https:\/\/api.w.org\/{rel}","templated":true}]}}