{"id":1750,"date":"2021-11-23T10:26:55","date_gmt":"2021-11-23T10:26:55","guid":{"rendered":"https:\/\/www.candlelightersinternational.org\/akademie\/"},"modified":"2025-07-14T12:56:06","modified_gmt":"2025-07-14T12:56:06","slug":"akademie","status":"publish","type":"page","link":"https:\/\/www.candlelightersinternational.org\/de\/akademie\/","title":{"rendered":"Akademie"},"content":{"rendered":"<h1>Akademie<\/h1>\n<p><img loading=\"lazy\" decoding=\"async\" class=\"wp-image-897 size-full aligncenter\" src=\"https:\/\/candlelightersinternational.org\/wp-content\/uploads\/2020\/07\/academy-1.png\" alt=\"\" width=\"1920\" height=\"760\"><\/p>\n<h3><span style=\"color: #000000;\">Ihre Akademie auf dieser Plattform wurde speziell entwickelt, um Ihnen die M\u00f6glichkeit zu geben, bequem von zu Hause aus an pers\u00f6nlichen Studien teilzunehmen. Sie m\u00fcssen f\u00fcr sich selbst lernen und in Ihrer pers\u00f6nlichen Entwicklung bewusst vorgehen. <\/span><\/h3>\n<p><span style=\"color: #000000;\">Durch diese Akademie werden wir Ihnen am besten dienen, wenn Sie sich diese Frage bereits stellen: <\/span><\/p>\n<h3><span style=\"color: #ff0000;\"><em>In diesen Fragen&#8230;<\/em> <em>wer profitiert von meiner Unwissenheit?<\/em><\/span><\/h3>\n<p><span style=\"color: #000000;\">Es ist erw\u00e4hnenswert, dass die Antwort auf diese Frage eine Determinante oder ein Indikator daf\u00fcr ist, in welchen Bereichen Sie pers\u00f6nliche Entwicklung oder Bildung ben\u00f6tigen, um sich von denen zu befreien, die Sie ausnutzen.<\/span><\/p>\n<p><span style=\"color: #3366ff;\"><strong>Wir stellen Ihnen <em>spezifische Tools, einige \u00fcberzeugende Ideen zur Verf\u00fcgung und bringen Sie mit einigen relevanten Experten auf ihrem Gebiet zusammen, um Ihnen dabei zu helfen, einzigartige F\u00e4higkeiten zu entwickeln, die f\u00fcr die Bearbeitung wichtiger Themen von Ihrem Interesse unerl\u00e4sslich sind.<\/em><\/strong><\/span><\/p>\n<p><span style=\"color: #000000;\"><img loading=\"lazy\" decoding=\"async\" class=\"wp-image-940 alignleft\" src=\"https:\/\/candlelightersinternational.org\/wp-content\/uploads\/2020\/08\/academy-2.png\" alt=\"\" width=\"413\" height=\"275\">Die Dienstleistungen, die wir hier anbieten, zielen darauf ab, Ihnen zu helfen, Ihr Wissen in Bereichen zu entwickeln, die der Herr Sie f\u00fchrt. Mit unseren Partnern werden wir ein breites Angebot an Online-Schulungsm\u00f6glichkeiten in unterschiedlichen Bereichen anbieten. Wir ver\u00f6ffentlichen auch wissenschaftliche (gut recherchierte) Artikel von Experten aus verschiedenen Bereichen, die unseren Zielen und unserer Mission entsprechen. <\/span><\/p>\n<p><span style=\"color: #000000;\"><strong><em><span style=\"color: #000000;\">Das einzige Ziel dieser Akademie bleibt es, SIE in Ihrem pers\u00f6nlichen Weg mit Christus Jesus, dem Felsen der Ewigkeit, zu erbauen und auf einem soliden Fundament zu verankern. <\/span> <\/em><\/strong><\/span><\/p>\n<p><span style=\"color: #000000;\">Im Rahmen unserer Konferenz- und Seminaraktivit\u00e4ten f\u00fchren wir k\u00f6rperliche Trainings mit Ihnen im Rahmen bestimmter Veranstaltungen durch, als der Herr f\u00fchrt. <\/span><\/p>\n<p><span style=\"color: #000000;\">Das Kursangebot wird kontinuierlich wachsen, und w\u00e4hrend wir mit unseren Partnern zusammenarbeiten, werden wir uns kontinuierlich bem\u00fchen, Ihnen die entsprechenden Studienm\u00f6glichkeiten anzubieten, die Sie tiefer in die Liebe Gottes des Allm\u00e4chtigen einf\u00fchren. Alle diese Kurse stehen Personen zur Verf\u00fcgung, die derzeit Mitglieder von Candlelighters International sind.<\/span><\/p>\n<p><span style=\"color: #000000;\"><img loading=\"lazy\" decoding=\"async\" class=\" wp-image-942 alignright\" src=\"https:\/\/candlelightersinternational.org\/wp-content\/uploads\/2020\/08\/academy-4.png\" alt=\"\" width=\"296\" height=\"197\">Beachten Sie, dass alle von uns angebotenen Kurse im Selbststudium stattfinden und einige traditionelle Kurse mit unseren Partnern so strukturiert sind, dass Kreditstunden \u00fcbertragbar sind. Die meisten Kurse folgen einer offenen Einschreibungsrichtlinie, und wo dies nicht der Fall ist, wird der Einschreibezeitraum ver\u00f6ffentlicht. Fast alle Kurse erfordern spezielle Hilfsmittel, die auf die Video- und Audiobed\u00fcrfnisse zugeschnitten sind. <\/span><\/p>\n<h3><strong><span style=\"color: #000000;\">Wir laden Sie ein, in unsere Studienprogramme einzutauchen und gleichzeitig den warmen Komfort Ihres Zuhauses zu genie\u00dfen. Werde pers\u00f6nlich, indem du deinen Jesus liebst.<\/span><\/strong><\/h3>\n<p><strong> <\/strong><\/p>\n","protected":false},"excerpt":{"rendered":"<p>Akademie Ihre Akademie auf dieser Plattform wurde speziell entwickelt, um Ihnen die M\u00f6glichkeit zu geben, bequem von zu Hause aus an pers\u00f6nlichen Studien teilzunehmen. Sie m\u00fcssen f\u00fcr sich selbst lernen und in Ihrer pers\u00f6nlichen Entwicklung bewusst vorgehen. Durch diese Akademie werden wir Ihnen am besten dienen, wenn Sie sich diese Frage bereits stellen: In diesen [&hellip;]<\/p>\n","protected":false},"author":1,"featured_media":0,"parent":0,"menu_order":0,"comment_status":"closed","ping_status":"closed","template":"page-templates\/topical-page.php","meta":{"nf_dc_page":"","footnotes":""},"class_list":["post-1750","page","type-page","status-publish","hentry"],"_links":{"self":[{"href":"https:\/\/www.candlelightersinternational.org\/de\/wp-json\/wp\/v2\/pages\/1750","targetHints":{"allow":["GET"]}}],"collection":[{"href":"https:\/\/www.candlelightersinternational.org\/de\/wp-json\/wp\/v2\/pages"}],"about":[{"href":"https:\/\/www.candlelightersinternational.org\/de\/wp-json\/wp\/v2\/types\/page"}],"author":[{"embeddable":true,"href":"https:\/\/www.candlelightersinternational.org\/de\/wp-json\/wp\/v2\/users\/1"}],"replies":[{"embeddable":true,"href":"https:\/\/www.candlelightersinternational.org\/de\/wp-json\/wp\/v2\/comments?post=1750"}],"version-history":[{"count":2,"href":"https:\/\/www.candlelightersinternational.org\/de\/wp-json\/wp\/v2\/pages\/1750\/revisions"}],"predecessor-version":[{"id":3859,"href":"https:\/\/www.candlelightersinternational.org\/de\/wp-json\/wp\/v2\/pages\/1750\/revisions\/3859"}],"wp:attachment":[{"href":"https:\/\/www.candlelightersinternational.org\/de\/wp-json\/wp\/v2\/media?parent=1750"}],"curies":[{"name":"wp","href":"https:\/\/api.w.org\/{rel}","templated":true}]}}