{"id":1776,"date":"2019-11-06T13:26:28","date_gmt":"2019-11-06T13:26:28","guid":{"rendered":"https:\/\/www.candlelightersinternational.org\/unternehmensdokumente\/"},"modified":"2025-07-17T12:39:00","modified_gmt":"2025-07-17T12:39:00","slug":"unternehmensdokumente","status":"publish","type":"page","link":"https:\/\/www.candlelightersinternational.org\/de\/was-wir-tun-2\/unternehmensdokumente\/","title":{"rendered":"Unternehmensdokumente"},"content":{"rendered":"<h1>Unternehmensdokumente<\/h1>\n<img loading=\"lazy\" decoding=\"async\" class=\"size-full wp-image-147 alignleft\" src=\"https:\/\/candlelightersinternational.org\/wp-content\/uploads\/2019\/11\/about_thumb3.jpg\" alt=\"\" width=\"195\" height=\"171\" \/><img loading=\"lazy\" decoding=\"async\" class=\"size-medium wp-image-148 alignleft\" src=\"https:\/\/candlelightersinternational.org\/wp-content\/uploads\/2019\/11\/about_thumb1.jpg\" alt=\"\" width=\"195\" height=\"171\" \/><img loading=\"lazy\" decoding=\"async\" class=\"size-medium wp-image-149 alignleft\" src=\"https:\/\/candlelightersinternational.org\/wp-content\/uploads\/2019\/11\/about_thumb2.jpg\" alt=\"\" width=\"195\" height=\"171\" \/>\n<h3>Unternehmensarchiv<\/h3>\n<p><span style=\"color: #000000;\">Bitte kommen Sie immer wieder vorbei, um unsere neuesten Dokumente zu \u00fcberpr\u00fcfen, darunter unseren Finanzbericht, Gesch\u00e4ftsberichte, Programmberichte, Brosch\u00fcren, Flyer, Infografiken usw.<\/span><\/p>\n<h3><\/h3>\n<h3><strong>Unternehmensbrosch\u00fcre<\/strong><\/h3>\n<img loading=\"lazy\" decoding=\"async\" class=\"wp-image-994 alignleft\" src=\"https:\/\/candlelightersinternational.org\/wp-content\/uploads\/2020\/08\/Brochure-Mockup-01-English-scaled.jpg\" alt=\"\" width=\"298\" height=\"198\" \/>\n<h5><a href=\"https:\/\/candlelightersinternational.org\/wp-content\/uploads\/2020\/08\/Brochure-Normal.pdf\" target=\"_blank\" rel=\"noopener noreferrer\">Englische Version (PDF) <\/a>Deutsche Version (Coming Soon) <a href=\"https:\/\/candlelightersinternational.org\/wp-content\/uploads\/2020\/10\/Brochure-French-Normal.pdf\" target=\"_blank\" rel=\"noopener noreferrer\">Franz\u00f6sische Version (PDF)<\/a><\/h5>\n<h5><a href=\"https:\/\/flipbookpdf.net\/web\/site\/ec942fad2111712e780bc582e199fdbd9c4de4ab202110.pdf.html\" target=\"_blank\" rel=\"noopener noreferrer\"><span style=\"color: #0000ff;\">Englisches Online-FlipBook, <\/span><\/a><a href=\"https:\/\/flipbookpdf.net\/web\/site\/dd3dc7dfcb6acf7fb077ad7a1c070c7256570cc8202110.pdf.html\" target=\"_blank\" rel=\"noopener noreferrer\"><span style=\"color: #0000ff;\"><span style=\"color: #ff0000;\">Franz\u00f6sisch Online-FlipBook<\/span><\/span><\/a><\/h5>\n<h3><\/h3>\n<p>&nbsp;<\/p>\n<p>&nbsp;<\/p>\n<hr \/>\n<h3 style=\"text-align: left;\"><strong>Strategischer Plan 2023-2028<\/strong><\/h3>\n<img loading=\"lazy\" decoding=\"async\" class=\"alignnone size-medium wp-image-3150 alignleft\" src=\"https:\/\/candlelightersinternational.org\/wp-content\/uploads\/2025\/05\/STRATEGIC-PLAN-2023-2028_Final_Cover-Mockup-300x211.jpg\" alt=\"\" width=\"300\" height=\"211\" \/>\n<p><a href=\"https:\/\/candlelightersinternational.org\/wp-content\/uploads\/2025\/05\/STRATEGIC-PLAN-2023-2028_Final-Design_COMPRESSED-VERSION.pdf\" target=\"_blank\" rel=\"noopener\">Englische Version <\/a>Franz\u00f6sische Version Deutsche Version<\/p>\n","protected":false},"excerpt":{"rendered":"<p>Unternehmensdokumente Unternehmensarchiv Bitte kommen Sie immer wieder vorbei, um unsere neuesten Dokumente zu \u00fcberpr\u00fcfen, darunter unseren Finanzbericht, Gesch\u00e4ftsberichte, Programmberichte, Brosch\u00fcren, Flyer, Infografiken usw. Unternehmensbrosch\u00fcre Englische Version (PDF) Deutsche Version (Coming Soon) Franz\u00f6sische Version (PDF) Englisches Online-FlipBook, Franz\u00f6sisch Online-FlipBook &nbsp; &nbsp; Strategischer Plan 2023-2028 Englische Version Franz\u00f6sische Version Deutsche Version<\/p>\n","protected":false},"author":1,"featured_media":0,"parent":3746,"menu_order":0,"comment_status":"closed","ping_status":"closed","template":"","meta":{"nf_dc_page":"","footnotes":""},"class_list":["post-1776","page","type-page","status-publish","hentry"],"_links":{"self":[{"href":"https:\/\/www.candlelightersinternational.org\/de\/wp-json\/wp\/v2\/pages\/1776","targetHints":{"allow":["GET"]}}],"collection":[{"href":"https:\/\/www.candlelightersinternational.org\/de\/wp-json\/wp\/v2\/pages"}],"about":[{"href":"https:\/\/www.candlelightersinternational.org\/de\/wp-json\/wp\/v2\/types\/page"}],"author":[{"embeddable":true,"href":"https:\/\/www.candlelightersinternational.org\/de\/wp-json\/wp\/v2\/users\/1"}],"replies":[{"embeddable":true,"href":"https:\/\/www.candlelightersinternational.org\/de\/wp-json\/wp\/v2\/comments?post=1776"}],"version-history":[{"count":3,"href":"https:\/\/www.candlelightersinternational.org\/de\/wp-json\/wp\/v2\/pages\/1776\/revisions"}],"predecessor-version":[{"id":4009,"href":"https:\/\/www.candlelightersinternational.org\/de\/wp-json\/wp\/v2\/pages\/1776\/revisions\/4009"}],"up":[{"embeddable":true,"href":"https:\/\/www.candlelightersinternational.org\/de\/wp-json\/wp\/v2\/pages\/3746"}],"wp:attachment":[{"href":"https:\/\/www.candlelightersinternational.org\/de\/wp-json\/wp\/v2\/media?parent=1776"}],"curies":[{"name":"wp","href":"https:\/\/api.w.org\/{rel}","templated":true}]}}