{"id":1783,"date":"2019-12-05T12:01:04","date_gmt":"2019-12-05T12:01:04","guid":{"rendered":"https:\/\/www.candlelightersinternational.org\/gebet-und-beratung\/"},"modified":"2025-07-14T13:11:28","modified_gmt":"2025-07-14T13:11:28","slug":"gebet-und-beratung","status":"publish","type":"page","link":"https:\/\/www.candlelightersinternational.org\/de\/gebetsdienst-dienste\/gebet-und-beratung\/","title":{"rendered":"Gebet und Beratung"},"content":{"rendered":"<h1>Gebet und Beratung<\/h1>\n<h4><span style=\"color: #000000;\">Unser Netzwerk von Beratern steht Ihnen gerne zur Verf\u00fcgung. Da wir diese Seite derzeit umgestalten, m\u00f6chten wir Sie zu unserem <a href=\"https:\/\/www.candlelightersinternational.org\/service_category\/counseling-services-program\/\" target=\"_blank\" rel=\"noopener\">Beratungsprogramm<\/a> und unserer <a href=\"https:\/\/www.candlelightersinternational.org\/service_category\/hand-in-hand-initiative\/\" target=\"_blank\" rel=\"noopener\">Hand-in-Hand-Initiative<\/a> weiterleiten.  <\/span><\/h4>\n<p>Wenn Sie weitere Hilfe ben\u00f6tigen, kontaktieren Sie uns bitte \u00fcber <span style=\"color: #0000ff;\">info@candlelightersinternational.org <\/span>.  <\/p>\n","protected":false},"excerpt":{"rendered":"<p>Gebet und Beratung Unser Netzwerk von Beratern steht Ihnen gerne zur Verf\u00fcgung. Da wir diese Seite derzeit umgestalten, m\u00f6chten wir Sie zu unserem Beratungsprogramm und unserer Hand-in-Hand-Initiative weiterleiten. Wenn Sie weitere Hilfe ben\u00f6tigen, kontaktieren Sie uns bitte \u00fcber info@candlelightersinternational.org .<\/p>\n","protected":false},"author":1,"featured_media":0,"parent":3763,"menu_order":0,"comment_status":"closed","ping_status":"closed","template":"","meta":{"nf_dc_page":"","footnotes":""},"class_list":["post-1783","page","type-page","status-publish","hentry"],"_links":{"self":[{"href":"https:\/\/www.candlelightersinternational.org\/de\/wp-json\/wp\/v2\/pages\/1783","targetHints":{"allow":["GET"]}}],"collection":[{"href":"https:\/\/www.candlelightersinternational.org\/de\/wp-json\/wp\/v2\/pages"}],"about":[{"href":"https:\/\/www.candlelightersinternational.org\/de\/wp-json\/wp\/v2\/types\/page"}],"author":[{"embeddable":true,"href":"https:\/\/www.candlelightersinternational.org\/de\/wp-json\/wp\/v2\/users\/1"}],"replies":[{"embeddable":true,"href":"https:\/\/www.candlelightersinternational.org\/de\/wp-json\/wp\/v2\/comments?post=1783"}],"version-history":[{"count":2,"href":"https:\/\/www.candlelightersinternational.org\/de\/wp-json\/wp\/v2\/pages\/1783\/revisions"}],"predecessor-version":[{"id":3769,"href":"https:\/\/www.candlelightersinternational.org\/de\/wp-json\/wp\/v2\/pages\/1783\/revisions\/3769"}],"up":[{"embeddable":true,"href":"https:\/\/www.candlelightersinternational.org\/de\/wp-json\/wp\/v2\/pages\/3763"}],"wp:attachment":[{"href":"https:\/\/www.candlelightersinternational.org\/de\/wp-json\/wp\/v2\/media?parent=1783"}],"curies":[{"name":"wp","href":"https:\/\/api.w.org\/{rel}","templated":true}]}}