{"id":1789,"date":"2019-11-05T12:32:42","date_gmt":"2019-11-05T12:32:42","guid":{"rendered":"https:\/\/www.candlelightersinternational.org\/ueber-uns\/"},"modified":"2025-07-17T12:10:42","modified_gmt":"2025-07-17T12:10:42","slug":"ueber-uns","status":"publish","type":"page","link":"https:\/\/www.candlelightersinternational.org\/de\/ueber-uns\/","title":{"rendered":"\u00dcber uns"},"content":{"rendered":"<h1>Was ist mit Candlelighters International?<\/h1>\r\n<img loading=\"lazy\" decoding=\"async\" class=\"size-full wp-image-147 alignleft\" src=\"https:\/\/candlelightersinternational.org\/wp-content\/uploads\/2019\/11\/about_thumb3.jpg\" alt=\"\" width=\"195\" height=\"171\" \/><img loading=\"lazy\" decoding=\"async\" class=\"size-medium wp-image-148 alignleft\" src=\"https:\/\/candlelightersinternational.org\/wp-content\/uploads\/2019\/11\/about_thumb1.jpg\" alt=\"\" width=\"195\" height=\"171\" \/><img loading=\"lazy\" decoding=\"async\" class=\"size-medium wp-image-149 alignleft\" src=\"https:\/\/candlelightersinternational.org\/wp-content\/uploads\/2019\/11\/about_thumb2.jpg\" alt=\"\" width=\"195\" height=\"171\" \/>\r\n<p><span style=\"color: #000000;\">Willkommen bei Candlelighters International!<\/span><\/p>\r\n<p><span style=\"color: #000000;\">Wir warten schon seit einiger Zeit auf Ihren Besuch und freuen uns sehr, Sie bei uns zu haben.<\/span><\/p>\r\n<p><span style=\"color: #000000;\">Wir bei Candlelighters International verstehen, dass die Unwissenheit des Menschen die Quelle von allem ist, was gegen den Menschen arbeitet; Deshalb starten wir einen aktiven Kampf gegen die Ignoranz.<\/span><\/p>\r\n<h4><span style=\"color: #000000;\">Candlelighters International ist ein \u00fcberkonfessioneller christlicher Dienst, der als christliches Ressourcenzentrum fungiert. Seine Hauptfunktion besteht darin, den Menschen ein wahres Verst\u00e4ndnis des christlichen Glaubens und der christlichen Praxis zu vermitteln. Wir beabsichtigen, Menschen zu erreichen und zu inspirieren, hier auf Erden und ewig mit Gott ein heiliges Leben zu f\u00fchren; genauso wie es das Leben Jesu Christi zeigt.<\/span><\/h4>\r\n<p><span style=\"color: #000000;\">Als christlicher Dienst legt Candlelighters International besonderes Augenmerk auf die Entwicklung von lokalen christlichen Gemeindediensten au\u00dferhalb der vier W\u00e4nde der Kirche. Wir tun dies durch die Erbauung der Gl\u00e4ubigen (sowohl neuer als auch alter) mit der absoluten Wahrheit, die dem Wort Gottes in der Bibel eigen ist. Diese Wahrheit leitet und inspiriert die Gl\u00e4ubigen, wie sie sich auf und mit allen Bereichen unseres Lebens beziehen k\u00f6nnen.<\/span><\/p>\r\n<p><span style=\"color: #000000;\">Das ultimative Ziel von Candlelighters International ist es, Familien und Menschen jeden Alters zu ermutigen, Gott t\u00e4glich durch die Bibel und das Gebet zu begegnen.<\/span><\/p>\r\n<img loading=\"lazy\" decoding=\"async\" width=\"308\" height=\"186\" class=\"alignleft wp-image-156 size-full\" src=\"https:\/\/candlelightersinternational.org\/wp-content\/uploads\/2019\/11\/about_thumb4.jpg\" alt=\"\" \/>\r\n<p><span style=\"color: #000000;\">Candlelighters International ist weder eine Kirche noch eine Konfession. Es ist eine Gemeinschaft von Gl\u00e4ubigen, die sich in der Kraft des Heiligen Geistes verpflichtet haben, die in Jesus Christus offenbarte Wahrheit zu f\u00f6rdern und zu teilen. Gl\u00e4ubige, die sich verpflichtet haben, die Frucht des Geistes zu offenbaren und die Herrlichkeit des allm\u00e4chtigen Gottes in eine verlorene Welt auszustrahlen. Wir beginnen in unserem Leben, in unseren lokalen Gemeinschaften und dann international.<\/span><\/p>\r\n<p><span style=\"color: #000000;\"><strong>Wieder einmal bist du bei uns willkommen und m\u00f6ge der Heilige Geist des Allerh\u00f6chsten Gottes dich f\u00fchren und in alle Wahrheit f\u00fchren, im Namen Jesu des Christus. Amen.<\/strong><\/span><\/p>\r\n\r\n<p>&nbsp;<\/p>\r\n","protected":false},"excerpt":{"rendered":"<p>Was ist mit Candlelighters International? Willkommen bei Candlelighters International! Wir warten schon seit einiger Zeit auf Ihren Besuch und freuen uns sehr, Sie bei uns zu haben. Wir bei Candlelighters International verstehen, dass die Unwissenheit des Menschen die Quelle von allem ist, was gegen den Menschen arbeitet; Deshalb starten wir einen aktiven Kampf gegen die [&hellip;]<\/p>\n","protected":false},"author":1,"featured_media":0,"parent":0,"menu_order":0,"comment_status":"closed","ping_status":"closed","template":"","meta":{"nf_dc_page":"","footnotes":""},"class_list":["post-1789","page","type-page","status-publish","hentry"],"_links":{"self":[{"href":"https:\/\/www.candlelightersinternational.org\/de\/wp-json\/wp\/v2\/pages\/1789","targetHints":{"allow":["GET"]}}],"collection":[{"href":"https:\/\/www.candlelightersinternational.org\/de\/wp-json\/wp\/v2\/pages"}],"about":[{"href":"https:\/\/www.candlelightersinternational.org\/de\/wp-json\/wp\/v2\/types\/page"}],"author":[{"embeddable":true,"href":"https:\/\/www.candlelightersinternational.org\/de\/wp-json\/wp\/v2\/users\/1"}],"replies":[{"embeddable":true,"href":"https:\/\/www.candlelightersinternational.org\/de\/wp-json\/wp\/v2\/comments?post=1789"}],"version-history":[{"count":8,"href":"https:\/\/www.candlelightersinternational.org\/de\/wp-json\/wp\/v2\/pages\/1789\/revisions"}],"predecessor-version":[{"id":3990,"href":"https:\/\/www.candlelightersinternational.org\/de\/wp-json\/wp\/v2\/pages\/1789\/revisions\/3990"}],"wp:attachment":[{"href":"https:\/\/www.candlelightersinternational.org\/de\/wp-json\/wp\/v2\/media?parent=1789"}],"curies":[{"name":"wp","href":"https:\/\/api.w.org\/{rel}","templated":true}]}}