{"id":1802,"date":"2021-11-23T10:27:26","date_gmt":"2021-11-23T10:27:26","guid":{"rendered":"https:\/\/www.candlelightersinternational.org\/ressourcen-des-ministeriums\/"},"modified":"2025-07-14T12:56:28","modified_gmt":"2025-07-14T12:56:28","slug":"ressourcen-des-ministeriums","status":"publish","type":"page","link":"https:\/\/www.candlelightersinternational.org\/de\/ressourcen-des-ministeriums\/","title":{"rendered":"Ressourcen des Ministeriums"},"content":{"rendered":"<h1>Ressourcen des Ministeriums<\/h1>\n<p><img loading=\"lazy\" decoding=\"async\" class=\"wp-image-1001 size-full aligncenter\" src=\"https:\/\/candlelightersinternational.org\/wp-content\/uploads\/2020\/08\/Resource-scaled.jpg\" alt=\"\" width=\"2560\" height=\"960\"><\/p>\n<p><span style=\"color: #000000;\">Candlelighters&#8217; Ministry Resources konzentriert sich darauf, eine Plattform zu pr\u00e4sentieren, auf der Gl\u00e4ubige in einer gleichgesinnten Umgebung ihre von Gott gegebenen Potenziale f\u00fchren, wachsen und vollst\u00e4ndig manifestieren k\u00f6nnen. <\/span><\/p>\n<h4><span style=\"color: #000000;\">Unser Ansatz hilft Gl\u00e4ubigen, ihren Dienst innerhalb einer organisierten Plattform zu erf\u00fcllen, die die verschiedenen administrativen Herausforderungen im Zusammenhang mit der Entwicklung des Dienstes absorbiert. <\/span><\/h4>\n<p><span style=\"color: #000000;\">Wir f\u00fchren nicht nur die verschiedenen geistlichen Aktivit\u00e4ten durch, sondern konzentrieren uns auch auf die Entwicklung innovativer Werkzeuge und Dienste, die das Potenzial haben, als Kanal zu dienen, durch den der Heilige Geist Leben ver\u00e4ndern kann.<\/span><\/p>\n","protected":false},"excerpt":{"rendered":"<p>Ressourcen des Ministeriums Candlelighters&#8217; Ministry Resources konzentriert sich darauf, eine Plattform zu pr\u00e4sentieren, auf der Gl\u00e4ubige in einer gleichgesinnten Umgebung ihre von Gott gegebenen Potenziale f\u00fchren, wachsen und vollst\u00e4ndig manifestieren k\u00f6nnen. Unser Ansatz hilft Gl\u00e4ubigen, ihren Dienst innerhalb einer organisierten Plattform zu erf\u00fcllen, die die verschiedenen administrativen Herausforderungen im Zusammenhang mit der Entwicklung des Dienstes [&hellip;]<\/p>\n","protected":false},"author":1,"featured_media":0,"parent":0,"menu_order":0,"comment_status":"closed","ping_status":"closed","template":"page-templates\/resource-page.php","meta":{"nf_dc_page":"","footnotes":""},"class_list":["post-1802","page","type-page","status-publish","hentry"],"_links":{"self":[{"href":"https:\/\/www.candlelightersinternational.org\/de\/wp-json\/wp\/v2\/pages\/1802","targetHints":{"allow":["GET"]}}],"collection":[{"href":"https:\/\/www.candlelightersinternational.org\/de\/wp-json\/wp\/v2\/pages"}],"about":[{"href":"https:\/\/www.candlelightersinternational.org\/de\/wp-json\/wp\/v2\/types\/page"}],"author":[{"embeddable":true,"href":"https:\/\/www.candlelightersinternational.org\/de\/wp-json\/wp\/v2\/users\/1"}],"replies":[{"embeddable":true,"href":"https:\/\/www.candlelightersinternational.org\/de\/wp-json\/wp\/v2\/comments?post=1802"}],"version-history":[{"count":2,"href":"https:\/\/www.candlelightersinternational.org\/de\/wp-json\/wp\/v2\/pages\/1802\/revisions"}],"predecessor-version":[{"id":3864,"href":"https:\/\/www.candlelightersinternational.org\/de\/wp-json\/wp\/v2\/pages\/1802\/revisions\/3864"}],"wp:attachment":[{"href":"https:\/\/www.candlelightersinternational.org\/de\/wp-json\/wp\/v2\/media?parent=1802"}],"curies":[{"name":"wp","href":"https:\/\/api.w.org\/{rel}","templated":true}]}}