{"id":1809,"date":"2019-11-06T13:22:31","date_gmt":"2019-11-06T13:22:31","guid":{"rendered":"https:\/\/www.candlelightersinternational.org\/ueber-uns\/warum-es-uns-gibt\/"},"modified":"2025-07-17T12:11:56","modified_gmt":"2025-07-17T12:11:56","slug":"warum-es-uns-gibt","status":"publish","type":"page","link":"https:\/\/www.candlelightersinternational.org\/de\/ueber-uns\/warum-es-uns-gibt\/","title":{"rendered":"Warum es uns gibt"},"content":{"rendered":"<h1>Warum es uns gibt<\/h1>\n<img loading=\"lazy\" decoding=\"async\" class=\"size-full wp-image-147 alignleft\" src=\"https:\/\/candlelightersinternational.org\/wp-content\/uploads\/2019\/11\/about_thumb3.jpg\" alt=\"\" width=\"195\" height=\"171\" \/><img loading=\"lazy\" decoding=\"async\" class=\"size-medium wp-image-148 alignleft\" src=\"https:\/\/candlelightersinternational.org\/wp-content\/uploads\/2019\/11\/about_thumb1.jpg\" alt=\"\" width=\"195\" height=\"171\" \/><img loading=\"lazy\" decoding=\"async\" class=\"size-medium wp-image-149 alignleft\" src=\"https:\/\/candlelightersinternational.org\/wp-content\/uploads\/2019\/11\/about_thumb2.jpg\" alt=\"\" width=\"195\" height=\"171\" \/>\n<h4>Candlelighters International existiert, um Gl\u00e4ubigen an Christus und anderen am Christentum Interessierten sorgf\u00e4ltig recherchierte Informationen und gut begr\u00fcndete Antworten und Hinweise auf verschiedene Aspekte der pers\u00f6nlichen Erbauung zu geben. Unser Ziel ist es, Gl\u00e4ubige in ihrem Glauben zu ermutigen und sie zu bef\u00e4higen, die christliche Lebensweise intelligent zu repr\u00e4sentieren und in die Praxis umzusetzen. Das Licht Gottes durch Jesus Christus in eine dunkle Welt leuchten lassen.<\/h4>\n<h3><span style=\"color: #993300;\"><em>Der Zustand der Welt<\/em><\/span><\/h3>\n<p><span style=\"color: #000000;\">Die heutige Welt hat im wahrsten biblischen Sinne noch nie eine starke Manifestation der Macht und F\u00fchrung Gottes, des Allm\u00e4chtigen, gebraucht. Betrachtet man den Zustand der Weltwirtschaft und den allgemeinen Zustand der Menschheit, k\u00f6nnte man sagen, dass die Menschheit noch nie an einem so gef\u00e4hrlichen Scheideweg stand. Manche werden sagen, dass die Menschheit mit all dem technologischen Fortschritt besser wird und besser in der Lage ist, sich selbst zu versorgen. Andere werden darauf hinweisen, dass der grobe Verfall des moralischen Gef\u00fcges des Planeten Erde sich als die zerst\u00f6rerische Kraft r\u00fcstet, die diese fortschrittlichen Technologien zur Zerst\u00f6rung der Menschheit kontrollieren wird. Sie werden uns zustimmen, dass Technologie an sich nicht schlecht ist, aber die Hand, die sie antreibt oder kontrolliert, bestimmt, ob sie zum Guten oder B\u00f6sen verwendet wird.<\/span><\/p>\n<p><span style=\"color: #000000;\">F\u00fcr eine Zeit, wie wir uns jetzt befinden, wurde die absolute Wahrheit und ihre Absolutheit in einem Sch\u00f6pfergott an den Rand gedr\u00e4ngt, und die relative Wahrheit und ihre relativistischen Tendenzen, alles was geht (your-truth- und my-truth-Syndrom), haben erfasst die Gedanken vieler. Daher ist es immer schwieriger geworden, B\u00f6ses und S\u00fcnde zu identifizieren. Das B\u00f6se gilt heute als gut und das Gute als b\u00f6se.<\/span><\/p>\n<p><span style=\"color: #000000;\">Was die Moral betrifft, so hat sich in F\u00e4llen, in denen die Parteien sogar versuchen, einen Konsens \u00fcber die Bedeutung des Wortes selbst zu erzielen, herausgestellt, dass \u201eMoral\u201c von pers\u00f6nlichen subjektiven Ansichten bestimmt wird. Das ganze Durcheinander im Denken und Handeln, das um uns herum stattfindet, zu verstehen, ist nicht nur f\u00fcr die heutigen Eltern eine schwierige Aufgabe; Schlimmer noch ist die Tatsache, dass ihre Kinder es aufgegeben haben. W\u00e4hrend Eltern sich in alles st\u00fcrzen, was zeitliche spirituelle Unterst\u00fctzung bietet, versuchen ihre Kinder, tats\u00e4chlich mit der spirituellen Welt zu spielen, auf eine gef\u00e4hrliche Weise, die sie nicht darauf vorbereitet, welchen Besucher sie von der gegen\u00fcberliegenden Seite einladen k\u00f6nnten.<\/span><\/p>\n<p><span style=\"color: #000000;\">F\u00fcr alle wachen Geister ist es offensichtlich, dass durch Gottes Vorsehung ein gegenw\u00e4rtiger Reset stattfindet; in der und durch die die echten biblischen Prinzipien, die alle Facetten unseres menschlichen Lebens betreffen, neu \u00fcberdacht werden, um unsere menschliche Existenz von der Selbstzerst\u00f6rung wegzulenken.<\/span><\/p>\n<p><span style=\"color: #000000;\">An diesem dunklen und gef\u00e4hrlichen Punkt der menschlichen Existenz ist f\u00fcr jedes zuh\u00f6rende Ohr offensichtlich, dass die gesamte Sch\u00f6pfung einschlie\u00dflich aller zutiefst rebellischen Herzen auf die Manifestation einer Art Retter wartet und sich danach sehnt \u2013 genau wie R\u00f6mer 8,19 andeutet.<\/span><\/p>\n<p><span style=\"color: #000000;\">Vor diesem Hintergrund ziehen wir als Netzwerk von Gl\u00e4ubigen alle Ressourcen zusammen, um die Aufgabe zu \u00fcbernehmen, den Menschen zu helfen, aus der chaotischen Situation einen Sinn zu machen, insbesondere in den heutigen Tagen massiver und exzessiver Informationsfluten.<\/span><\/p>\n<p><span style=\"color: #000000;\">Uns allen zu helfen, mit der S\u00fcnde, der Welt, dem Fleisch, dem nat\u00fcrlichen Leben usw. umzugehen, geh\u00f6rt zu unserem Wesen. Mit Gott, dem Allm\u00e4chtigen, in den rechten Stand einzutreten, ist unser ultimatives Ziel; und Seine Herrlichkeit in eine dunkle Welt auszustrahlen, ist unsere ultimative Aufgabe. Diese Aspekte machen einen Teil unserer Existenz aus.<br \/>\n<\/span><\/p>\n<h3><span style=\"color: #993300;\"><em>Der Staat der Kirche<\/em><\/span><\/h3>\n<p><span style=\"color: #000000;\">Mit fast allen sichtbaren Zeichen, die zeigen, dass sich die Prophezeiungen der letzten Tage in unserer Wache erf\u00fcllen, ist es offensichtlich, dass geistlicher Abfall auf globaler Ebene auch die Kirche schw\u00e4cht. Viele Kirchen kompromittieren jetzt die wahre Botschaft der Evangelien im Austausch f\u00fcr die Anerkennung der Welt. Viele Christen wissen nicht einmal, was sie glauben; rede weniger davon, es gegen jeden Angriff zu verteidigen. Diejenigen Christen in &#8220;abgefallenen Gemeinden&#8221;, die meinen zu wissen, wof\u00fcr sie stehen, sind v\u00f6llig eifrig f\u00fcr die falsche Wahrheit (L\u00fcgen des Teufels). Der Beweis des Abfalls ist in unseren Gesellschaften und Gemeinschaften zu sehen, die zunehmend ein allgemeines Gef\u00fchl der Gottlosigkeit widerspiegeln. Infolgedessen haben viele Gl\u00e4ubige heute aufgeh\u00f6rt, alle zusammen in die Kirche zu gehen. Die meisten haben das Gef\u00fchl, dass sie keinen Ort mehr haben, an den sie sich f\u00fcr die Wahrheit wenden k\u00f6nnen, die dem Wort Gottes eigen ist. Viele haben sich dazu entschlossen, ihre kleinen Hausgruppen (Hauskirchen) zu gr\u00fcnden. <\/span><\/p>\n<p><span style=\"color: #000000;\">Au\u00dferdem gibt es heute viele Menschen, die zu Christus kommen, ohne von oder durch die traditionellen Kirchenstrukturen betreut zu werden. Sie m\u00fcssen gest\u00e4rkt werden, damit sie durch Christus in der Kraft des Heiligen Geistes eine tiefere und gesunde geistliche Beziehung zu dem einen wahren Gott entwickeln und reifen k\u00f6nnen. Gerade diese Personengruppen brauchen eine fundierte lehrm\u00e4\u00dfige F\u00fchrung und Unterst\u00fctzung, um ketzerische Ableger zu vermeiden. Dies beinhaltet einen Teil dessen, warum wir existieren.<br \/>\n<\/span><\/p>\n<h3><span style=\"color: #993300;\"><em>Die Auswirkungen, die ein gut ausgestattetes christliches Leben in die Gemeinschaft bringen kann<\/em><\/span><\/h3>\n<p><span style=\"color: #000000;\">Christen glauben, dass sie einem Gott dienen, der allliebend, allm\u00e4chtig, allweise und allwissend ist und der das Silber und das Gold besitzt, der Macht gibt, um Reichtum zu machen. Der Gott, der alle Ressourcen besitzt und verwaltet, die erforderlich sind, um ein wirkungsvolles Leben auf der Erde zu hinterlassen und sich gleichzeitig auf die Ewigkeit vorzubereiten. Wenn dies der Fall ist, sollten Christen in allen oben genannten Bereichen an vorderster Front stehen. Wenn dies nicht der Fall ist, dann ist entweder Gott nicht das, was Ihm zugeschrieben wird, oder Christen zapfen nicht (oder verstehen nicht, wie sie anzapfen sollen), was Gott f\u00fcr sie hat.<\/span><\/p>\n<p><span style=\"color: #000000;\">Dieser Dienst, durch die Kraft und durch die Kraft des Heiligen Geistes, ist hier, um als Wegweiser und Erm\u00f6glicher zu dienen, um ein wirkungsvolles christliches Leben innerhalb ihrer Gemeinschaften, ihres Einflussbereichs, ihrer Karrieren, usw. Candlelighters International ist hier, um Christen bei der Entwicklung ihrer ganzen Person in Christus Jesus zu unterst\u00fctzen, im vollen Dienst an der Gesellschaft, um der Welt Gottes Herrlichkeit zu demonstrieren und zu offenbaren. Die Herrlichkeit des Himmels auf die Erde ausdehnen (auf der Erde wie im Himmel).<\/span><\/p>\n<p>&nbsp;<\/p>\n","protected":false},"excerpt":{"rendered":"<p>Warum es uns gibt Candlelighters International existiert, um Gl\u00e4ubigen an Christus und anderen am Christentum Interessierten sorgf\u00e4ltig recherchierte Informationen und gut begr\u00fcndete Antworten und Hinweise auf verschiedene Aspekte der pers\u00f6nlichen Erbauung zu geben. Unser Ziel ist es, Gl\u00e4ubige in ihrem Glauben zu ermutigen und sie zu bef\u00e4higen, die christliche Lebensweise intelligent zu repr\u00e4sentieren und in [&hellip;]<\/p>\n","protected":false},"author":1,"featured_media":0,"parent":1789,"menu_order":0,"comment_status":"closed","ping_status":"closed","template":"","meta":{"nf_dc_page":"","footnotes":""},"class_list":["post-1809","page","type-page","status-publish","hentry"],"_links":{"self":[{"href":"https:\/\/www.candlelightersinternational.org\/de\/wp-json\/wp\/v2\/pages\/1809","targetHints":{"allow":["GET"]}}],"collection":[{"href":"https:\/\/www.candlelightersinternational.org\/de\/wp-json\/wp\/v2\/pages"}],"about":[{"href":"https:\/\/www.candlelightersinternational.org\/de\/wp-json\/wp\/v2\/types\/page"}],"author":[{"embeddable":true,"href":"https:\/\/www.candlelightersinternational.org\/de\/wp-json\/wp\/v2\/users\/1"}],"replies":[{"embeddable":true,"href":"https:\/\/www.candlelightersinternational.org\/de\/wp-json\/wp\/v2\/comments?post=1809"}],"version-history":[{"count":4,"href":"https:\/\/www.candlelightersinternational.org\/de\/wp-json\/wp\/v2\/pages\/1809\/revisions"}],"predecessor-version":[{"id":3993,"href":"https:\/\/www.candlelightersinternational.org\/de\/wp-json\/wp\/v2\/pages\/1809\/revisions\/3993"}],"up":[{"embeddable":true,"href":"https:\/\/www.candlelightersinternational.org\/de\/wp-json\/wp\/v2\/pages\/1789"}],"wp:attachment":[{"href":"https:\/\/www.candlelightersinternational.org\/de\/wp-json\/wp\/v2\/media?parent=1809"}],"curies":[{"name":"wp","href":"https:\/\/api.w.org\/{rel}","templated":true}]}}