{"id":1832,"date":"2021-11-23T10:27:42","date_gmt":"2021-11-23T10:27:42","guid":{"rendered":"https:\/\/www.candlelightersinternational.org\/entschuldigend\/"},"modified":"2025-07-14T12:56:10","modified_gmt":"2025-07-14T12:56:10","slug":"entschuldigend","status":"publish","type":"page","link":"https:\/\/www.candlelightersinternational.org\/de\/entschuldigend\/","title":{"rendered":"Entschuldigend"},"content":{"rendered":"<h1>Entschuldigend<\/h1>\n<p><img loading=\"lazy\" decoding=\"async\" class=\"wp-image-1024 aligncenter\" src=\"https:\/\/candlelightersinternational.org\/wp-content\/uploads\/2020\/08\/defense1.png\" alt=\"\" width=\"744\" height=\"558\"><\/p>\n<p><span style=\"color: #000000;\"><strong>Candlelighters International als Zeiger und Brenner<\/strong><\/span><\/p>\n<p><span style=\"color: #000000;\">Bei Candlelighters International ist es unser Ziel innerhalb dieses Apologetischen Dienstes, nach den Richtlinien von 1. Petrus 3:11 zu arbeiten. Wir hoffen, Ihnen helfen zu k\u00f6nnen. Haben Sie <strong>keine Angst davor<\/strong> , <strong>Christus<\/strong> in Ihrem Herzen zu <strong>ehren<\/strong> , und seien Sie <strong>immer<\/strong> <strong>bereit<\/strong> , sich mit Sanftmut und Respekt f\u00fcr jeden <strong>aus einem Grund<\/strong> f\u00fcr das, was Sie glauben, zu <strong>verteidigen<\/strong> . <\/span><\/p>\n<p><span style=\"color: #000000;\">Wie der Herr uns f\u00fchrt, werden wir bei <strong>Candlelighters International<\/strong> versuchen, <strong>Ihren Lern- und Lernprozess zu erleichtern<\/strong> , indem wir als Hinweis darauf fungieren <strong>, wo Sie die Wahrheit finden k\u00f6nnen<\/strong> . Wir werden versuchen, f\u00fcr Sie <strong>als Destillateur zu fungieren<\/strong> ; hilft Ihnen, nicht wesentliche Informationen zu reduzieren oder fernzuhalten, die Ihre pers\u00f6nliche Entwicklung blockieren oder verlangsamen k\u00f6nnten.<br \/>\n<\/span><\/p>\n<p><span style=\"color: #000000;\"><img loading=\"lazy\" decoding=\"async\" class=\" wp-image-1023 alignright\" src=\"https:\/\/candlelightersinternational.org\/wp-content\/uploads\/2020\/08\/defense.png\" alt=\"\" width=\"288\" height=\"216\">Wir m\u00f6chten, dass Sie verstehen, dass wir offen f\u00fcr neue Offenbarungen von Gott bleiben, die sich auf bestimmte Themen beziehen, die eine andere Sichtweise zu den behandelten Schl\u00fcsselthemen zu bieten scheinen.<\/span><\/p>\n<p><span style=\"color: #000000;\">Kommen Sie immer wieder auf diese Plattform, um so viel wie m\u00f6glich zu lesen. Wir geben Ihnen auch Hinweise, wie und wo Sie die hier vorgestellten Schl\u00fcsselthemen studieren k\u00f6nnen. <\/span><span style=\"color: #000000;\"><strong>Werden Sie Mitglied<\/strong> und treten Sie dem Club bei.<\/span><\/p>\n<p><span style=\"color: #000000;\"><strong>Geniesse die Reise!<\/strong><\/span><\/p>\n","protected":false},"excerpt":{"rendered":"<p>Entschuldigend Candlelighters International als Zeiger und Brenner Bei Candlelighters International ist es unser Ziel innerhalb dieses Apologetischen Dienstes, nach den Richtlinien von 1. Petrus 3:11 zu arbeiten. Wir hoffen, Ihnen helfen zu k\u00f6nnen. Haben Sie keine Angst davor , Christus in Ihrem Herzen zu ehren , und seien Sie immer bereit , sich mit Sanftmut [&hellip;]<\/p>\n","protected":false},"author":1,"featured_media":0,"parent":0,"menu_order":0,"comment_status":"closed","ping_status":"closed","template":"page-templates\/apologetic-page.php","meta":{"nf_dc_page":"","footnotes":""},"class_list":["post-1832","page","type-page","status-publish","hentry"],"_links":{"self":[{"href":"https:\/\/www.candlelightersinternational.org\/de\/wp-json\/wp\/v2\/pages\/1832","targetHints":{"allow":["GET"]}}],"collection":[{"href":"https:\/\/www.candlelightersinternational.org\/de\/wp-json\/wp\/v2\/pages"}],"about":[{"href":"https:\/\/www.candlelightersinternational.org\/de\/wp-json\/wp\/v2\/types\/page"}],"author":[{"embeddable":true,"href":"https:\/\/www.candlelightersinternational.org\/de\/wp-json\/wp\/v2\/users\/1"}],"replies":[{"embeddable":true,"href":"https:\/\/www.candlelightersinternational.org\/de\/wp-json\/wp\/v2\/comments?post=1832"}],"version-history":[{"count":2,"href":"https:\/\/www.candlelightersinternational.org\/de\/wp-json\/wp\/v2\/pages\/1832\/revisions"}],"predecessor-version":[{"id":3862,"href":"https:\/\/www.candlelightersinternational.org\/de\/wp-json\/wp\/v2\/pages\/1832\/revisions\/3862"}],"wp:attachment":[{"href":"https:\/\/www.candlelightersinternational.org\/de\/wp-json\/wp\/v2\/media?parent=1832"}],"curies":[{"name":"wp","href":"https:\/\/api.w.org\/{rel}","templated":true}]}}