{"id":1839,"date":"2019-11-06T13:26:13","date_gmt":"2019-11-06T13:26:13","guid":{"rendered":"https:\/\/www.candlelightersinternational.org\/ueber-uns\/was-wir-tun\/"},"modified":"2025-07-17T12:30:52","modified_gmt":"2025-07-17T12:30:52","slug":"was-wir-tun","status":"publish","type":"page","link":"https:\/\/www.candlelightersinternational.org\/de\/was-wir-tun\/","title":{"rendered":"Strategische Dienste"},"content":{"rendered":"<h1>Strategische Dienste<\/h1>\n<img loading=\"lazy\" decoding=\"async\" class=\"size-full wp-image-147 alignleft\" src=\"https:\/\/candlelightersinternational.org\/wp-content\/uploads\/2019\/11\/about_thumb3.jpg\" alt=\"\" width=\"195\" height=\"171\" \/><img loading=\"lazy\" decoding=\"async\" class=\"size-medium wp-image-148 alignleft\" src=\"https:\/\/candlelightersinternational.org\/wp-content\/uploads\/2019\/11\/about_thumb1.jpg\" alt=\"\" width=\"195\" height=\"171\" \/><img loading=\"lazy\" decoding=\"async\" class=\"size-medium wp-image-149 alignleft\" src=\"https:\/\/candlelightersinternational.org\/wp-content\/uploads\/2019\/11\/about_thumb2.jpg\" alt=\"\" width=\"195\" height=\"171\" \/>\n<p><span style=\"color: #000000;\">Als christlicher Dienstleister konzentriert sich das Netzwerk von Candlelighters International auf die Bereitstellung von zwei Arten von Dienstleistungen f\u00fcr den Leib Christi und die allgemeine \u00d6ffentlichkeit: <strong>1) Informationsdienste<\/strong> und <strong>2) praktische Hilfsdienste.<\/strong><\/span><\/p>\n<ul>\n<li><span style=\"color: #000000;\"><span style=\"color: #ff6600;\"><strong>Informationsdienste:<\/strong><\/span> Durch diesen Dienst erhalten Christusgl\u00e4ubige und andere am Christentum Interessierten sorgf\u00e4ltig recherchierte Informationen und fundierte Antworten und Hinweise auf verschiedene Bereiche des ganzheitlichen Lebens im Kontext einer christlichen Weltanschauung. Dieser Dienst konzentriert sich darauf, den Gl\u00e4ubigen zu helfen, zu erkennen, wie sich die Wahrheit, die dem Wort Gottes eigen ist, auf und mit allen Bereichen und Aspekten des Lebens und des Lebens bezieht. Der Dienst ist bestrebt, die Fragmentierung und Kompartimentierung von Wissen zu reduzieren, die in der zeitgen\u00f6ssischen Bildung, Gesellschaft und sogar in den geschw\u00e4chten Bereichen der zeitgen\u00f6ssischen christlichen Kirche existieren.<\/span><\/li>\n<\/ul>\n<p><span style=\"color: #000000;\">Die Informationsdienste umfassen die folgenden breiten Bereiche:<\/span><\/p>\n<ol>\n<li><span style=\"color: #000000;\">Forschung und Informationsverbreitung<\/span><\/li>\n<li><span style=\"color: #000000;\">Organisation von Konferenzen und Events<br \/>\n<\/span><\/li>\n<li><span style=\"color: #000000;\">Online-Studium<\/span><\/li>\n<\/ol>\n<p><span style=\"color: #000000;\">SIE sind unsere erste Zielgruppe. Im Rahmen dieses Dienstes stellen wir Informationen zur Verf\u00fcgung, die den ganzen Menschen in allen Aspekten seiner Berufung aufbauen, Gott zu verherrlichen und der Menschheit in der F\u00fclle der Gnade Gottes auf ihrem Leben zu dienen.<\/span><\/p>\n<p><span style=\"color: #000000;\">Dieser Service wird unserer Zielgruppe \u00fcber verschiedene Medien zur Verf\u00fcgung gestellt, die wir f\u00fcr effektiv halten.<\/span><\/p>\n<ul>\n<li><span style=\"color: #000000;\"><span style=\"color: #ff6600;\"><strong>Praktische Hilfsdienste:<\/strong><\/span> Durch diesen Dienst erhalten Gl\u00e4ubige die M\u00f6glichkeit, ihren Glauben durch innovative Wege in die Tat umzusetzen, die ihnen in der Vergangenheit vielleicht nie vorgestellt wurden. W\u00e4hrend wir auf Gott h\u00f6ren, um die Berufungen und Dienste der lokalen Gemeinschaft in unserem Netzwerk zu erkennen, entwickeln wir aktiv Dienstkan\u00e4le, um die Durchf\u00fchrung oder Umsetzung solcher lokalen Aktionen zu erleichtern. Dieser besondere Dienst von Candlelighters International bleibt dynamisch und erweitert sich st\u00e4ndig, w\u00e4hrend die Lords durch die erbauten Heiligen sprechen und handeln. Aus einer breiteren Sicht konzentriert sich das Netzwerk von Candlelighters International auf praktische Hilfsdienste, die:<\/span>\n<ol>\n<li><span style=\"color: #000000;\"> Identifizieren und erf\u00fcllen Sie die Bed\u00fcrfnisse der \u00fcberforderten und unterversorgten<\/span><\/li>\n<li><span style=\"color: #000000;\"> Richten Sie Dienstzentren in der Umgebung ein, in die Menschen kommen, um ihre geistigen und k\u00f6rperlichen Bed\u00fcrfnisse zu befriedigen.<\/span><\/li>\n<li><span style=\"color: #000000;\"> Verbinden Sie die Gl\u00e4ubigen, um ihre t\u00e4glichen spirituellen und physischen Bed\u00fcrfnisse effektiv zu befriedigen, w\u00e4hrend Sie Ressourcen und F\u00e4higkeiten sorgf\u00e4ltig nutzen und teilen.<\/span><\/li>\n<li><span style=\"color: #000000;\"> Entwicklung biblischer Produkte und Dienstleistungen, um das Leben von Einzelpersonen und Familien zu verbessern.<\/span><\/li>\n<li><span style=\"color: #000000;\"> Bieten Sie professionelle F\u00fchrung und pers\u00f6nliche Entwicklung mit einer starken christlichen Weltanschauung.<\/span><\/li>\n<li><span style=\"color: #000000;\"> Junge christliche Fachkr\u00e4fte und Unternehmer in das Gesch\u00e4ft bringen, Ressourcen und Gelegenheiten zu erl\u00f6sen, die f\u00fcr die Umwandlung von Gemeinschaften und Leben zur Ehre Gottes unerl\u00e4sslich sind.<\/span><\/li>\n<\/ol>\n<\/li>\n<\/ul>\n","protected":false},"excerpt":{"rendered":"<p>Strategische Dienste Als christlicher Dienstleister konzentriert sich das Netzwerk von Candlelighters International auf die Bereitstellung von zwei Arten von Dienstleistungen f\u00fcr den Leib Christi und die allgemeine \u00d6ffentlichkeit: 1) Informationsdienste und 2) praktische Hilfsdienste. Informationsdienste: Durch diesen Dienst erhalten Christusgl\u00e4ubige und andere am Christentum Interessierten sorgf\u00e4ltig recherchierte Informationen und fundierte Antworten und Hinweise auf verschiedene [&hellip;]<\/p>\n","protected":false},"author":1,"featured_media":0,"parent":0,"menu_order":0,"comment_status":"closed","ping_status":"closed","template":"","meta":{"nf_dc_page":"","footnotes":""},"class_list":["post-1839","page","type-page","status-publish","hentry"],"_links":{"self":[{"href":"https:\/\/www.candlelightersinternational.org\/de\/wp-json\/wp\/v2\/pages\/1839","targetHints":{"allow":["GET"]}}],"collection":[{"href":"https:\/\/www.candlelightersinternational.org\/de\/wp-json\/wp\/v2\/pages"}],"about":[{"href":"https:\/\/www.candlelightersinternational.org\/de\/wp-json\/wp\/v2\/types\/page"}],"author":[{"embeddable":true,"href":"https:\/\/www.candlelightersinternational.org\/de\/wp-json\/wp\/v2\/users\/1"}],"replies":[{"embeddable":true,"href":"https:\/\/www.candlelightersinternational.org\/de\/wp-json\/wp\/v2\/comments?post=1839"}],"version-history":[{"count":5,"href":"https:\/\/www.candlelightersinternational.org\/de\/wp-json\/wp\/v2\/pages\/1839\/revisions"}],"predecessor-version":[{"id":4003,"href":"https:\/\/www.candlelightersinternational.org\/de\/wp-json\/wp\/v2\/pages\/1839\/revisions\/4003"}],"wp:attachment":[{"href":"https:\/\/www.candlelightersinternational.org\/de\/wp-json\/wp\/v2\/media?parent=1839"}],"curies":[{"name":"wp","href":"https:\/\/api.w.org\/{rel}","templated":true}]}}