{"id":1846,"date":"2019-12-05T08:22:47","date_gmt":"2019-12-05T08:22:47","guid":{"rendered":"https:\/\/www.candlelightersinternational.org\/ueber-uns\/freiwilliger\/moeglichkeiten-der-freiwilligenarbeit\/"},"modified":"2025-07-24T06:24:01","modified_gmt":"2025-07-24T06:24:01","slug":"moeglichkeiten-der-freiwilligenarbeit","status":"publish","type":"page","link":"https:\/\/www.candlelightersinternational.org\/de\/was-wir-tun-2\/freiwilliger\/moeglichkeiten-der-freiwilligenarbeit\/","title":{"rendered":"M\u00f6glichkeiten der Freiwilligenarbeit"},"content":{"rendered":"<h1>M\u00f6glichkeiten der Freiwilligenarbeit<\/h1>\n<p><span style=\"color: #000000;\">Vielen Dank f\u00fcr Ihr Interesse an der Arbeit von Candlelighters International. <\/span><\/p>\n<p><span style=\"color: #000000;\">Der Besuch dieser Seiten zeigt Ihr Interesse, mit Ihrer Zeit, Ihren F\u00e4higkeiten und Ihrem Fachwissen zur Erf\u00fcllung des Mandats dieser Organisation beizutragen. Wir empfehlen Ihnen, diese Seite regelm\u00e4\u00dfig zu besuchen, um sich \u00fcber die verf\u00fcgbaren M\u00f6glichkeiten zu informieren. <\/span><\/p>\n<p><span style=\"color: #000000;\">Sollten Sie einmal nicht gesehen haben, was f\u00fcr Sie von Interesse ist, z\u00f6gern Sie bitte nicht, <span style=\"color: #0000ff;\"><a style=\"color: #0000ff;\" href=\"https:\/\/www.candlelightersinternational.org\/de\/ueber-uns\/kontaktiere-uns\/\">uns direkt zu kontaktieren<\/a><\/span> , damit wir gemeinsam besprechen k\u00f6nnen, wie wir Ihre personellen Ressourcen besser einsetzen k\u00f6nnen.<\/span><\/p>\n","protected":false},"excerpt":{"rendered":"<p>M\u00f6glichkeiten der Freiwilligenarbeit Vielen Dank f\u00fcr Ihr Interesse an der Arbeit von Candlelighters International. Der Besuch dieser Seiten zeigt Ihr Interesse, mit Ihrer Zeit, Ihren F\u00e4higkeiten und Ihrem Fachwissen zur Erf\u00fcllung des Mandats dieser Organisation beizutragen. Wir empfehlen Ihnen, diese Seite regelm\u00e4\u00dfig zu besuchen, um sich \u00fcber die verf\u00fcgbaren M\u00f6glichkeiten zu informieren. Sollten Sie einmal [&hellip;]<\/p>\n","protected":false},"author":1,"featured_media":0,"parent":1824,"menu_order":0,"comment_status":"closed","ping_status":"closed","template":"page-templates\/volunteering-opportunities-page.php","meta":{"nf_dc_page":"","footnotes":""},"class_list":["post-1846","page","type-page","status-publish","hentry"],"_links":{"self":[{"href":"https:\/\/www.candlelightersinternational.org\/de\/wp-json\/wp\/v2\/pages\/1846","targetHints":{"allow":["GET"]}}],"collection":[{"href":"https:\/\/www.candlelightersinternational.org\/de\/wp-json\/wp\/v2\/pages"}],"about":[{"href":"https:\/\/www.candlelightersinternational.org\/de\/wp-json\/wp\/v2\/types\/page"}],"author":[{"embeddable":true,"href":"https:\/\/www.candlelightersinternational.org\/de\/wp-json\/wp\/v2\/users\/1"}],"replies":[{"embeddable":true,"href":"https:\/\/www.candlelightersinternational.org\/de\/wp-json\/wp\/v2\/comments?post=1846"}],"version-history":[{"count":3,"href":"https:\/\/www.candlelightersinternational.org\/de\/wp-json\/wp\/v2\/pages\/1846\/revisions"}],"predecessor-version":[{"id":4150,"href":"https:\/\/www.candlelightersinternational.org\/de\/wp-json\/wp\/v2\/pages\/1846\/revisions\/4150"}],"up":[{"embeddable":true,"href":"https:\/\/www.candlelightersinternational.org\/de\/wp-json\/wp\/v2\/pages\/1824"}],"wp:attachment":[{"href":"https:\/\/www.candlelightersinternational.org\/de\/wp-json\/wp\/v2\/media?parent=1846"}],"curies":[{"name":"wp","href":"https:\/\/api.w.org\/{rel}","templated":true}]}}