{"id":1854,"date":"2019-11-06T13:24:37","date_gmt":"2019-11-06T13:24:37","guid":{"rendered":"https:\/\/www.candlelightersinternational.org\/verwaltung-2\/"},"modified":"2025-07-14T12:54:07","modified_gmt":"2025-07-14T12:54:07","slug":"verwaltung-2","status":"publish","type":"page","link":"https:\/\/www.candlelightersinternational.org\/de\/was-wir-tun-2\/wie-wir-arbeiten\/verwaltung-2\/","title":{"rendered":"Verwaltung"},"content":{"rendered":"<h1>Verwaltung<\/h1>\n<p><span style=\"color: #000000;\">Candlelighters International (CI) ist eine gemeinn\u00fctzige Organisation mit einem Governing Council als h\u00f6chstem Leitungsgremium. CI wird von einem Vorstand verwaltet, der f\u00fcr treuh\u00e4nderische, Compliance-, rechtliche und strategische Angelegenheiten verantwortlich ist. Das Tagesgesch\u00e4ft wird einer Gruppe von F\u00fchrungskr\u00e4ften anvertraut, die ihre einzigartigen geistlichen, kreativen, beruflichen und unternehmerischen Gaben und Erfahrungen einsetzen, um Programme, Projekte und Initiativen zu entwickeln, die<em>die CI-Mitglieder<\/em><em> besser <\/em><em>mit der Wahrheit des Wortes Gottes<\/em><em> ausr\u00fcsten, ermutigen und st\u00e4rken <\/em><em>, damit sie dessen Gebote ausleben und die Fr\u00fcchte des Geistes<\/em> in ihren H\u00e4usern, Gemeinden, Regionen und Nationen<em>manifestieren<\/em> k\u00f6nnen.  <\/span><\/p>\n","protected":false},"excerpt":{"rendered":"<p>Verwaltung Candlelighters International (CI) ist eine gemeinn\u00fctzige Organisation mit einem Governing Council als h\u00f6chstem Leitungsgremium. CI wird von einem Vorstand verwaltet, der f\u00fcr treuh\u00e4nderische, Compliance-, rechtliche und strategische Angelegenheiten verantwortlich ist. Das Tagesgesch\u00e4ft wird einer Gruppe von F\u00fchrungskr\u00e4ften anvertraut, die ihre einzigartigen geistlichen, kreativen, beruflichen und unternehmerischen Gaben und Erfahrungen einsetzen, um Programme, Projekte und [&hellip;]<\/p>\n","protected":false},"author":1,"featured_media":0,"parent":1870,"menu_order":0,"comment_status":"closed","ping_status":"closed","template":"page-templates\/management-page.php","meta":{"footnotes":""},"class_list":["post-1854","page","type-page","status-publish","hentry"],"_links":{"self":[{"href":"https:\/\/www.candlelightersinternational.org\/de\/wp-json\/wp\/v2\/pages\/1854","targetHints":{"allow":["GET"]}}],"collection":[{"href":"https:\/\/www.candlelightersinternational.org\/de\/wp-json\/wp\/v2\/pages"}],"about":[{"href":"https:\/\/www.candlelightersinternational.org\/de\/wp-json\/wp\/v2\/types\/page"}],"author":[{"embeddable":true,"href":"https:\/\/www.candlelightersinternational.org\/de\/wp-json\/wp\/v2\/users\/1"}],"replies":[{"embeddable":true,"href":"https:\/\/www.candlelightersinternational.org\/de\/wp-json\/wp\/v2\/comments?post=1854"}],"version-history":[{"count":2,"href":"https:\/\/www.candlelightersinternational.org\/de\/wp-json\/wp\/v2\/pages\/1854\/revisions"}],"predecessor-version":[{"id":3724,"href":"https:\/\/www.candlelightersinternational.org\/de\/wp-json\/wp\/v2\/pages\/1854\/revisions\/3724"}],"up":[{"embeddable":true,"href":"https:\/\/www.candlelightersinternational.org\/de\/wp-json\/wp\/v2\/pages\/1870"}],"wp:attachment":[{"href":"https:\/\/www.candlelightersinternational.org\/de\/wp-json\/wp\/v2\/media?parent=1854"}],"curies":[{"name":"wp","href":"https:\/\/api.w.org\/{rel}","templated":true}]}}