{"id":1861,"date":"2021-11-23T10:27:58","date_gmt":"2021-11-23T10:27:58","guid":{"rendered":"https:\/\/www.candlelightersinternational.org\/reichweite\/"},"modified":"2025-07-14T12:56:08","modified_gmt":"2025-07-14T12:56:08","slug":"reichweite","status":"publish","type":"page","link":"https:\/\/www.candlelightersinternational.org\/de\/reichweite\/","title":{"rendered":"Reichweite"},"content":{"rendered":"<h1>Reichweite<\/h1>\n<p><img loading=\"lazy\" decoding=\"async\" class=\"wp-image-899 size-full aligncenter\" src=\"https:\/\/candlelightersinternational.org\/wp-content\/uploads\/2020\/07\/outreach.png\" alt=\"\" width=\"1920\" height=\"855\"><\/p>\n<h3><strong><span style=\"color: #000000;\">Unsere Outreach-Aktionen, -Aktivit\u00e4ten und -Programme sind speziell auf innovative evangelistische Ans\u00e4tze ausgerichtet, um Ungl\u00e4ubigen, Entmutigten und Verletzten das Evangelium von Christus Jesus zu bringen. <\/span><\/strong><\/h3>\n<h3><strong><span style=\"color: #000000;\">Wir verfolgen verschiedene Ans\u00e4tze, um die lebendige Kraft des Evangeliums in unsere Familien und Gemeinschaften zu bringen, im Einklang mit dem Gro\u00dfen Auftrag.<\/span><br \/>\n<\/strong><\/h3>\n","protected":false},"excerpt":{"rendered":"<p>Reichweite Unsere Outreach-Aktionen, -Aktivit\u00e4ten und -Programme sind speziell auf innovative evangelistische Ans\u00e4tze ausgerichtet, um Ungl\u00e4ubigen, Entmutigten und Verletzten das Evangelium von Christus Jesus zu bringen. Wir verfolgen verschiedene Ans\u00e4tze, um die lebendige Kraft des Evangeliums in unsere Familien und Gemeinschaften zu bringen, im Einklang mit dem Gro\u00dfen Auftrag.<\/p>\n","protected":false},"author":1,"featured_media":0,"parent":0,"menu_order":0,"comment_status":"closed","ping_status":"closed","template":"page-templates\/outreach-page.php","meta":{"nf_dc_page":"","footnotes":""},"class_list":["post-1861","page","type-page","status-publish","hentry"],"_links":{"self":[{"href":"https:\/\/www.candlelightersinternational.org\/de\/wp-json\/wp\/v2\/pages\/1861","targetHints":{"allow":["GET"]}}],"collection":[{"href":"https:\/\/www.candlelightersinternational.org\/de\/wp-json\/wp\/v2\/pages"}],"about":[{"href":"https:\/\/www.candlelightersinternational.org\/de\/wp-json\/wp\/v2\/types\/page"}],"author":[{"embeddable":true,"href":"https:\/\/www.candlelightersinternational.org\/de\/wp-json\/wp\/v2\/users\/1"}],"replies":[{"embeddable":true,"href":"https:\/\/www.candlelightersinternational.org\/de\/wp-json\/wp\/v2\/comments?post=1861"}],"version-history":[{"count":2,"href":"https:\/\/www.candlelightersinternational.org\/de\/wp-json\/wp\/v2\/pages\/1861\/revisions"}],"predecessor-version":[{"id":3860,"href":"https:\/\/www.candlelightersinternational.org\/de\/wp-json\/wp\/v2\/pages\/1861\/revisions\/3860"}],"wp:attachment":[{"href":"https:\/\/www.candlelightersinternational.org\/de\/wp-json\/wp\/v2\/media?parent=1861"}],"curies":[{"name":"wp","href":"https:\/\/api.w.org\/{rel}","templated":true}]}}