{"id":1870,"date":"2019-11-06T13:23:39","date_gmt":"2019-11-06T13:23:39","guid":{"rendered":"https:\/\/www.candlelightersinternational.org\/ueber-uns\/wie-wir-arbeiten\/"},"modified":"2025-07-17T12:33:03","modified_gmt":"2025-07-17T12:33:03","slug":"wie-wir-arbeiten","status":"publish","type":"page","link":"https:\/\/www.candlelightersinternational.org\/de\/was-wir-tun-2\/wie-wir-arbeiten\/","title":{"rendered":"Wie wir arbeiten"},"content":{"rendered":"<h1>Wie wir arbeiten<\/h1>\n<img loading=\"lazy\" decoding=\"async\" class=\"size-full wp-image-147 alignleft\" src=\"https:\/\/candlelightersinternational.org\/wp-content\/uploads\/2019\/11\/about_thumb3.jpg\" alt=\"\" width=\"195\" height=\"171\" \/><img loading=\"lazy\" decoding=\"async\" class=\"size-medium wp-image-148 alignleft\" src=\"https:\/\/candlelightersinternational.org\/wp-content\/uploads\/2019\/11\/about_thumb1.jpg\" alt=\"\" width=\"195\" height=\"171\" \/><img loading=\"lazy\" decoding=\"async\" class=\"size-medium wp-image-149 alignleft\" src=\"https:\/\/candlelightersinternational.org\/wp-content\/uploads\/2019\/11\/about_thumb2.jpg\" alt=\"\" width=\"195\" height=\"171\" \/>\n<p><span style=\"color: #000000;\">Als christlicher Dienstleister konzentrieren wir uns darauf, die Art von Ver\u00e4nderungen herbeizuf\u00fchren, die den Menschen helfen, rechtschaffen zu leben, indem wir anderen und auch innerhalb ihrer Gemeinschaften insgesamt Gottes Herrlichkeit und Segnungen offenbaren. Um dies zu erreichen, verfolgen wir einen Ansatz, durch den wir (durch die F\u00fchrung des Wortes Gottes und des Heiligen Geistes) <strong>versuchen, die wichtigsten Herausforderungen zu verstehen<\/strong> , die bestimmte in Betracht gezogene Interessengebiete plagen. Wir <strong>h\u00f6ren dann zu und lernen, m\u00f6gliche L\u00f6sungen und Lieferkan\u00e4le zur Bew\u00e4ltigung von Herausforderungen zu identifizieren<\/strong> . Schlie\u00dflich gleichen wir <strong>verf\u00fcgbare ministerielle Berufungen und Erfahrungen ab<\/strong> , um Ressourcen zu entwickeln und zu generieren, um solche Herausforderungen anzugehen.<\/span><\/p>\n<h2 style=\"text-align: center;\"><span style=\"color: #000000;\"><strong>Unser Vorgehen<\/strong><\/span><\/h2>\n<img loading=\"lazy\" decoding=\"async\" class=\"wp-image-865 size-full aligncenter\" src=\"https:\/\/candlelightersinternational.org\/wp-content\/uploads\/2020\/07\/Our-Approach-Icon.png\" alt=\"\" width=\"535\" height=\"348\" \/>\n<p><span style=\"color: #000000;\">Unsere ultimative Frage: <strong>Wie k\u00f6nnen wir Ihnen helfen, mehr zu tun?<\/strong><\/span><\/p>\n<h2><span style=\"color: #000000;\"><strong>Unsere Partnerschaften<\/strong><\/span><\/h2>\n<p><span style=\"color: #000000;\">Bei unserer Arbeit arbeiten wir direkt mit Gl\u00e4ubigen und anderen gleichgesinnten Partnerinstitutionen zusammen. Wir arbeiten gemeinsam daran, dem gro\u00dfen Auftrag unseres Herrn Jesus zu gehorchen. Wir bem\u00fchen uns, auf neue L\u00f6sungen zu dr\u00e4ngen und gleichzeitig die bahnbrechende Kraft der B\u00fcndelung unserer gemeinsamen Ressourcen und Talente zu nutzen, um transformative Ver\u00e4nderungen im Leben von Einzelpersonen und Gemeinschaften innerhalb von Nationen herbeizuf\u00fchren.<\/span><\/p>\n<p><span style=\"color: #000000;\">Unsere Partnerschaften, Programme und Projekte sind alle so strukturiert und entwickelt, dass sie schwierige und vernachl\u00e4ssigte Probleme aus einer kompromisslosen christlichen Sichtweise angehen.<\/span><\/p>\n<h2><strong><span style=\"color: #000000;\">Unser Fokus<\/span><\/strong><\/h2>\n<p><span style=\"color: #000000;\">Um auf die identifizierten relevanten Probleme hinzuarbeiten, bem\u00fchen wir uns, uns als Gef\u00e4\u00dfe f\u00fcr den Gebrauch des Heiligen Geistes hinzugeben. Im Gehorsam arbeiten mit:<\/span><\/p>\n<ol>\n<li><span style=\"color: #000000;\">Ein Gef\u00fchl der Dringlichkeit, die Verlorenen, Verletzten oder Armen zu suchen und zu unterst\u00fctzen,<\/span><\/li>\n<li><span style=\"color: #000000;\">Adaptive und flexible Ans\u00e4tze, die es uns unter der F\u00fchrung des Geistes erm\u00f6glichen, Lernen und Wissen sowie Ressourcen zu maximieren,<\/span><\/li>\n<li><span style=\"color: #000000;\">Eine Reihe von philanthropischen und kostensenkenden Ans\u00e4tzen, sofern angemessen, um Mitgliedern, anderen Beg\u00fcnstigten und Partnern den gr\u00f6\u00dftm\u00f6glichen Nutzen zu bieten,<\/span><\/li>\n<\/ol>\n","protected":false},"excerpt":{"rendered":"<p>Wie wir arbeiten Als christlicher Dienstleister konzentrieren wir uns darauf, die Art von Ver\u00e4nderungen herbeizuf\u00fchren, die den Menschen helfen, rechtschaffen zu leben, indem wir anderen und auch innerhalb ihrer Gemeinschaften insgesamt Gottes Herrlichkeit und Segnungen offenbaren. Um dies zu erreichen, verfolgen wir einen Ansatz, durch den wir (durch die F\u00fchrung des Wortes Gottes und des [&hellip;]<\/p>\n","protected":false},"author":1,"featured_media":0,"parent":3746,"menu_order":0,"comment_status":"closed","ping_status":"closed","template":"","meta":{"nf_dc_page":"","footnotes":""},"class_list":["post-1870","page","type-page","status-publish","hentry"],"_links":{"self":[{"href":"https:\/\/www.candlelightersinternational.org\/de\/wp-json\/wp\/v2\/pages\/1870","targetHints":{"allow":["GET"]}}],"collection":[{"href":"https:\/\/www.candlelightersinternational.org\/de\/wp-json\/wp\/v2\/pages"}],"about":[{"href":"https:\/\/www.candlelightersinternational.org\/de\/wp-json\/wp\/v2\/types\/page"}],"author":[{"embeddable":true,"href":"https:\/\/www.candlelightersinternational.org\/de\/wp-json\/wp\/v2\/users\/1"}],"replies":[{"embeddable":true,"href":"https:\/\/www.candlelightersinternational.org\/de\/wp-json\/wp\/v2\/comments?post=1870"}],"version-history":[{"count":3,"href":"https:\/\/www.candlelightersinternational.org\/de\/wp-json\/wp\/v2\/pages\/1870\/revisions"}],"predecessor-version":[{"id":4004,"href":"https:\/\/www.candlelightersinternational.org\/de\/wp-json\/wp\/v2\/pages\/1870\/revisions\/4004"}],"up":[{"embeddable":true,"href":"https:\/\/www.candlelightersinternational.org\/de\/wp-json\/wp\/v2\/pages\/3746"}],"wp:attachment":[{"href":"https:\/\/www.candlelightersinternational.org\/de\/wp-json\/wp\/v2\/media?parent=1870"}],"curies":[{"name":"wp","href":"https:\/\/api.w.org\/{rel}","templated":true}]}}