{"id":1873,"date":"2019-11-06T13:22:12","date_gmt":"2019-11-06T13:22:12","guid":{"rendered":"https:\/\/www.candlelightersinternational.org\/ueber-uns\/wer-wir-sind\/"},"modified":"2025-07-17T12:11:11","modified_gmt":"2025-07-17T12:11:11","slug":"wer-wir-sind","status":"publish","type":"page","link":"https:\/\/www.candlelightersinternational.org\/de\/ueber-uns\/wer-wir-sind\/","title":{"rendered":"Wer wir sind"},"content":{"rendered":"<h1>Wer wir sind<\/h1>\n<img loading=\"lazy\" decoding=\"async\" class=\"size-full wp-image-147 alignleft\" src=\"https:\/\/candlelightersinternational.org\/wp-content\/uploads\/2019\/11\/about_thumb3.jpg\" alt=\"\" width=\"195\" height=\"171\" \/><img loading=\"lazy\" decoding=\"async\" class=\"size-medium wp-image-148 alignleft\" src=\"https:\/\/candlelightersinternational.org\/wp-content\/uploads\/2019\/11\/about_thumb1.jpg\" alt=\"\" width=\"195\" height=\"171\" \/><img loading=\"lazy\" decoding=\"async\" class=\"size-medium wp-image-149 alignleft\" src=\"https:\/\/candlelightersinternational.org\/wp-content\/uploads\/2019\/11\/about_thumb2.jpg\" alt=\"\" width=\"195\" height=\"171\" \/>\n<p><span style=\"color: #000000;\">Wir sind ein Netzwerk von Gl\u00e4ubigen, das unsere Ressourcen (Talente, F\u00e4higkeiten, Berufung, Dienste usw.) f\u00fcr den allgemeinen Dienst am Leib Christi zusammenf\u00fchrt. Als Glaubensgemeinschaft innerhalb einer Glaubensgemeinschaft erkennen wir an, dass die Evangeliumsbotschaft Jesu Christi die Kraft hat, das Leben eines Menschen zum Guten zu ver\u00e4ndern und Gemeinschaften zu ver\u00e4ndern. Angesichts des moralischen Verfalls der Gesellschaft sind wir jedoch der Meinung, dass mit der sogenannten christlichen Botschaft, die heute in unseren Gesellschaften gepredigt, verstanden und umgesetzt wird, etwas nicht stimmt. <\/span><\/p>\n<p><span style=\"color: #000000;\">Aus diesem Grund haben wir uns entschlossen, uns gegenseitig zu ermutigen, zur Wurzel des Wortes Gottes (seinen Lehren) und Gebote) lebenswichtig f\u00fcr unser t\u00e4gliches Leben und unsere Beziehungen.<br \/>\n<\/span><\/p>\n<p><span style=\"color: #000000;\">Wir glauben an das <strong>Priestertum aller Gl\u00e4ubigen<\/strong> . Daher sollten die Gl\u00e4ubigen ihre Erl\u00f6sung mit der Liebe und der Furcht Gottes verwirklichen. Der Br\u00fcckenschlag zwischen den Generationen ist daher ein zentraler Bestandteil unseres Auftrags. Unsere Idee ist es nicht, eine Kirche, ein Seminar oder ein Bibelinstitut zu gr\u00fcnden, sondern durch die Gnade Gottes und durch die Kraft des Heiligen Geistes eine Plattform oder ein Zentrum zu schaffen, das f\u00fcr die Leitung und Hervorbringung von bevollm\u00e4chtigten Personen von entscheidender Bedeutung ist, die verstehen, wie man ein Leben f\u00fchrt gesundes Leben in der Freude des Heiligen Geistes. Wir sind daher aktiv daran beteiligt, Wege zu finden, um Christen im Hinblick auf ihre pers\u00f6nliche Erbauung besser zu unterst\u00fctzen. <\/span><\/p>\n<p><span style=\"color: #000000;\">Wir suchen auch nach Wegen, Christen zu helfen, ihre Zeit in der Gegenwart Gottes zu verl\u00e4ngern: entweder durch das Lesen der Heiligen Schrift und\/oder durch Beten. Diese Handlungen sind von zentraler Bedeutung, um eine st\u00e4rkere Beziehung zu Gott, dem Allm\u00e4chtigen, aufzubauen und gleichzeitig einen christus\u00e4hnlichen Charakter zu demonstrieren, der es wert ist, &#8220;Christen&#8221; genannt zu werden.<br \/>\n<\/span><\/p>\n<p><span style=\"color: #000000;\">Wir verstehen, dass es einige grundlegende Mysterien gibt, die spezifisch f\u00fcr das Christentum und seine Botschaft sind, die als hilfreicher grundlegender Rahmen dienen, um die Menschheit in eine solide Beziehung zu Gott zu bringen und zu verstehen, wer er uns gegen\u00fcber ist, wie er mit uns in Beziehung steht usw. Wir betrachten diese Kerngeheimnisse als:<\/span><\/p>\n<ol>\n<li><span style=\"color: #000000;\">Das Geheimnis Gottes<\/span><\/li>\n<li><span style=\"color: #000000;\">Das Geheimnis Christi<\/span><\/li>\n<li><span style=\"color: #000000;\">Das Geheimnis des Heiligen Geistes<\/span><\/li>\n<li><span style=\"color: #000000;\">Das Geheimnis des K\u00f6nigreichs<\/span><\/li>\n<li><span style=\"color: #000000;\">Das Geheimnis des Gebets<\/span><\/li>\n<li><span style=\"color: #000000;\">Das Geheimnis der Gerechtigkeit<\/span><\/li>\n<li><span style=\"color: #000000;\">Das Geheimnis der Ungerechtigkeit<\/span><\/li>\n<\/ol>\n<p><span style=\"color: #000000;\">Innerhalb des G\u00f6ttlichen Plans Gottes f\u00fcr unser Leben bilden diese Mysterien die 7 grundlegenden Grundrahmen, innerhalb derer wir uns bem\u00fchen, unsere Berufung als Kinder Gottes zu verstehen und zu verwirklichen.<br \/>\n<\/span><\/p>\n<p><span style=\"color: #000000;\">Die 7 grundlegenden und mysteri\u00f6sen \u00dcberlegungen von Candlelighters International basieren auf der Idee, dass Gott, Jesus Christus, der Heilige Geist, das Reich Gottes, Gerechtigkeit und Ungerechtigkeit von Menschen verstanden werden k\u00f6nnen, soweit dies m\u00f6glich und von Gott jedem erlaubt ist einer von uns.<br \/>\n<\/span><\/p>\n<p><span style=\"color: #000000;\">Als Kerzenanz\u00fcnder betrachten wir die oben genannten Themen im Kontext eines Mysteriums einfach mit dem Verst\u00e4ndnis, dass Gott, Jesus Christus, der Heilige Geist, das Reich Gottes, das Gebet, die Gerechtigkeit und die Ungerechtigkeit Merkmale oder Eigenschaften aufweisen so dunkel und r\u00e4tselhaft beunruhigend, dass sie zu einem gro\u00dfen Teil zu Neugier und Spekulation Anlass geben. Sie werden als Mysterien betrachtet, weil es sich um \u00dcberlegungen handelt, die durch g\u00f6ttliche Offenbarung erkennbar sind. Das Ausma\u00df der g\u00f6ttlichen Offenbarung und das Verst\u00e4ndnis dieser Mysterien basiert darauf, wie jeder Mensch mit dem lebendigen Wort Gottes (Logos), das in der Bibel offenbart ist, in Beziehung steht und wie er sich mit dem Rhema ausrichtet, das der Heilige Geist ihm gem\u00e4\u00df seiner Offenbarung offenbart Zweck und Berufung in das Erdenreich.<\/span><\/p>\n<p><span style=\"color: #000000;\">In diesem Verst\u00e4ndnis ist die Zusammenfassung der 7 Mysterien keineswegs die vollst\u00e4ndige Erkl\u00e4rung, sondern dient als Hinweis auf unsere gemeinsame Auseinandersetzung mit den betreffenden Personen, Personen, Ideen, Konzepten, Gesetzen oder Strukturen.<\/span><\/p>\n<p><span style=\"color: #000000;\">Wir hoffen, dass Sie sich uns anschlie\u00dfen, um diese Geheimnisse zu l\u00fcften und der Menschheit zu offenbaren, was und wie ein Verst\u00e4ndnis eines Teils dieser Geheimnisse unser Leben und unsere Gemeinschaften positiv beeinflussen k\u00f6nnte.<\/span><\/p>\n<p><span style=\"color: #000000;\"><strong>Wie das Wort Gottes es ausdr\u00fcckt, m\u00f6chten wir eine Situation oder Umgebung schaffen, in der Eisen das Eisen sch\u00e4rft; und tief ruft nach tief.<\/strong><\/span><\/p>\n<p><span style=\"color: #000000;\"><strong>Kommen Sie jetzt zu uns!<\/strong><\/span><\/p>\n","protected":false},"excerpt":{"rendered":"<p>Wer wir sind Wir sind ein Netzwerk von Gl\u00e4ubigen, das unsere Ressourcen (Talente, F\u00e4higkeiten, Berufung, Dienste usw.) f\u00fcr den allgemeinen Dienst am Leib Christi zusammenf\u00fchrt. Als Glaubensgemeinschaft innerhalb einer Glaubensgemeinschaft erkennen wir an, dass die Evangeliumsbotschaft Jesu Christi die Kraft hat, das Leben eines Menschen zum Guten zu ver\u00e4ndern und Gemeinschaften zu ver\u00e4ndern. Angesichts des [&hellip;]<\/p>\n","protected":false},"author":1,"featured_media":0,"parent":1789,"menu_order":0,"comment_status":"closed","ping_status":"closed","template":"","meta":{"footnotes":""},"class_list":["post-1873","page","type-page","status-publish","hentry"],"_links":{"self":[{"href":"https:\/\/www.candlelightersinternational.org\/de\/wp-json\/wp\/v2\/pages\/1873","targetHints":{"allow":["GET"]}}],"collection":[{"href":"https:\/\/www.candlelightersinternational.org\/de\/wp-json\/wp\/v2\/pages"}],"about":[{"href":"https:\/\/www.candlelightersinternational.org\/de\/wp-json\/wp\/v2\/types\/page"}],"author":[{"embeddable":true,"href":"https:\/\/www.candlelightersinternational.org\/de\/wp-json\/wp\/v2\/users\/1"}],"replies":[{"embeddable":true,"href":"https:\/\/www.candlelightersinternational.org\/de\/wp-json\/wp\/v2\/comments?post=1873"}],"version-history":[{"count":3,"href":"https:\/\/www.candlelightersinternational.org\/de\/wp-json\/wp\/v2\/pages\/1873\/revisions"}],"predecessor-version":[{"id":3991,"href":"https:\/\/www.candlelightersinternational.org\/de\/wp-json\/wp\/v2\/pages\/1873\/revisions\/3991"}],"up":[{"embeddable":true,"href":"https:\/\/www.candlelightersinternational.org\/de\/wp-json\/wp\/v2\/pages\/1789"}],"wp:attachment":[{"href":"https:\/\/www.candlelightersinternational.org\/de\/wp-json\/wp\/v2\/media?parent=1873"}],"curies":[{"name":"wp","href":"https:\/\/api.w.org\/{rel}","templated":true}]}}