{"id":1897,"date":"2019-12-05T12:00:04","date_gmt":"2019-12-05T12:00:04","guid":{"rendered":"https:\/\/www.candlelightersinternational.org\/dienstleistungen\/gebetsraum\/gebetsanliegen\/"},"modified":"2025-07-14T13:11:35","modified_gmt":"2025-07-14T13:11:35","slug":"gebetsanliegen","status":"publish","type":"page","link":"https:\/\/www.candlelightersinternational.org\/de\/gebetsdienst-dienste\/gebetsanliegen\/","title":{"rendered":"Gebetsanliegen"},"content":{"rendered":"<h1><strong>Gebetsanliegen<\/strong><\/h1>\n<p><img decoding=\"async\" class=\"alignright wp-image-890\" src=\"https:\/\/candlelightersinternational.org\/wp-content\/uploads\/2019\/12\/Praying-with-candle-and-bible-300x200.jpg\" alt=\"\" width=\"600\"><\/p>\n<h5>Wir von Candlelighters International freuen uns sehr, Sie im Gebet zu unterst\u00fctzen.<\/h5>\n<p>Unser Team wird Ihnen zur Seite stehen, wenn wir gemeinsam auf die Gegenwart des Allerh\u00f6chsten Gottes zugreifen, um in Ihrem Namen Petitionen zu machen. In Jesus Christus sind wir siegreich und \u00dcberwinder. Seien Sie mutig, wenn Sie Ihre aktuelle Herausforderung meistern. Unser Team wird Ihnen zur Seite stehen, wenn wir gemeinsam auf die Gegenwart des Allerh\u00f6chsten Gottes zugreifen, um in Ihrem Namen Petitionen zu machen.<\/p>\n<p>In Jesus Christus sind wir siegreich und \u00dcberwinder. Seien Sie mutig, wenn Sie Ihre aktuelle Herausforderung meistern.<\/p>\n","protected":false},"excerpt":{"rendered":"<p>Gebetsanliegen Wir von Candlelighters International freuen uns sehr, Sie im Gebet zu unterst\u00fctzen. Unser Team wird Ihnen zur Seite stehen, wenn wir gemeinsam auf die Gegenwart des Allerh\u00f6chsten Gottes zugreifen, um in Ihrem Namen Petitionen zu machen. In Jesus Christus sind wir siegreich und \u00dcberwinder. Seien Sie mutig, wenn Sie Ihre aktuelle Herausforderung meistern. Unser [&hellip;]<\/p>\n","protected":false},"author":1,"featured_media":0,"parent":3763,"menu_order":0,"comment_status":"closed","ping_status":"closed","template":"page-templates\/prayer-request.php","meta":{"nf_dc_page":"","footnotes":""},"class_list":["post-1897","page","type-page","status-publish","hentry"],"_links":{"self":[{"href":"https:\/\/www.candlelightersinternational.org\/de\/wp-json\/wp\/v2\/pages\/1897","targetHints":{"allow":["GET"]}}],"collection":[{"href":"https:\/\/www.candlelightersinternational.org\/de\/wp-json\/wp\/v2\/pages"}],"about":[{"href":"https:\/\/www.candlelightersinternational.org\/de\/wp-json\/wp\/v2\/types\/page"}],"author":[{"embeddable":true,"href":"https:\/\/www.candlelightersinternational.org\/de\/wp-json\/wp\/v2\/users\/1"}],"replies":[{"embeddable":true,"href":"https:\/\/www.candlelightersinternational.org\/de\/wp-json\/wp\/v2\/comments?post=1897"}],"version-history":[{"count":2,"href":"https:\/\/www.candlelightersinternational.org\/de\/wp-json\/wp\/v2\/pages\/1897\/revisions"}],"predecessor-version":[{"id":3770,"href":"https:\/\/www.candlelightersinternational.org\/de\/wp-json\/wp\/v2\/pages\/1897\/revisions\/3770"}],"up":[{"embeddable":true,"href":"https:\/\/www.candlelightersinternational.org\/de\/wp-json\/wp\/v2\/pages\/3763"}],"wp:attachment":[{"href":"https:\/\/www.candlelightersinternational.org\/de\/wp-json\/wp\/v2\/media?parent=1897"}],"curies":[{"name":"wp","href":"https:\/\/api.w.org\/{rel}","templated":true}]}}