{"id":1914,"date":"2021-05-18T13:48:45","date_gmt":"2021-05-18T13:48:45","guid":{"rendered":"https:\/\/www.candlelightersinternational.org\/mitglied-werden\/"},"modified":"2025-07-25T14:54:54","modified_gmt":"2025-07-25T14:54:54","slug":"mitglied-werden","status":"publish","type":"page","link":"https:\/\/www.candlelightersinternational.org\/de\/mitglied-werden\/","title":{"rendered":"Mitglied werden"},"content":{"rendered":"<h4><span style=\"color: #000000;\"><strong>Unsere Mitgliedschaft<br \/>\n<\/strong><\/span><\/h4>\n<p><span style=\"color: #000000;\">Die Mitglieder von Candlelighters International sind Menschen aus der ganzen Welt, die<em>sich selbst und andere mit der Wahrheit des Wortes Gottes<\/em> <em>ausr\u00fcsten, ermutigen und st\u00e4rken <\/em> wollen, <em>um dessen Gebote zu leben und die Frucht des Geistes<\/em><em> in<\/em> einer geistlich hungrigen, kranken und skeptischen Welt <em>zu manifestieren<\/em>.<\/span><\/p>\n<p><span style=\"color: #000000;\">Als ein Netzwerk von Christen besteht unsere Mitgliedschaft aus ordentlichen, assoziierten und angegliederten Mitgliedern.<br \/>\n<\/span><\/p>\n<h4><span style=\"color: #000000;\"><strong>Mitgliedschaftskategorien<\/strong><\/span><\/h4>\n<img loading=\"lazy\" decoding=\"async\" class=\"aligncenter wp-image-4189 size-full\" src=\"https:\/\/www.candlelightersinternational.org\/wp-content\/uploads\/2025\/07\/Membership-Icon-DE.png\" alt=\"\" width=\"845\" height=\"168\" \/>\n<p><span style=\"color: #3366ff;\"><strong>Ordentliches Mitglied <\/strong><\/span><\/p>\n<p><span style=\"color: #000000;\">&#8211; Ordentliche Mitglieder sind Personen, die mit dem t\u00e4glichen Funktionieren oder der F\u00fchrung der Organisation befasst sind. Dazu geh\u00f6ren Gr\u00fcndungsmitglieder, Vorstandsmitglieder und rekrutierte Mitglieder auf F\u00fchrungs- und Betriebsebene. <\/span><\/p>\n<p><span style=\"color: #000000;\"><strong><span style=\"color: #3366ff;\">Affiliate-Mitglied<\/span> <\/strong><\/span><\/p>\n<p><span style=\"color: #000000;\">&#8211; Verbundene Mitglieder sind Partner, einschlie\u00dflich Unternehmen, Institutionen, Verb\u00e4nde, Organisationen und Kirchen, die mit Candlelighters International zusammenarbeiten, um die notwendigen Produkte und Dienstleistungen im Rahmen ihrer Vision, Mission und Ziele bereitzustellen.<\/span><\/p>\n<p><span style=\"color: #000000;\"><strong><span style=\"color: #3366ff;\">Assoziiertes Mitglied<\/span> <\/strong><\/span><\/p>\n<p><span style=\"color: #000000;\">&#8211; Assoziierte Mitglieder sind Mitglieder der \u00d6ffentlichkeit, die die Vision, Mission und Ziele von Candlelighters International mit finanziellen Beitr\u00e4gen und anderen Sachleistungen unterst\u00fctzen.<\/span><\/p>\n<p><span style=\"color: #000000;\">&#8211; Es gibt drei Kategorien von assoziierten Mitgliedschaften: <strong>Gold, Silber und Bronze, Mitgliedschaften.<\/strong><\/span><\/p>\n<p><span style=\"color: #000000;\">Assoziierte Mitglieder profitieren von weiteren Informationen nur f\u00fcr Mitglieder, die auf unserer Mitgliedschaftsplattform verf\u00fcgbar sind<\/span><\/p>\n","protected":false},"excerpt":{"rendered":"<p>Unsere Mitgliedschaft Die Mitglieder von Candlelighters International sind Menschen aus der ganzen Welt, diesich selbst und andere mit der Wahrheit des Wortes Gottes ausr\u00fcsten, ermutigen und st\u00e4rken wollen, um dessen Gebote zu leben und die Frucht des Geistes in einer geistlich hungrigen, kranken und skeptischen Welt zu manifestieren. Als ein Netzwerk von Christen besteht unsere [&hellip;]<\/p>\n","protected":false},"author":1,"featured_media":0,"parent":0,"menu_order":0,"comment_status":"closed","ping_status":"closed","template":"page-templates\/register.php","meta":{"nf_dc_page":"","footnotes":""},"class_list":["post-1914","page","type-page","status-publish","hentry"],"_links":{"self":[{"href":"https:\/\/www.candlelightersinternational.org\/de\/wp-json\/wp\/v2\/pages\/1914","targetHints":{"allow":["GET"]}}],"collection":[{"href":"https:\/\/www.candlelightersinternational.org\/de\/wp-json\/wp\/v2\/pages"}],"about":[{"href":"https:\/\/www.candlelightersinternational.org\/de\/wp-json\/wp\/v2\/types\/page"}],"author":[{"embeddable":true,"href":"https:\/\/www.candlelightersinternational.org\/de\/wp-json\/wp\/v2\/users\/1"}],"replies":[{"embeddable":true,"href":"https:\/\/www.candlelightersinternational.org\/de\/wp-json\/wp\/v2\/comments?post=1914"}],"version-history":[{"count":4,"href":"https:\/\/www.candlelightersinternational.org\/de\/wp-json\/wp\/v2\/pages\/1914\/revisions"}],"predecessor-version":[{"id":4195,"href":"https:\/\/www.candlelightersinternational.org\/de\/wp-json\/wp\/v2\/pages\/1914\/revisions\/4195"}],"wp:attachment":[{"href":"https:\/\/www.candlelightersinternational.org\/de\/wp-json\/wp\/v2\/media?parent=1914"}],"curies":[{"name":"wp","href":"https:\/\/api.w.org\/{rel}","templated":true}]}}