{"id":1925,"date":"2019-11-05T12:35:29","date_gmt":"2019-11-05T12:35:29","guid":{"rendered":"https:\/\/www.candlelightersinternational.org\/ueber-uns\/spenden\/"},"modified":"2025-07-15T06:54:03","modified_gmt":"2025-07-15T06:54:03","slug":"spenden","status":"publish","type":"page","link":"https:\/\/www.candlelightersinternational.org\/de\/ueber-uns\/spenden\/","title":{"rendered":"Spenden"},"content":{"rendered":"<h1>SPENDE JETZT<\/h1>\n<p><span style=\"color: #000000;\">Willkommen auf unserer Spendenseite.<\/span><\/p>\n<p><span style=\"color: #000000;\">Wir freuen uns sehr, mit Ihnen zusammenzuarbeiten, um das Leben vieler Menschen durch die Gnade Gottes zu ver\u00e4ndern.<\/span><\/p>\n<p><span style=\"color: #000000;\">Mit Ihrer gro\u00dfz\u00fcgigen Spende helfen Sie uns<em>, geistliches Wachstum durch die Kraft des Heiligen Geistes zu f\u00f6rdern,<\/em> indem Sie uns helfen, tiefere Informationen, Wissen und ein praktisch anwendbares Verst\u00e4ndnis der christlichen Weltanschauung in Bereichen des t\u00e4glichen Lebens, der Beziehungen zu und mit der Welt, der Wirtschaft und anderen Bereichen, die unser t\u00e4gliches Leben beeinflussen, zu vermitteln.<br \/>\n<\/span><\/p>\n<p><span style=\"color: #000000;\"><strong>Wegen Ihrer <\/strong><strong>finanziellen <\/strong><strong>Unterst\u00fctzung, wird jemand <\/strong><strong>sein<\/strong> <em>besser ausgestattet<\/em><em>, ermutigen<\/em><em>und gest\u00e4rkt<\/em><em>mit der Wahrheit, die dem Wort Gottes entspricht. <\/em><\/span><span style=\"color: #000000;\">Wir freuen uns sehr, Ihnen mitteilen zu k\u00f6nnen, dass Sie aufgrund der von uns angebotenen Dienstleistungen und Produkte, <em><strong>Sie auch unser Hauptziel sind<\/strong><\/em>. <strong>Ihre finanzielle Unterst\u00fctzung hilft uns, Ihnen dabei zu helfen, Ihren Weg mit Jesus Christus zu st\u00e4rken.<\/strong><\/span><\/p>\n<h3 style=\"text-align: center;\"><span style=\"color: #333399;\"><strong>SPENDENKAN\u00c4LE<\/strong><\/span><\/h3>\n<h4><span style=\"color: #3366ff;\"><strong>1.<\/strong> <strong>Direkte Bank\u00fcberweisung<\/strong><br \/>\n<\/span><\/h4>\n<p style=\"text-align: center;\"><span style=\"color: #000000;\"><strong>Kontoinhaber:<\/strong> Candlelighters International<\/span><\/p>\n<p style=\"text-align: center;\"><span style=\"color: #000000;\"><strong>Bank:<\/strong> PostFinance SA<\/span><\/p>\n<p style=\"text-align: center;\"><span style=\"color: #000000;\">Kontonummer <strong>:<\/strong> 15-625982-4<\/span><\/p>\n<p style=\"text-align: center;\"><span style=\"color: #000000;\"><strong>IBAN:<\/strong> CH08 0900 0000 1562 5982 4<\/span><\/p>\n<p style=\"text-align: center;\"><span style=\"color: #000000;\"><strong>BIC:<\/strong> POFICHBEXXX<\/span><\/p>\n<h4><span style=\"color: #3366ff;\"><strong>2. PayPal und andere Karten<br \/>\n<\/strong><\/span><\/h4>\n<p>&nbsp;<\/p>\n","protected":false},"excerpt":{"rendered":"<p>SPENDE JETZT Willkommen auf unserer Spendenseite. Wir freuen uns sehr, mit Ihnen zusammenzuarbeiten, um das Leben vieler Menschen durch die Gnade Gottes zu ver\u00e4ndern. Mit Ihrer gro\u00dfz\u00fcgigen Spende helfen Sie uns, geistliches Wachstum durch die Kraft des Heiligen Geistes zu f\u00f6rdern, indem Sie uns helfen, tiefere Informationen, Wissen und ein praktisch anwendbares Verst\u00e4ndnis der christlichen [&hellip;]<\/p>\n","protected":false},"author":1,"featured_media":0,"parent":1789,"menu_order":0,"comment_status":"closed","ping_status":"closed","template":"page-templates\/donate-page.php","meta":{"nf_dc_page":"","footnotes":""},"class_list":["post-1925","page","type-page","status-publish","hentry"],"_links":{"self":[{"href":"https:\/\/www.candlelightersinternational.org\/de\/wp-json\/wp\/v2\/pages\/1925","targetHints":{"allow":["GET"]}}],"collection":[{"href":"https:\/\/www.candlelightersinternational.org\/de\/wp-json\/wp\/v2\/pages"}],"about":[{"href":"https:\/\/www.candlelightersinternational.org\/de\/wp-json\/wp\/v2\/types\/page"}],"author":[{"embeddable":true,"href":"https:\/\/www.candlelightersinternational.org\/de\/wp-json\/wp\/v2\/users\/1"}],"replies":[{"embeddable":true,"href":"https:\/\/www.candlelightersinternational.org\/de\/wp-json\/wp\/v2\/comments?post=1925"}],"version-history":[{"count":4,"href":"https:\/\/www.candlelightersinternational.org\/de\/wp-json\/wp\/v2\/pages\/1925\/revisions"}],"predecessor-version":[{"id":3908,"href":"https:\/\/www.candlelightersinternational.org\/de\/wp-json\/wp\/v2\/pages\/1925\/revisions\/3908"}],"up":[{"embeddable":true,"href":"https:\/\/www.candlelightersinternational.org\/de\/wp-json\/wp\/v2\/pages\/1789"}],"wp:attachment":[{"href":"https:\/\/www.candlelightersinternational.org\/de\/wp-json\/wp\/v2\/media?parent=1925"}],"curies":[{"name":"wp","href":"https:\/\/api.w.org\/{rel}","templated":true}]}}