{"id":1929,"date":"2019-11-06T13:24:15","date_gmt":"2019-11-06T13:24:15","guid":{"rendered":"https:\/\/www.candlelightersinternational.org\/ueber-uns\/wie-wir-arbeiten\/unsere-rolle-mission-und-ziele\/"},"modified":"2025-07-17T12:34:06","modified_gmt":"2025-07-17T12:34:06","slug":"unsere-rolle-mission-und-ziele","status":"publish","type":"page","link":"https:\/\/www.candlelightersinternational.org\/de\/was-wir-tun-2\/wie-wir-arbeiten\/unsere-rolle-mission-und-ziele\/","title":{"rendered":"Unsere Rolle, Mission und Ziele"},"content":{"rendered":"<h1>Unsere Rolle<\/h1>\n<img loading=\"lazy\" decoding=\"async\" class=\"size-full wp-image-147 alignleft\" src=\"https:\/\/candlelightersinternational.org\/wp-content\/uploads\/2019\/11\/about_thumb3.jpg\" alt=\"\" width=\"195\" height=\"171\" \/><img loading=\"lazy\" decoding=\"async\" class=\"alignnone wp-image-148 size-full\" src=\"https:\/\/candlelightersinternational.org\/wp-content\/uploads\/2019\/11\/about_thumb1.jpg\" alt=\"\" width=\"195\" height=\"171\" \/><img loading=\"lazy\" decoding=\"async\" class=\"size-medium wp-image-149 alignleft\" src=\"https:\/\/candlelightersinternational.org\/wp-content\/uploads\/2019\/11\/about_thumb2.jpg\" alt=\"\" width=\"195\" height=\"171\" \/>\n<h4><span style=\"color: #0000ff;\">Anz\u00fcnden Ihres Feuers: Eine Person nach der anderen; und es heller leuchten zu lassen!<\/span><\/h4>\n<p><span style=\"color: #000000;\">Es ist f\u00fcr uns sehr offensichtlich geworden, dass nur sehr wenige Christen den \u201eRuf\u201c Gottes an sie wirklich kennen und verstehen. Im Gespr\u00e4ch mit einer Vielzahl von aktiv engagierten Christen bezogen sich fast 95 % auf die Aktivit\u00e4ten, die sie in der Kirche als Berufung oder Dienst ausf\u00fchren. Dies deutete auf ein erhebliches Missverst\u00e4ndnis der Verbindung zwischen ihrem \u201eAufruf\u201c und ihrem \u201eAuftrag\u201c hin. in diesem Zusammenhang k\u00f6nnte ein Missverst\u00e4ndnis zwischen &#8220;Beruf&#8221; und &#8220;Karriere oder Job&#8221; ein Grund daf\u00fcr sein, dass Christen als weniger aktiv in den Sonntagsaktivit\u00e4ten angesehen werden. K\u00f6nnte dies einer der Gr\u00fcnde sein, warum die meisten Christen \u201ezwei H\u00fcte\u201c zu haben scheinen \u2013 einen \u201eKarrierehut\u201c (von Montag bis Samstag) und einen \u201eBerufungs- oder Diensthut\u201c (sonntags). Au\u00dferhalb der vier W\u00e4nde ihrer \u00f6rtlichen Kirchen gibt es wenig oder gar keine Aktion oder Engagement.<\/span><\/p>\n<img loading=\"lazy\" decoding=\"async\" class=\"wp-image-863 alignleft\" src=\"https:\/\/candlelightersinternational.org\/wp-content\/uploads\/2020\/07\/How-can-i-help-icon.png\" alt=\"\" width=\"314\" height=\"248\" \/>\n<h4><span style=\"color: #0000ff;\">Unsere Kernfrage: WIE K\u00d6NNEN WIR IHNEN HELFEN, GOTTES RUFE ZU IHREM LEBEN ZU ERF\u00dcLLEN?<\/span><\/h4>\n<p><span style=\"color: #993300;\"><strong>R\u00f6mer 8:19<\/strong> \u2013 \u201eDenn die ernste Erwartung der Kreatur wartet auf die Offenbarung der S\u00f6hne Gottes.\u201c (KJV)<\/span><\/p>\n<ul class=\"icon\">\n<li><span style=\"color: #000000;\">Wenn Sie Ihren \u201eCall\u201c nicht kennen, unterst\u00fctzen wir Sie bei der Identifizierung und Eingabe.<\/span><\/li>\n<li><span style=\"color: #000000;\">Wenn Sie wissen und sich gefragt haben, wie es geht, werden wir Sie bei der Erf\u00fcllung unterst\u00fctzen und begleiten.<\/span><\/li>\n<\/ul>\n<h4><span style=\"color: #000000;\">Wir befinden uns in einer Situation, die mehr Arbeiter f\u00fcr die gro\u00dfe Ernte ben\u00f6tigt. Sei proaktiv. Setzen Sie Ihren Glauben in die Tat um. Beteiligen Sie sich an der Gro\u00dfen Kommission.<br \/>\n<\/span><\/h4>\n<p class=\"blue_bg\"><span style=\"color: #0000ff;\"><strong>Lukas 10:2<\/strong> \u2013 \u201eDarum sagte er zu ihnen: Die Ernte <em>ist<\/em> wahrlich gro\u00df, aber <em>es gibt<\/em> wenige Arbeiter. Betet daher den Herrn der Ernte, dass er Arbeiter in seine Ernte aussende.\u201c (KJV).<\/span><\/p>\n<h1><span style=\"color: #000000;\">Unsere Aufgabe<\/span><\/h1>\n<p><span style=\"color: #000000;\">Die Mission von Candlelighters International ist <em>es, Christen besser mit der Wahrheit, die dem Wort Gottes eigen ist, auszustatten, zu ermutigen und zu st\u00e4rken, damit sie seine Gebote leben und die Fr\u00fcchte des Geistes offenbaren k\u00f6nnen,<\/em> w\u00e4hrend sie gleichzeitig den christlichen Glauben geistlich fruchtbar vertreten hungrige, kranke und skeptische Welt. Wir bem\u00fchen uns, dem Leib Christi zu dienen, indem wir die Arbeit anderer Dienste erg\u00e4nzen, indem wir bei der Erstellung und Verbreitung klarer Informationen helfen, die ein praktisches Leben in der Freude des Heiligen Geistes f\u00f6rdern.<\/span><\/p>\n<h1><span style=\"color: #000000;\"><strong>Gesamtziel<\/strong><\/span><\/h1>\n<p><span style=\"color: #000000;\"><img loading=\"lazy\" decoding=\"async\" class=\"wp-image-871 alignright\" src=\"https:\/\/candlelightersinternational.org\/wp-content\/uploads\/2020\/07\/focus-icon-1.png\" alt=\"\" width=\"320\" height=\"251\" \/>Das \u00fcbergeordnete Ziel von Candlelighters International ist es <em>, geistliches Wachstum durch die Kraft des Heiligen Geistes zu f\u00f6rdern,<\/em> indem wir helfen, tiefere Informationen, Wissen und ein praktisch anwendbares Verst\u00e4ndnis der christlichen Weltanschauung in den Bereichen des t\u00e4glichen Lebens, der Beziehungen zur und mit der Welt, der Wirtschaft und anderen Bereichen, die uns betreffen und beeinflussen, zu vermitteln.<\/span><\/p>\n<h2><span style=\"color: #000000;\"> <strong>Konkrete Ziele<\/strong> sind:<\/span><\/h2>\n<ol>\n<li><span style=\"color: #000000;\"><strong>Kontaktaufnahme, um entmutigte Gl\u00e4ubige zu erbauen:<\/strong> Sich an jene Gl\u00e4ubigen zu wenden, die aus irgendeinem Grund nicht in der Lage sind, eine gute bibelgl\u00e4ubige Kirche zu besuchen und\/oder gute biblische Predigten und Lehren zu erhalten (2. Kor. 4:7-10; 1.Tim. 4:11). ; 6:2 und 2. Tim. 2:2)<\/span><\/li>\n<li><span style=\"color: #000000;\"><strong>Die Gl\u00e4ubigen st\u00e4rken<\/strong>: Verbesserung der Kenntnis des Wortes Gottes im \u00f6rtlichen Leib Christi durch die Lehre des unverf\u00e4lschten, nicht selektiven Wortes Gottes (Eph. 3:16; Kol. 3:10; Psalm 111:7; 2 Sam. 7:28; 2 Tim. 2:15; 2 Tim. 3:16), Neuorientierung, wie man zur Wahrheit zur\u00fcckkehren kann, die dem Wort Gottes entspricht (Psalm 51:6; Eph. 3:16-19; 1 Tim. 2:3-5)<\/span><\/li>\n<li><span style=\"color: #000000;\"><strong>Einsatz f\u00fcr Ungl\u00e4ubige mit der rettenden Kraft von Jesus Christus<\/strong>: Predigen und Verk\u00fcndigen der guten Nachricht vom Reich Gottes und Gewinnen verlorener Seelen durch die rettende Gnade Gottes (Spr. 11:30; Apg. 2:38; Apg. 13:47; Jak. 5:20; Mt. 28:19-20; Offb. 3:20; Joh. 5:24; Apg. 10:43; Jes. 53:6; R\u00f6mer 3:23-25; Kol 2:9-14)<\/span><\/li>\n<li><span style=\"color: #000000;\"><strong>Ermutigen Sie die praktische Entwicklung des lokalen Gemeindedienstes:<\/strong> Unterst\u00fctzung und Entwicklung eines Netzwerks von Personen und Systemen, die sich um die materiellen, emotionalen, physischen, wirtschaftlichen, p\u00e4dagogischen und sozialen Bed\u00fcrfnisse von Gl\u00e4ubigen und anderen k\u00fcmmern (1. Johannes 4:8; Jakobus 2:14-17 .). ; R\u00f6mer 12:13-17; 1. Petrus 5:2; Eph. 2:10; Gal 5:13; Deut. 8:18)<\/span><\/li>\n<li><span style=\"color: #000000;\"><strong>F\u00f6rderung der beruflichen und unternehmerischen Entwicklung: <\/strong>Aufzeigen, Pr\u00e4sentieren und Trainieren der Kraft der christlichen Weltsicht in den Bereichen Regierung, F\u00fchrung und Wirtschaft und des positiven Einflusses, den sie auf eine verfallende Welt haben k\u00f6nnte (Spr 21:5; Spr 13:11; Spr 11:1; Gen 2:15; Spr 10:9; Spr 10:4; Psalm 112:5; Kol 3:23; Mt 6:33).<\/span><\/li>\n<li><span style=\"color: #000000;\"><strong>Durchf\u00fchren von Recherchen und Darstellen der christlichen Perspektiven zu Schl\u00fcsselthemen:<\/strong> Bereitstellung von sorgf\u00e4ltig recherchierten Informationen und begr\u00fcndeten Antworten und Hinweisen auf verschiedene Bereiche des ganzheitlichen Lebens im Kontext einer christlichen Weltanschauung (1. Petrus 3,11; R\u00f6mer 12,2; Spr. 25:2; 2. Tim. 3:16; Johannes 17:17)<\/span><\/li>\n<li><span style=\"color: #000000;\"><strong>Erh\u00f6he den Namen Jesu \u00fcber jeden anderen Namen<\/strong> (Phil 2,9; Hebr 2,9; Eph 4,10; Lukas 22:69; Markus 16:19; Apostelgeschichte 5:31; 1. Petrus 3:22).<\/span><\/li>\n<\/ol>\n","protected":false},"excerpt":{"rendered":"<p>Unsere Rolle Anz\u00fcnden Ihres Feuers: Eine Person nach der anderen; und es heller leuchten zu lassen! Es ist f\u00fcr uns sehr offensichtlich geworden, dass nur sehr wenige Christen den \u201eRuf\u201c Gottes an sie wirklich kennen und verstehen. Im Gespr\u00e4ch mit einer Vielzahl von aktiv engagierten Christen bezogen sich fast 95 % auf die Aktivit\u00e4ten, die [&hellip;]<\/p>\n","protected":false},"author":1,"featured_media":0,"parent":1870,"menu_order":0,"comment_status":"closed","ping_status":"closed","template":"","meta":{"footnotes":""},"class_list":["post-1929","page","type-page","status-publish","hentry"],"_links":{"self":[{"href":"https:\/\/www.candlelightersinternational.org\/de\/wp-json\/wp\/v2\/pages\/1929","targetHints":{"allow":["GET"]}}],"collection":[{"href":"https:\/\/www.candlelightersinternational.org\/de\/wp-json\/wp\/v2\/pages"}],"about":[{"href":"https:\/\/www.candlelightersinternational.org\/de\/wp-json\/wp\/v2\/types\/page"}],"author":[{"embeddable":true,"href":"https:\/\/www.candlelightersinternational.org\/de\/wp-json\/wp\/v2\/users\/1"}],"replies":[{"embeddable":true,"href":"https:\/\/www.candlelightersinternational.org\/de\/wp-json\/wp\/v2\/comments?post=1929"}],"version-history":[{"count":4,"href":"https:\/\/www.candlelightersinternational.org\/de\/wp-json\/wp\/v2\/pages\/1929\/revisions"}],"predecessor-version":[{"id":4006,"href":"https:\/\/www.candlelightersinternational.org\/de\/wp-json\/wp\/v2\/pages\/1929\/revisions\/4006"}],"up":[{"embeddable":true,"href":"https:\/\/www.candlelightersinternational.org\/de\/wp-json\/wp\/v2\/pages\/1870"}],"wp:attachment":[{"href":"https:\/\/www.candlelightersinternational.org\/de\/wp-json\/wp\/v2\/media?parent=1929"}],"curies":[{"name":"wp","href":"https:\/\/api.w.org\/{rel}","templated":true}]}}