{"id":1931,"date":"2021-11-23T10:28:43","date_gmt":"2021-11-23T10:28:43","guid":{"rendered":"https:\/\/www.candlelightersinternational.org\/ueber-uns\/spenden\/spenden-schritt-2\/"},"modified":"2025-07-14T13:10:06","modified_gmt":"2025-07-14T13:10:06","slug":"spenden-schritt-2","status":"publish","type":"page","link":"https:\/\/www.candlelightersinternational.org\/de\/ueber-uns\/spenden\/spenden-schritt-2\/","title":{"rendered":"Spenden Schritt 2"},"content":{"rendered":"<h1>Spenden Schritt 2<\/h1>\n<p><span style=\"color: #000000;\">Ihre finanzielle Unterst\u00fctzung hier wird dazu beitragen, den Dienst und die Plattform von Candlelighters funktionsf\u00e4hig zu halten. Wir werden uns bem\u00fchen, den Wert Ihres Beitrags nach besten Kr\u00e4ften zu maximieren.<\/span><\/p>\n<p><span style=\"color: #000000;\">Als gemeinn\u00fctzige Organisation ist es unser Ziel, Ihren Beitrag zur Erbringung von Dienstleistungen und Produkten so zu verwenden, dass wir ihn im Falle eines Gewinns wieder an das Ministerium s\u00e4en oder durch Rabatte auf Dienstleistungen an die Mitglieder zur\u00fcckgeben und Produkte angeboten. In unserem Jahresfinanzbericht und im ersten News Letter des Folgejahres wird dar\u00fcber konkret berichtet.<\/span><\/p>\n<p><span style=\"color: #000000;\">In diesem Sinne spenden Sie bitte so, wie der Herr es f\u00fchrt.<\/span><\/p>\n<p><span style=\"color: #000000;\">Hier werden vorerst \u00fcber PayPal gespendet. Weitere Zahlungsm\u00f6glichkeiten werden in K\u00fcrze zur Verf\u00fcgung gestellt.<\/span><\/p>\n<p><span style=\"color: #000000;\">Danke f\u00fcr Ihre Unterst\u00fctzung.<\/span><\/p>\n","protected":false},"excerpt":{"rendered":"<p>Spenden Schritt 2 Ihre finanzielle Unterst\u00fctzung hier wird dazu beitragen, den Dienst und die Plattform von Candlelighters funktionsf\u00e4hig zu halten. Wir werden uns bem\u00fchen, den Wert Ihres Beitrags nach besten Kr\u00e4ften zu maximieren. Als gemeinn\u00fctzige Organisation ist es unser Ziel, Ihren Beitrag zur Erbringung von Dienstleistungen und Produkten so zu verwenden, dass wir ihn im [&hellip;]<\/p>\n","protected":false},"author":1,"featured_media":0,"parent":1925,"menu_order":0,"comment_status":"closed","ping_status":"closed","template":"page-templates\/donate-step2-page.php","meta":{"footnotes":""},"class_list":["post-1931","page","type-page","status-publish","hentry"],"_links":{"self":[{"href":"https:\/\/www.candlelightersinternational.org\/de\/wp-json\/wp\/v2\/pages\/1931","targetHints":{"allow":["GET"]}}],"collection":[{"href":"https:\/\/www.candlelightersinternational.org\/de\/wp-json\/wp\/v2\/pages"}],"about":[{"href":"https:\/\/www.candlelightersinternational.org\/de\/wp-json\/wp\/v2\/types\/page"}],"author":[{"embeddable":true,"href":"https:\/\/www.candlelightersinternational.org\/de\/wp-json\/wp\/v2\/users\/1"}],"replies":[{"embeddable":true,"href":"https:\/\/www.candlelightersinternational.org\/de\/wp-json\/wp\/v2\/comments?post=1931"}],"version-history":[{"count":3,"href":"https:\/\/www.candlelightersinternational.org\/de\/wp-json\/wp\/v2\/pages\/1931\/revisions"}],"predecessor-version":[{"id":3866,"href":"https:\/\/www.candlelightersinternational.org\/de\/wp-json\/wp\/v2\/pages\/1931\/revisions\/3866"}],"up":[{"embeddable":true,"href":"https:\/\/www.candlelightersinternational.org\/de\/wp-json\/wp\/v2\/pages\/1925"}],"wp:attachment":[{"href":"https:\/\/www.candlelightersinternational.org\/de\/wp-json\/wp\/v2\/media?parent=1931"}],"curies":[{"name":"wp","href":"https:\/\/api.w.org\/{rel}","templated":true}]}}