{"id":1963,"date":"2021-03-31T14:04:23","date_gmt":"2021-03-31T14:04:23","guid":{"rendered":"https:\/\/www.candlelightersinternational.org\/mitglied-werden\/abonnement\/"},"modified":"2025-07-14T13:12:25","modified_gmt":"2025-07-14T13:12:25","slug":"abonnement","status":"publish","type":"page","link":"https:\/\/www.candlelightersinternational.org\/de\/mitglied-werden\/abonnement\/","title":{"rendered":"Abonnement"},"content":{"rendered":"<h1 style=\"text-align: center;\">W\u00e4hlen Sie Ihren Mitgliedschaftsplan<\/h1>\n<div class=\"ich_level_wrap ihc_level_template_5\"><div class=\"ihc-level-item\"><div class=\"ihc-level-item-wrap\"><div class=\"ihc-level-item-top\"><div class=\"ihc-level-item-title\">Bronze<\/div><\/div><div class=\"ihc-level-item-price\">50 CHF per Month<\/div><div class=\"ihc-level-item-content\">\r\n<ul>\r\n \t<li>\u2713 Jahresmitgliedskarte<\/li>\r\n \t<li>\u2713 Zugriff auf Mitglieder-gesch\u00fctzte Inhalte<\/li>\r\n \t<li>\u2713 % Erm\u00e4\u00dfigung auf Geb\u00fchren\/Kosten (Gutscheine) f\u00fcr Veranstaltungen, Dienstleistungen, Produkte,  \tSchulungen usw.<\/li>\r\n \t<li>\u2713 Priorisierte M\u00f6glichkeiten zur Freiwilligenarbeit, um Ihre Berufung in die Tat umzusetzen<\/li>\r\n \t<li>\u2713 Newsletter-Updates zu Aktivit\u00e4ten und neuen Produkten und Dienstleistungen<\/li>\r\n \t<li>\u2717 Abstimmung: Nein<\/li>\r\n<\/ul>\r\n<\/div><div class=\"ihc-level-item-bottom\"><div onClick=\"ihcBuyNewLevel('https:\/\/www.candlelightersinternational.org\/become-a-member\/subscription\/register\/?lid=1');\" class=\"ihc-level-item-link  ihc-cursor-pointer\">Melden Sie sich an<\/div><div class=\"iump-clear\"><\/div><\/div><\/div><\/div><div class=\"ihc-level-item\"><div class=\"ihc-level-item-wrap\"><div class=\"ihc-level-item-top\"><div class=\"ihc-level-item-title\">Silver<\/div><\/div><div class=\"ihc-level-item-price\">100 CHF per Month<\/div><div class=\"ihc-level-item-content\">\r\n<ul>\r\n    <li>\u2713 Alle BRONZE-VORTEILE, plus:<\/li>\r\n    <li>\u2713 1 kostenloses, personalisiertes Candlelighters-Produkt pro Jahr<\/li>\r\n    <li>\u2713 Personalisierter Online-Shop-Gutschein<\/li>\r\n    <li>\u2713 Priorisierte Empfehlungen an externe Partnerdienstleister<\/li>\r\n    <li>\u2713 Newsletter-Updates zu Aktivit\u00e4ten und neuen Produkten und Dienstleistungen<\/li>\r\n    <li>\u2713 J\u00e4hrliche Meinungsumfrage und Empfehlungsanfrage zur Verbesserung von Dienstleistungen und Produkten<\/li>\r\n    <li>\u2717 Abstimmung: Nein<\/li>\r\n<\/ul><\/div><div class=\"ihc-level-item-bottom\"><div onClick=\"ihcBuyNewLevel('https:\/\/www.candlelightersinternational.org\/become-a-member\/subscription\/register\/?lid=2');\" class=\"ihc-level-item-link  ihc-cursor-pointer\">Melden Sie sich an<\/div><div class=\"iump-clear\"><\/div><\/div><\/div><\/div><div class=\"ihc-level-item\"><div class=\"ihc-level-item-wrap\"><div class=\"ihc-level-item-top\"><div class=\"ihc-level-item-title\">Gold<\/div><\/div><div class=\"ihc-level-item-price\">300 CHF per Month<\/div><div class=\"ihc-level-item-content\">\r\n<ul>\r\n<li>\u2713 Alle SILBER-VORTEILE, plus:<\/li>\r\n<li>\u2713 Mehr % Rabatt auf Geb\u00fchren\/Kosten (Coupons) f\u00fcr Veranstaltungen, Dienstleistungen, Produkte, Schulungen usw.<\/li>\r\n<li>\u2713 2 kostenlose, individuell gestaltete Candlelighters International Produkte j\u00e4hrlich<\/li>\r\n<li>\u2713 Mehr individuelle Coupons f\u00fcr den Online-Shop<\/li>\r\n<li>\u2713 Finanzbericht und andere Verwaltungsberichte werden verteilt<\/li>\r\n<li>\u2713 Teilnahme an den j\u00e4hrlichen Gold-Mitgliederversammlungen<\/li>\r\n<li>\u2713 Abstimmung: JA (\u00fcber das Gold-Mitglieder-Abstimmungssystem)<\/li>\r\n<\/ul>\r\n<strong>Hinweis: Die Mitgliedschaft muss vom Vorstand best\u00e4tigt und genehmigt werden.<\/strong><\/div><div class=\"ihc-level-item-bottom\"><div onClick=\"ihcBuyNewLevel('https:\/\/www.candlelightersinternational.org\/become-a-member\/subscription\/register\/?lid=3');\" class=\"ihc-level-item-link  ihc-cursor-pointer\">Melden Sie sich an<\/div><div class=\"iump-clear\"><\/div><\/div><\/div><\/div><\/div>\n","protected":false},"excerpt":{"rendered":"<p>W\u00e4hlen Sie Ihren Mitgliedschaftsplan<\/p>\n","protected":false},"author":1,"featured_media":0,"parent":1914,"menu_order":0,"comment_status":"closed","ping_status":"closed","template":"page-templates\/inner-page.php","meta":{"nf_dc_page":"","footnotes":""},"class_list":["post-1963","page","type-page","status-publish","hentry"],"_links":{"self":[{"href":"https:\/\/www.candlelightersinternational.org\/de\/wp-json\/wp\/v2\/pages\/1963","targetHints":{"allow":["GET"]}}],"collection":[{"href":"https:\/\/www.candlelightersinternational.org\/de\/wp-json\/wp\/v2\/pages"}],"about":[{"href":"https:\/\/www.candlelightersinternational.org\/de\/wp-json\/wp\/v2\/types\/page"}],"author":[{"embeddable":true,"href":"https:\/\/www.candlelightersinternational.org\/de\/wp-json\/wp\/v2\/users\/1"}],"replies":[{"embeddable":true,"href":"https:\/\/www.candlelightersinternational.org\/de\/wp-json\/wp\/v2\/comments?post=1963"}],"version-history":[{"count":1,"href":"https:\/\/www.candlelightersinternational.org\/de\/wp-json\/wp\/v2\/pages\/1963\/revisions"}],"predecessor-version":[{"id":1964,"href":"https:\/\/www.candlelightersinternational.org\/de\/wp-json\/wp\/v2\/pages\/1963\/revisions\/1964"}],"up":[{"embeddable":true,"href":"https:\/\/www.candlelightersinternational.org\/de\/wp-json\/wp\/v2\/pages\/1914"}],"wp:attachment":[{"href":"https:\/\/www.candlelightersinternational.org\/de\/wp-json\/wp\/v2\/media?parent=1963"}],"curies":[{"name":"wp","href":"https:\/\/api.w.org\/{rel}","templated":true}]}}