{"id":1975,"date":"2019-11-06T13:36:25","date_gmt":"2019-11-06T13:36:25","guid":{"rendered":"https:\/\/www.candlelightersinternational.org\/ueber-uns\/unterstuetzung\/"},"modified":"2025-07-24T06:20:49","modified_gmt":"2025-07-24T06:20:49","slug":"unterstuetzung","status":"publish","type":"page","link":"https:\/\/www.candlelightersinternational.org\/de\/ueber-uns\/unterstuetzung\/","title":{"rendered":"Unterst\u00fctzung"},"content":{"rendered":"<h1>Unterst\u00fctzung<\/h1>\n<img loading=\"lazy\" decoding=\"async\" class=\"size-full wp-image-147 alignleft\" src=\"https:\/\/candlelightersinternational.org\/wp-content\/uploads\/2019\/11\/about_thumb3.jpg\" alt=\"\" width=\"195\" height=\"171\" \/><img loading=\"lazy\" decoding=\"async\" class=\"size-medium wp-image-148 alignleft\" src=\"https:\/\/candlelightersinternational.org\/wp-content\/uploads\/2019\/11\/about_thumb1.jpg\" alt=\"\" width=\"195\" height=\"171\" \/><img loading=\"lazy\" decoding=\"async\" class=\"size-medium wp-image-149 alignleft\" src=\"https:\/\/candlelightersinternational.org\/wp-content\/uploads\/2019\/11\/about_thumb2.jpg\" alt=\"\" width=\"195\" height=\"171\" \/>\n<h4><\/h4>\n<p>&nbsp;<\/p>\n<p>&nbsp;<\/p>\n<p>&nbsp;<\/p>\n<p>&nbsp;<\/p>\n<blockquote>\n<h2>Wir brauchen dein Gebet, deine Zeit, deine Unterst\u00fctzung, deine Sachen<\/h2>\n<\/blockquote>\n<h3><span style=\"color: #ff9900;\"><strong>Dein Gebet.<\/strong> <\/span><\/h3>\n<p><span style=\"color: #000000;\">Um zu tun, wozu wir berufen sind; wir brauchen deine Gebete. Wir laden Sie ein, sich Zeit zu nehmen, um f\u00fcr uns, unsere Mitarbeiter, die von uns unterst\u00fctzten Beg\u00fcnstigten und die allgemeinen Initiativen, Programme und Projekte, die wir durchf\u00fchren, einzutreten. Die Ketten und Fesseln des Feindes am und im Leben von Einzelpersonen, Familien und Gemeinschaften zu l\u00f6sen, ist ein harter Kampf, aber wenn Sie inbr\u00fcnstige und wirksame Gebete f\u00fcr uns erheben, sind wir im Namen Jesu siegreich.<\/span><\/p>\n<p><span style=\"color: #000000;\">Arbeite im Gebet mit up zusammen. Tragen Sie sich <span style=\"color: #0000ff;\"><a style=\"color: #0000ff;\" href=\"https:\/\/candlelightersinternational.org\/services\/prayer-room\/\"><strong>HIER<\/strong><\/a><\/span> in die Liste ein<\/span><\/p>\n<h3><span style=\"color: #000000;\"><strong><span style=\"color: #ff9900;\">Deine Zeit,<\/span> <\/strong><\/span><\/h3>\n<p><span style=\"color: #000000;\"><strong>Lukas 10:2<\/strong> \u2013 \u201eDarum sagte er zu ihnen: Die Ernte <em>ist<\/em> wahrlich gro\u00df, aber <em>es gibt<\/em> wenige Arbeiter. Betet daher den Herrn der Ernte, dass er Arbeiter in seine Ernte aussende.\u201c (KJV).<\/span><\/p>\n<p><span style=\"color: #000000;\">Wie Sie sehen, ist die Bandbreite der Dinge, die wir tun, sehr gro\u00df und vielf\u00e4ltig. Wir haben gesehen, wie gro\u00df die Ernte wirklich ist, aber wie wenige Arbeiter sind. Wir beten, dass der Herr der Ernte in Ihrem Herzen die Freude und den Eifer freisetzt, sich uns anzuschlie\u00dfen, in welcher Funktion er Sie auch immer berufen hat:<\/span><\/p>\n<ol>\n<li><span style=\"color: #000000;\"><strong>Freiwilligenarbeit in einem fach- und\/oder erfahrungsbasierten Bereich<\/strong> . Hier finden Sie <a href=\"https:\/\/www.candlelightersinternational.org\/de\/was-wir-tun-2\/freiwilliger\/moeglichkeiten-der-freiwilligenarbeit\/\"><strong><span style=\"color: #0000ff;\">M\u00f6glichkeiten f\u00fcr ehrenamtliches Engagement<\/span><\/strong><\/a><\/span><\/li>\n<li><span style=\"color: #000000;\"><strong>Sprechen Sie, um ein Bewusstsein f\u00fcr und in Ihrem Einflussbereich zu schaffen<\/strong> , wer wir sind und was wir tun. <\/span><\/li>\n<li><span style=\"color: #000000;\"><strong>Helfen Sie dabei, potenzielle Nutznie\u00dfer unserer Dienstleistungen zu identifizieren und<\/strong> an uns weiterzuleiten. <\/span><\/li>\n<li><span style=\"color: #000000;\"><strong>Teilen und ver\u00f6ffentlichen Sie unsere<\/strong> Dienste, Aktionen und Aktivit\u00e4ten auf Ihren Plattformen<\/span><\/li>\n<\/ol>\n<h3><span style=\"color: #ff9900;\"><strong>Ihre Unterst\u00fctzung<\/strong><\/span><\/h3>\n<p><span style=\"color: #000000;\">Als Non-Profit-Organisation arbeiten wir ausschlie\u00dflich von der finanziellen Unterst\u00fctzung und Spenden von Menschen wie Ihnen. Wir b\u00fcndeln unsere finanziellen Ressourcen, um spezifische Programme und Projekte anzugehen oder zu engagieren, die langfristig positive Auswirkungen auf Einzelpersonen, Familien und lokale Gemeinschaften haben.<\/span><\/p>\n<p><span style=\"color: #000000;\">Vielen Dank, dass Sie erw\u00e4gen, uns zu geben, als Ihren Beitrag, die Herrlichkeit Gottes in das Leben vieler zu bringen.<\/span><\/p>\n<p><span style=\"color: #000000;\">Sie k\u00f6nnen uns finanziell unterst\u00fctzen, indem Sie entweder auf Anweisung des Herrn spenden oder eines unserer finanziell beitragenden assoziierten Mitglieder werden.<\/span><\/p>\n<p><span style=\"color: #000000;\">Klicken Sie hier f\u00fcr verschiedene <span style=\"color: #0000ff;\"><strong><a style=\"color: #0000ff;\" href=\"https:\/\/www.candlelightersinternational.org\/de\/ueber-uns\/spenden\/\">Spendenm\u00f6glichkeiten<\/a><\/strong><\/span><\/span><\/p>\n<p><span style=\"color: #000000;\">Klicken Sie hier f\u00fcr <span style=\"color: #0000ff;\"><a style=\"color: #0000ff;\" href=\"https:\/\/www.candlelightersinternational.org\/de\/mitglied-werden\/\"><strong>Mitgliedschaftsoptionen<\/strong><\/a><\/span><\/span><\/p>\n<h3><span style=\"color: #000000;\"><strong><span style=\"color: #ff9900;\">Ihre unbenutzten Haushaltsgegenst\u00e4nde<\/span> <\/strong><\/span><\/h3>\n<p><span style=\"color: #000000;\">Da wir daran arbeiten, eine Vielzahl von bed\u00fcrftigen Einzelpersonen und Familien zu unterst\u00fctzen, erw\u00e4gen Sie bitte, einige Ihrer ungenutzten Haushaltsgegenst\u00e4nde an unser Lager zu spenden. Was Sie vielleicht nicht mehr brauchen, kann f\u00fcr andere eine gro\u00dfe Hilfe sein.<\/span><\/p>\n<p><span style=\"color: #000000;\">Um einen Beitrag zu leisten Klicken Sie <strong><span style=\"color: #0000ff;\">HIER<\/span><\/strong><\/span><\/p>\n<p>&nbsp;<\/p>\n<p>&nbsp;<\/p>\n<p>&nbsp;<\/p>\n<p>&nbsp;<\/p>\n","protected":false},"excerpt":{"rendered":"<p>Unterst\u00fctzung &nbsp; &nbsp; &nbsp; &nbsp; Wir brauchen dein Gebet, deine Zeit, deine Unterst\u00fctzung, deine Sachen Dein Gebet. Um zu tun, wozu wir berufen sind; wir brauchen deine Gebete. Wir laden Sie ein, sich Zeit zu nehmen, um f\u00fcr uns, unsere Mitarbeiter, die von uns unterst\u00fctzten Beg\u00fcnstigten und die allgemeinen Initiativen, Programme und Projekte, die wir [&hellip;]<\/p>\n","protected":false},"author":1,"featured_media":0,"parent":1789,"menu_order":0,"comment_status":"closed","ping_status":"closed","template":"","meta":{"nf_dc_page":"","footnotes":""},"class_list":["post-1975","page","type-page","status-publish","hentry"],"_links":{"self":[{"href":"https:\/\/www.candlelightersinternational.org\/de\/wp-json\/wp\/v2\/pages\/1975","targetHints":{"allow":["GET"]}}],"collection":[{"href":"https:\/\/www.candlelightersinternational.org\/de\/wp-json\/wp\/v2\/pages"}],"about":[{"href":"https:\/\/www.candlelightersinternational.org\/de\/wp-json\/wp\/v2\/types\/page"}],"author":[{"embeddable":true,"href":"https:\/\/www.candlelightersinternational.org\/de\/wp-json\/wp\/v2\/users\/1"}],"replies":[{"embeddable":true,"href":"https:\/\/www.candlelightersinternational.org\/de\/wp-json\/wp\/v2\/comments?post=1975"}],"version-history":[{"count":6,"href":"https:\/\/www.candlelightersinternational.org\/de\/wp-json\/wp\/v2\/pages\/1975\/revisions"}],"predecessor-version":[{"id":4148,"href":"https:\/\/www.candlelightersinternational.org\/de\/wp-json\/wp\/v2\/pages\/1975\/revisions\/4148"}],"up":[{"embeddable":true,"href":"https:\/\/www.candlelightersinternational.org\/de\/wp-json\/wp\/v2\/pages\/1789"}],"wp:attachment":[{"href":"https:\/\/www.candlelightersinternational.org\/de\/wp-json\/wp\/v2\/media?parent=1975"}],"curies":[{"name":"wp","href":"https:\/\/api.w.org\/{rel}","templated":true}]}}