{"id":1981,"date":"2019-12-05T12:01:26","date_gmt":"2019-12-05T12:01:26","guid":{"rendered":"https:\/\/www.candlelightersinternational.org\/dienstleistungen\/gebetsraum\/gebetswand\/"},"modified":"2025-07-14T13:11:27","modified_gmt":"2025-07-14T13:11:27","slug":"gebetswand","status":"publish","type":"page","link":"https:\/\/www.candlelightersinternational.org\/de\/gebetsdienst-dienste\/gebetswand\/","title":{"rendered":"Gebetswand"},"content":{"rendered":"<h1><strong>Gebetswand<\/strong><\/h1>\n<p><img loading=\"lazy\" decoding=\"async\" class=\"alignright wp-image-2869\" src=\"https:\/\/candlelightersinternational.org\/wp-content\/uploads\/2025\/04\/prayer-wall-thumb.jpg\" alt=\"\" width=\"576\" height=\"355\"><\/p>\n<h5>Willkommen,<\/h5>\n<p><span style=\"color: #000000;\">Wir freuen uns, dass Sie diese Gebetswand besucht haben. Hier finden Sie Gebetsanliegen aus der ganzen Welt. Wir laden Sie ein, mit uns zu beten, wenn Sie sich vom Herrn leiten lassen.<\/span><\/p>\n<p><span style=\"color: #000000;\">Sie k\u00f6nnen diesen Link auch an so viele Personen weiterleiten, von denen Sie wissen, dass sie f\u00fcr jedes eingereichte Anliegen beten m\u00f6chten.  <\/span><span style=\"color: #000000;\">Nachdem Sie f\u00fcr ein Anliegen gebetet haben, klicken Sie bitte auf die betenden H\u00e4nde, um uns mitzuteilen, dass Sie f\u00fcr den Bittsteller gebetet haben.<\/span><\/p>\n<p><span style=\"color: #000000;\">Wenn Sie ein regelm\u00e4\u00dfiger Gebetspartner werden m\u00f6chten und bereit sind, auf formellere Weise F\u00fcrbitte zu leisten, k\u00f6nnen Sie den unten stehenden Link nutzen, um Informationen dar\u00fcber zu erhalten, wie Sie einen Platz im CI&#8217;s Prayer Ministry Intercessory Team einnehmen k\u00f6nnen.<\/span><\/p>\n<p><span style=\"color: #000000;\">Nochmals vielen Dank f\u00fcr Ihren Besuch, Ihre Gebete und Ihr Interesse daran, andere vor den Thron des allm\u00e4chtigen Gottes zu bringen.  <\/span><\/p>\n<h3 style=\"text-align: center;\"><span style=\"color: #3636c9;\">Und so haben wir von dem Tag an, an dem wir es geh\u00f6rt haben, nicht aufgeh\u00f6rt, f\u00fcr Sie zu beten und zu bitten, dass Sie mit der Erkenntnis seines Willens erf\u00fcllt werden in aller geistlichen Weisheit und Einsicht, damit Sie so wandeln, wie es des Herrn w\u00fcrdig ist, ihm v\u00f6llig wohlgef\u00e4llig, indem Sie Frucht bringen in jedem guten Werk und zunehmen in der Erkenntnis Gottes, gest\u00e4rkt mit aller Kraft nach seiner herrlichen Macht, zu allem Ausharren und Geduld mit Freude, indem Sie dem Vater danken, der Sie bef\u00e4higt hat, am Erbe der Heiligen im Licht teilzuhaben.  <\/span><\/h3>\n<h3 style=\"text-align: center;\"><span style=\"color: #808080;\">Kolosser 1:9-12 <span class=\"note\">ESV <\/span> <\/span><\/h3>\n","protected":false},"excerpt":{"rendered":"<p>Gebetswand Willkommen, Wir freuen uns, dass Sie diese Gebetswand besucht haben. Hier finden Sie Gebetsanliegen aus der ganzen Welt. Wir laden Sie ein, mit uns zu beten, wenn Sie sich vom Herrn leiten lassen. Sie k\u00f6nnen diesen Link auch an so viele Personen weiterleiten, von denen Sie wissen, dass sie f\u00fcr jedes eingereichte Anliegen beten [&hellip;]<\/p>\n","protected":false},"author":1,"featured_media":0,"parent":3763,"menu_order":0,"comment_status":"closed","ping_status":"closed","template":"page-templates\/prayer-wall.php","meta":{"nf_dc_page":"","footnotes":""},"class_list":["post-1981","page","type-page","status-publish","hentry"],"_links":{"self":[{"href":"https:\/\/www.candlelightersinternational.org\/de\/wp-json\/wp\/v2\/pages\/1981","targetHints":{"allow":["GET"]}}],"collection":[{"href":"https:\/\/www.candlelightersinternational.org\/de\/wp-json\/wp\/v2\/pages"}],"about":[{"href":"https:\/\/www.candlelightersinternational.org\/de\/wp-json\/wp\/v2\/types\/page"}],"author":[{"embeddable":true,"href":"https:\/\/www.candlelightersinternational.org\/de\/wp-json\/wp\/v2\/users\/1"}],"replies":[{"embeddable":true,"href":"https:\/\/www.candlelightersinternational.org\/de\/wp-json\/wp\/v2\/comments?post=1981"}],"version-history":[{"count":2,"href":"https:\/\/www.candlelightersinternational.org\/de\/wp-json\/wp\/v2\/pages\/1981\/revisions"}],"predecessor-version":[{"id":3776,"href":"https:\/\/www.candlelightersinternational.org\/de\/wp-json\/wp\/v2\/pages\/1981\/revisions\/3776"}],"up":[{"embeddable":true,"href":"https:\/\/www.candlelightersinternational.org\/de\/wp-json\/wp\/v2\/pages\/3763"}],"wp:attachment":[{"href":"https:\/\/www.candlelightersinternational.org\/de\/wp-json\/wp\/v2\/media?parent=1981"}],"curies":[{"name":"wp","href":"https:\/\/api.w.org\/{rel}","templated":true}]}}