{"id":1985,"date":"2021-05-27T07:42:22","date_gmt":"2021-05-27T07:42:22","guid":{"rendered":"https:\/\/www.candlelightersinternational.org\/warum-unserem-netzwerk-beitreten\/"},"modified":"2025-07-14T12:41:31","modified_gmt":"2025-07-14T12:41:31","slug":"warum-unserem-netzwerk-beitreten","status":"publish","type":"page","link":"https:\/\/www.candlelightersinternational.org\/de\/warum-unserem-netzwerk-beitreten\/","title":{"rendered":"Warum unserem Netzwerk beitreten?"},"content":{"rendered":"<h1><span style=\"color: #000000;\"><strong>Warum unserem Netzwerk beitreten?<br \/>\n<\/strong><\/span><\/h1>\n<p><img loading=\"lazy\" decoding=\"async\" class=\"wp-image-1260 aligncenter\" src=\"https:\/\/candlelightersinternational.org\/wp-content\/uploads\/2021\/09\/Network-light-icon.png\" alt=\"\" width=\"960\" height=\"481\"><\/p>\n<h3 style=\"text-align: center;\"><span style=\"color: #ff9900;\"><strong>Unser Ziel ist es, Ihr Feuer zu entz\u00fcnden oder Ihr Feuer heller leuchten zu lassen. <\/strong><\/span><\/h3>\n<h4 style=\"text-align: left;\"><span style=\"color: #000000;\"><strong>Daher sind folgende \u00dcberlegungen von entscheidender Bedeutung: <\/strong> <\/span><\/h4>\n<ol>\n<li><span style=\"color: #000000;\">Wenn Sie auf Ihrem Weg mit Gott solide Ermutigung brauchen<\/span><\/li>\n<li><span style=\"color: #000000;\">Wenn der allgemeine Stand der Moral und des menschlichen Daseins \u2013 in Ihrer Gemeinschaft, Nation und der Welt \u2013 Sie beunruhigt, zu denken, dass etwas getan werden muss<\/span><\/li>\n<li><span style=\"color: #000000;\">Wenn der Zustand von Familien, Paaren, Jugendlichen und der Angriff auf die Familie Sie um die Zukunft bangen l\u00e4sst<\/span><\/li>\n<li><span style=\"color: #000000;\">Wenn Sie die Berufung Gottes in Ihrem Leben noch nicht kennen und etwas tun m\u00f6chten, um etwas zu Gottes Ehre zu reparieren<\/span><\/li>\n<li><span style=\"color: #000000;\">Wenn Sie Gleichgesinnte oder \u00e4hnlich berufene Menschen treffen m\u00f6chten, um gemeinsam ein bestimmtes Thema zu bearbeiten<\/span><\/li>\n<li><span style=\"color: #000000;\">Wenn Sie sich Sorgen \u00fcber den Zustand der institutionellen Kirche und ihre F\u00e4higkeit machen, Sie und Ihre Gemeinde auf g\u00f6ttliche Weise positiv zu beeinflussen und zu beeinflussen<\/span><\/li>\n<li><span style=\"color: #000000;\">Wenn Sie alle zusammen aufgeh\u00f6rt h\u00e4tten, die Kirche zu besuchen, h\u00e4tten Sie das Gef\u00fchl, keinen Ort mehr zu haben, an den Sie sich f\u00fcr eine gesunde und gottesf\u00fcrchtige Gemeinschaft wenden k\u00f6nnen<\/span><\/li>\n<li><span style=\"color: #000000;\">Wenn Sie einer Hauskirche angeh\u00f6ren und eine breitere Gruppe von Gl\u00e4ubigen suchen, um gemeinsam zu studieren und kontinuierlich zu wachsen und den Dienst zu verrichten<\/span><\/li>\n<li><span style=\"color: #000000;\">Wenn Sie nicht wirklich wissen, was Sie glauben, und Ihren Glauben nicht verteidigen oder anderen in einem intelligenten Gespr\u00e4ch pr\u00e4sentieren oder seine Prinzipien verteidigen k\u00f6nnen, wenn er angegriffen wird<\/span><\/li>\n<li><span style=\"color: #000000;\">Wenn Sie keinen Sinn machen k\u00f6nnen und nicht wissen, wie Sie den riesigen Informations-Dump, der derzeit \u00fcberall verf\u00fcgbar ist, verstehen sollen<\/span><\/li>\n<li><span style=\"color: #000000;\">Wenn Sie Ihr Wissen \u00fcber das Wort Gottes, den christlichen Glauben und seine Weltanschauung erweitern m\u00f6chten<\/span><\/li>\n<li><span style=\"color: #000000;\">Wenn Sie der R\u00fcckgang des Kirchenbesuchs und die Zunahme der nichtgl\u00e4ubigen Bev\u00f6lkerung beunruhigen<\/span><\/li>\n<\/ol>\n<p><a class=\"big_btn\" href=\"https:\/\/candlelightersinternational.org\/become-a-member\/subscription\/\">Jetzt registrieren<\/a><\/p>\n","protected":false},"excerpt":{"rendered":"<p>Warum unserem Netzwerk beitreten? Unser Ziel ist es, Ihr Feuer zu entz\u00fcnden oder Ihr Feuer heller leuchten zu lassen. Daher sind folgende \u00dcberlegungen von entscheidender Bedeutung: Wenn Sie auf Ihrem Weg mit Gott solide Ermutigung brauchen Wenn der allgemeine Stand der Moral und des menschlichen Daseins \u2013 in Ihrer Gemeinschaft, Nation und der Welt \u2013 [&hellip;]<\/p>\n","protected":false},"author":1,"featured_media":0,"parent":0,"menu_order":0,"comment_status":"closed","ping_status":"closed","template":"page-templates\/register.php","meta":{"nf_dc_page":"","footnotes":""},"class_list":["post-1985","page","type-page","status-publish","hentry"],"_links":{"self":[{"href":"https:\/\/www.candlelightersinternational.org\/de\/wp-json\/wp\/v2\/pages\/1985","targetHints":{"allow":["GET"]}}],"collection":[{"href":"https:\/\/www.candlelightersinternational.org\/de\/wp-json\/wp\/v2\/pages"}],"about":[{"href":"https:\/\/www.candlelightersinternational.org\/de\/wp-json\/wp\/v2\/types\/page"}],"author":[{"embeddable":true,"href":"https:\/\/www.candlelightersinternational.org\/de\/wp-json\/wp\/v2\/users\/1"}],"replies":[{"embeddable":true,"href":"https:\/\/www.candlelightersinternational.org\/de\/wp-json\/wp\/v2\/comments?post=1985"}],"version-history":[{"count":3,"href":"https:\/\/www.candlelightersinternational.org\/de\/wp-json\/wp\/v2\/pages\/1985\/revisions"}],"predecessor-version":[{"id":3736,"href":"https:\/\/www.candlelightersinternational.org\/de\/wp-json\/wp\/v2\/pages\/1985\/revisions\/3736"}],"wp:attachment":[{"href":"https:\/\/www.candlelightersinternational.org\/de\/wp-json\/wp\/v2\/media?parent=1985"}],"curies":[{"name":"wp","href":"https:\/\/api.w.org\/{rel}","templated":true}]}}