{"id":1989,"date":"2021-05-27T07:56:19","date_gmt":"2021-05-27T07:56:19","guid":{"rendered":"https:\/\/www.candlelightersinternational.org\/newsletter-abonnieren\/"},"modified":"2025-07-19T07:32:14","modified_gmt":"2025-07-19T07:32:14","slug":"newsletter-abonnieren","status":"publish","type":"page","link":"https:\/\/www.candlelightersinternational.org\/de\/newsletter-abonnieren\/","title":{"rendered":"Newsletter abonnieren"},"content":{"rendered":"<h3><strong>Newsletter-Abonnement<\/strong><\/h3>\n<p>Vielen Dank f\u00fcr Ihr Interesse an den Aktivit\u00e4ten von Candlelighters International. Vielen Dank, dass Sie sich f\u00fcr unseren Newsletter angemeldet haben.<\/p>\n<p>\u00dcber unseren Newsletter halten wir Sie mit folgenden Informationen auf dem Laufenden:<\/p>\n<ol>\n<li>Unsere bevorstehenden Veranstaltungen, darunter Konferenzen, Schulungen, Workshops, Seminare, Gruppenstudien usw.<\/li>\n<li>Unsere lokalen Community-Aktivit\u00e4ten in Ihrer N\u00e4he.<\/li>\n<li>Unsere neu produzierten Ressourcen: Videos, Artikel, Ver\u00f6ffentlichungen und andere spirituell erbauliche Inhalte.<\/li>\n<li>Unsere wichtigen administrativen Updates.<\/li>\n<\/ol>\n<p>Vielen Dank f\u00fcr das Ausf\u00fcllen dieses kostenlosen Anmeldeformulars.<\/p>\n<p>[mailpoet_form id=&#8221;3&#8243;]<\/p>\n","protected":false},"excerpt":{"rendered":"<p>Newsletter-Abonnement Vielen Dank f\u00fcr Ihr Interesse an den Aktivit\u00e4ten von Candlelighters International. Vielen Dank, dass Sie sich f\u00fcr unseren Newsletter angemeldet haben. \u00dcber unseren Newsletter halten wir Sie mit folgenden Informationen auf dem Laufenden: Unsere bevorstehenden Veranstaltungen, darunter Konferenzen, Schulungen, Workshops, Seminare, Gruppenstudien usw. Unsere lokalen Community-Aktivit\u00e4ten in Ihrer N\u00e4he. Unsere neu produzierten Ressourcen: Videos, [&hellip;]<\/p>\n","protected":false},"author":1,"featured_media":0,"parent":0,"menu_order":0,"comment_status":"closed","ping_status":"closed","template":"page-templates\/newsletter.php","meta":{"nf_dc_page":"","footnotes":""},"class_list":["post-1989","page","type-page","status-publish","hentry"],"_links":{"self":[{"href":"https:\/\/www.candlelightersinternational.org\/de\/wp-json\/wp\/v2\/pages\/1989","targetHints":{"allow":["GET"]}}],"collection":[{"href":"https:\/\/www.candlelightersinternational.org\/de\/wp-json\/wp\/v2\/pages"}],"about":[{"href":"https:\/\/www.candlelightersinternational.org\/de\/wp-json\/wp\/v2\/types\/page"}],"author":[{"embeddable":true,"href":"https:\/\/www.candlelightersinternational.org\/de\/wp-json\/wp\/v2\/users\/1"}],"replies":[{"embeddable":true,"href":"https:\/\/www.candlelightersinternational.org\/de\/wp-json\/wp\/v2\/comments?post=1989"}],"version-history":[{"count":4,"href":"https:\/\/www.candlelightersinternational.org\/de\/wp-json\/wp\/v2\/pages\/1989\/revisions"}],"predecessor-version":[{"id":4034,"href":"https:\/\/www.candlelightersinternational.org\/de\/wp-json\/wp\/v2\/pages\/1989\/revisions\/4034"}],"wp:attachment":[{"href":"https:\/\/www.candlelightersinternational.org\/de\/wp-json\/wp\/v2\/media?parent=1989"}],"curies":[{"name":"wp","href":"https:\/\/api.w.org\/{rel}","templated":true}]}}