{"id":3746,"date":"2025-05-28T10:55:34","date_gmt":"2025-05-28T10:55:34","guid":{"rendered":"https:\/\/www.candlelightersinternational.org\/was-wir-tun-2\/"},"modified":"2025-07-17T12:29:44","modified_gmt":"2025-07-17T12:29:44","slug":"was-wir-tun-2","status":"publish","type":"page","link":"https:\/\/www.candlelightersinternational.org\/de\/was-wir-tun-2\/","title":{"rendered":"Was wir tun"},"content":{"rendered":"<h1>Was wir tun<\/h1>\n<img loading=\"lazy\" decoding=\"async\" class=\"size-full wp-image-147 alignleft\" src=\"https:\/\/candlelightersinternational.org\/wp-content\/uploads\/2019\/11\/about_thumb3.jpg\" alt=\"\" width=\"195\" height=\"171\" \/><img loading=\"lazy\" decoding=\"async\" class=\"size-medium wp-image-148 alignleft\" src=\"https:\/\/candlelightersinternational.org\/wp-content\/uploads\/2019\/11\/about_thumb1.jpg\" alt=\"\" width=\"195\" height=\"171\" \/><img loading=\"lazy\" decoding=\"async\" class=\"size-medium wp-image-149 alignleft\" src=\"https:\/\/candlelightersinternational.org\/wp-content\/uploads\/2019\/11\/about_thumb2.jpg\" alt=\"\" width=\"195\" height=\"171\" \/>\n<p>&nbsp;<\/p>\n<p>&nbsp;<\/p>\n<p>&nbsp;<\/p>\n<p>&nbsp;<\/p>\n<p>&nbsp;<\/p>\n<p><span style=\"color: #000000;\">Um unser Mandat zu erf\u00fcllen und die identifizierten Herausforderungen zu bew\u00e4ltigen, die die F\u00f6rderung und den Einfluss der biblischen Weltanschauung in unseren Gesellschaften behindern, entwickelt und bietet Candlelighters International Dienstleistungen an, die es Einzelpersonen sowie Institutionen oder Kirchen erm\u00f6glichen, den notwendigen Wandel in ihren lokalen Gemeinschaften effektiv und effizient zu bewirken.<\/span><\/p>\n<h3><a href=\"https:\/\/www.candlelightersinternational.org\/strategic-services\/\">Unsere strategischen Dienstleistungen<\/a><\/h3>\n<img loading=\"lazy\" decoding=\"async\" class=\" wp-image-3273 aligncenter\" src=\"https:\/\/candlelightersinternational.org\/wp-content\/uploads\/2025\/05\/Page-13_CI-AT-A-GANCE300-300x273.png\" alt=\"\" width=\"526\" height=\"479\" \/>\n<p style=\"text-align: center;\">Klicken Sie hier f\u00fcr die franz\u00f6sische und deutsche \u00dcbersetzung des Diagramms<\/p>\n<p>&nbsp;<\/p>\n<h3><span style=\"color: #3366ff;\">Unsere Rolle &#8211; Was Candlelighters International einzigartig macht<\/span><\/h3>\n<ol>\n<li><span style=\"color: #000000;\">Nutzen Sie die explosive Kraft unserer gemeinsamen Ressourcen.<\/span><\/li>\n<li><span style=\"color: #000000;\">Der Schwerpunkt liegt darauf, Christen dabei zu helfen, ihren Ruf von Gott zu erkennen und ihm zu folgen.<\/span><\/li>\n<li><span style=\"color: #000000;\">Evangelistisch mit einem apostolischen Mantel.<\/span><\/li>\n<li><span style=\"color: #000000;\">Integrierte Plattform f\u00fcr die Bereitstellung von Dienstleistungen.<\/span><\/li>\n<li><span style=\"color: #000000;\">Entwicklung von Expertennetzwerken.<\/span><\/li>\n<li><span style=\"color: #000000;\">Br\u00fcckenschlag zwischen den Generationen.<\/span><\/li>\n<li><span style=\"color: #000000;\">Der Schwerpunkt liegt auf der Entwicklung der lokalen Gemeindearbeit.<\/span><\/li>\n<\/ol>\n<p>&nbsp;<\/p>\n<img loading=\"lazy\" decoding=\"async\" class=\" wp-image-3285 aligncenter\" src=\"https:\/\/candlelightersinternational.org\/wp-content\/uploads\/2025\/05\/Page-10-Image-_What-makes-CI-unique300-300x198.png\" alt=\"\" width=\"527\" height=\"348\" \/>\n<p style=\"text-align: center;\">Klicken Sie hier f\u00fcr die franz\u00f6sische und deutsche \u00dcbersetzung des Diagramms<\/p>\n","protected":false},"excerpt":{"rendered":"<p>Was wir tun &nbsp; &nbsp; &nbsp; &nbsp; &nbsp; Um unser Mandat zu erf\u00fcllen und die identifizierten Herausforderungen zu bew\u00e4ltigen, die die F\u00f6rderung und den Einfluss der biblischen Weltanschauung in unseren Gesellschaften behindern, entwickelt und bietet Candlelighters International Dienstleistungen an, die es Einzelpersonen sowie Institutionen oder Kirchen erm\u00f6glichen, den notwendigen Wandel in ihren lokalen Gemeinschaften effektiv [&hellip;]<\/p>\n","protected":false},"author":10,"featured_media":0,"parent":0,"menu_order":0,"comment_status":"closed","ping_status":"closed","template":"","meta":{"nf_dc_page":"","footnotes":""},"class_list":["post-3746","page","type-page","status-publish","hentry"],"_links":{"self":[{"href":"https:\/\/www.candlelightersinternational.org\/de\/wp-json\/wp\/v2\/pages\/3746","targetHints":{"allow":["GET"]}}],"collection":[{"href":"https:\/\/www.candlelightersinternational.org\/de\/wp-json\/wp\/v2\/pages"}],"about":[{"href":"https:\/\/www.candlelightersinternational.org\/de\/wp-json\/wp\/v2\/types\/page"}],"author":[{"embeddable":true,"href":"https:\/\/www.candlelightersinternational.org\/de\/wp-json\/wp\/v2\/users\/10"}],"replies":[{"embeddable":true,"href":"https:\/\/www.candlelightersinternational.org\/de\/wp-json\/wp\/v2\/comments?post=3746"}],"version-history":[{"count":3,"href":"https:\/\/www.candlelightersinternational.org\/de\/wp-json\/wp\/v2\/pages\/3746\/revisions"}],"predecessor-version":[{"id":4125,"href":"https:\/\/www.candlelightersinternational.org\/de\/wp-json\/wp\/v2\/pages\/3746\/revisions\/4125"}],"wp:attachment":[{"href":"https:\/\/www.candlelightersinternational.org\/de\/wp-json\/wp\/v2\/media?parent=3746"}],"curies":[{"name":"wp","href":"https:\/\/api.w.org\/{rel}","templated":true}]}}