{"id":3747,"date":"2025-05-25T09:16:27","date_gmt":"2025-05-25T09:16:27","guid":{"rendered":"https:\/\/www.candlelightersinternational.org\/was-wir-tun-2\/unternehmensdokumente\/unser-programm-broschuren\/"},"modified":"2025-07-17T12:40:38","modified_gmt":"2025-07-17T12:40:38","slug":"unser-programm-broschuren","status":"publish","type":"page","link":"https:\/\/www.candlelightersinternational.org\/de\/was-wir-tun-2\/unternehmensdokumente\/unser-programm-broschuren\/","title":{"rendered":"Unser Programm Brosch\u00fcren"},"content":{"rendered":"<h3><strong>Programm f\u00fcr Beratungsdienste (CSP)<\/strong><\/h3>\n<p><img loading=\"lazy\" decoding=\"async\" class=\"alignnone wp-image-3142\" src=\"https:\/\/candlelightersinternational.org\/wp-content\/uploads\/2025\/05\/COUNSELING-SERVICES-PROGRAM-01.jpg\" alt=\"\" width=\"219\" height=\"310\" \/><a href=\"https:\/\/candlelightersinternational.org\/wp-content\/uploads\/2025\/05\/COUNSELING-SERVICES-PROGRAM-Compressed.pdf\" target=\"_blank\" rel=\"noopener\">Englische Version<\/a> Franz\u00f6sische Version Deutsche Version<\/p>\n<hr \/>\n<h3><strong>Dienstleistungen zur St\u00e4rkung der Familie (FSS)<\/strong><\/h3>\n<p><img loading=\"lazy\" decoding=\"async\" class=\"alignnone wp-image-3163\" src=\"https:\/\/candlelightersinternational.org\/wp-content\/uploads\/2025\/05\/Family-Strengthening-Services-_Cover-01-212x300.jpg\" alt=\"\" width=\"277\" height=\"392\" \/> <a href=\"https:\/\/candlelightersinternational.org\/wp-content\/uploads\/2025\/05\/Family-Strengthening-Services-Brochure-Compressed.pdf\" target=\"_blank\" rel=\"noopener\">Englische Version<\/a> Franz\u00f6sische Version Deutsche Version<\/p>\n<hr \/>\n<h3><strong>Builders&#8217; Incubator (BI)<\/strong><\/h3>\n<p><img loading=\"lazy\" decoding=\"async\" class=\"alignnone wp-image-3157\" src=\"https:\/\/candlelightersinternational.org\/wp-content\/uploads\/2025\/05\/Builders-Incubator-Flyer-01-212x300.jpg\" alt=\"\" width=\"277\" height=\"392\" \/> <a href=\"https:\/\/candlelightersinternational.org\/wp-content\/uploads\/2025\/05\/Builders-Incubator-Flyer-compressed.pdf\" target=\"_blank\" rel=\"noopener\">Englische Version <\/a>Franz\u00f6sische Version Deutsche Version<\/p>\n<hr \/>\n<h3><strong>Hand-in-Hand-Initiative (HiHi)<\/strong><\/h3>\n<p><img loading=\"lazy\" decoding=\"async\" class=\"alignnone wp-image-3169\" src=\"https:\/\/candlelightersinternational.org\/wp-content\/uploads\/2025\/05\/Hand-in-Hand_Cover-01-212x300.jpg\" alt=\"\" width=\"277\" height=\"392\" \/> <a href=\"https:\/\/candlelightersinternational.org\/wp-content\/uploads\/2025\/05\/Hand-in-Hand-_Brochure-Compressed.pdf\" target=\"_blank\" rel=\"noopener\">Englische Version<\/a> Franz\u00f6sische Version Deutsche Version<\/p>\n<hr \/>\n<h3><strong>Levites House Initiative (LHI)<\/strong><\/h3>\n<p><img loading=\"lazy\" decoding=\"async\" class=\"alignnone wp-image-3175\" src=\"https:\/\/candlelightersinternational.org\/wp-content\/uploads\/2025\/05\/Levites-House-Initiative-Brochure-01-212x300.jpg\" alt=\"\" width=\"278\" height=\"393\" \/> <a href=\"https:\/\/candlelightersinternational.org\/wp-content\/uploads\/2025\/05\/Levites-House-Initiative-Brochure-Compressed.pdf\" target=\"_blank\" rel=\"noopener\"> Englische Version <\/a>Franz\u00f6sische Version Deutsche Version<\/p>\n<hr \/>\n<h3><strong>Initiative zur Wiederbelebung der Gesundheit in der Gemeinde (CHRI)<\/strong><\/h3>\n<p><img loading=\"lazy\" decoding=\"async\" class=\"alignnone wp-image-3181\" src=\"https:\/\/candlelightersinternational.org\/wp-content\/uploads\/2025\/05\/Community-Health-Revitalization_Cover-01-212x300.jpg\" alt=\"\" width=\"277\" height=\"392\" \/> <a href=\"https:\/\/candlelightersinternational.org\/wp-content\/uploads\/2025\/05\/Community-Health-Revitalization-Brochure-compressed.pdf\" target=\"_blank\" rel=\"noopener\">Englische Version <\/a>Franz\u00f6sische Version Deutsche Version<\/p>\n","protected":false},"excerpt":{"rendered":"<p>Programm f\u00fcr Beratungsdienste (CSP) Englische Version Franz\u00f6sische Version Deutsche Version Dienstleistungen zur St\u00e4rkung der Familie (FSS) Englische Version Franz\u00f6sische Version Deutsche Version Builders&#8217; Incubator (BI) Englische Version Franz\u00f6sische Version Deutsche Version Hand-in-Hand-Initiative (HiHi) Englische Version Franz\u00f6sische Version Deutsche Version Levites House Initiative (LHI) Englische Version Franz\u00f6sische Version Deutsche Version Initiative zur Wiederbelebung der Gesundheit in [&hellip;]<\/p>\n","protected":false},"author":1,"featured_media":0,"parent":1776,"menu_order":0,"comment_status":"closed","ping_status":"closed","template":"","meta":{"nf_dc_page":"","footnotes":""},"class_list":["post-3747","page","type-page","status-publish","hentry"],"_links":{"self":[{"href":"https:\/\/www.candlelightersinternational.org\/de\/wp-json\/wp\/v2\/pages\/3747","targetHints":{"allow":["GET"]}}],"collection":[{"href":"https:\/\/www.candlelightersinternational.org\/de\/wp-json\/wp\/v2\/pages"}],"about":[{"href":"https:\/\/www.candlelightersinternational.org\/de\/wp-json\/wp\/v2\/types\/page"}],"author":[{"embeddable":true,"href":"https:\/\/www.candlelightersinternational.org\/de\/wp-json\/wp\/v2\/users\/1"}],"replies":[{"embeddable":true,"href":"https:\/\/www.candlelightersinternational.org\/de\/wp-json\/wp\/v2\/comments?post=3747"}],"version-history":[{"count":2,"href":"https:\/\/www.candlelightersinternational.org\/de\/wp-json\/wp\/v2\/pages\/3747\/revisions"}],"predecessor-version":[{"id":4012,"href":"https:\/\/www.candlelightersinternational.org\/de\/wp-json\/wp\/v2\/pages\/3747\/revisions\/4012"}],"up":[{"embeddable":true,"href":"https:\/\/www.candlelightersinternational.org\/de\/wp-json\/wp\/v2\/pages\/1776"}],"wp:attachment":[{"href":"https:\/\/www.candlelightersinternational.org\/de\/wp-json\/wp\/v2\/media?parent=3747"}],"curies":[{"name":"wp","href":"https:\/\/api.w.org\/{rel}","templated":true}]}}