{"id":3763,"date":"2025-04-19T07:07:13","date_gmt":"2025-04-19T07:07:13","guid":{"rendered":"https:\/\/www.candlelightersinternational.org\/gebetsdienst-dienste\/"},"modified":"2025-07-17T13:28:48","modified_gmt":"2025-07-17T13:28:48","slug":"gebetsdienst-dienste","status":"publish","type":"page","link":"https:\/\/www.candlelightersinternational.org\/de\/gebetsdienst-dienste\/","title":{"rendered":"Gebetsdienst-Dienste"},"content":{"rendered":"<h1><strong>Gebetsdienst-Dienste<\/strong><\/h1>\n<p><span style=\"color: #000000;\">Tabernacle Flames Services (TFS) ist der Gebetsdienst von Candlelighters International. Sie besteht aus 3 Hauptgebetsdiensten, n\u00e4mlich: <\/span><\/p>\n<ol>\n<li style=\"list-style-type: none;\">\n<ol>\n<li><strong>Gebetsraum-Dienste: <\/strong><span style=\"color: #000000;\">Der direkte Dienst, der auf Gebetsanliegen reagiert.<\/span><\/li>\n<li><strong>F\u00fcrbittenforum:<\/strong> <span style=\"color: #000000;\">Die Initiative, die den Austausch unter den F\u00fcrbittern verwaltet und erm\u00f6glicht.<\/span><\/li>\n<li><strong>Gebetsraum-Ressourcen:<\/strong> <span style=\"color: #000000;\">Bereitstellung von Ressourcen zur St\u00e4rkung des Gebets sowohl f\u00fcr Bittsteller als auch f\u00fcr F\u00fcrbitter<\/span><\/li>\n<\/ol>\n<\/li>\n<\/ol>\n<p><span style=\"color: #445a9c;\"><strong>Die Ziele von TFS sind: <\/strong><\/span><\/p>\n<ol>\n<li style=\"list-style-type: none;\">\n<ol>\n<li><span style=\"color: #000000;\">Menschen zu ermutigen, mehr zu beten und h\u00e4ufiger um Gebetsunterst\u00fctzung zu bitten<\/span><\/li>\n<li><span style=\"color: #000000;\">Entwicklung und F\u00f6rderung von M\u00f6glichkeiten f\u00fcr Menschen, sich zunehmend im Gebet und in der F\u00fcrbitte zu engagieren<\/span><\/li>\n<li><span style=\"color: #000000;\">Bereitstellung von biblisch fundierten Ressourcen zum Thema Gebet sowohl f\u00fcr F\u00fcrbitter als auch f\u00fcr Bittsteller<\/span><\/li>\n<\/ol>\n<\/li>\n<\/ol>\n<p><span style=\"color: #000000;\">Die Tabernacle Flame Services sind bestrebt, die Bedeutung und den Zweck des Gebets im Hinblick auf die Treue Gottes hervorzuheben, wie sie in Matth\u00e4us 7:7 &#8211; 8 (KJV) zum Ausdruck kommt:<\/span><\/p>\n<p style=\"text-align: center;\"><span style=\"color: #bd9b37;\"><em>&#8220;Bittet, so wird euch gegeben werden; sucht, so werdet ihr finden; klopft an, so wird euch aufgetan werden. Denn jeder, der bittet, empf\u00e4ngt, und jeder, der sucht, findet, und jedem, der anklopft, wird die T\u00fcr ge\u00f6ffnet werden.&#8221;<\/em><\/span><\/p>\n","protected":false},"excerpt":{"rendered":"<p>Gebetsdienst-Dienste Tabernacle Flames Services (TFS) ist der Gebetsdienst von Candlelighters International. Sie besteht aus 3 Hauptgebetsdiensten, n\u00e4mlich: Gebetsraum-Dienste: Der direkte Dienst, der auf Gebetsanliegen reagiert. F\u00fcrbittenforum: Die Initiative, die den Austausch unter den F\u00fcrbittern verwaltet und erm\u00f6glicht. Gebetsraum-Ressourcen: Bereitstellung von Ressourcen zur St\u00e4rkung des Gebets sowohl f\u00fcr Bittsteller als auch f\u00fcr F\u00fcrbitter Die Ziele von [&hellip;]<\/p>\n","protected":false},"author":10,"featured_media":0,"parent":0,"menu_order":0,"comment_status":"closed","ping_status":"closed","template":"page-templates\/prayer-ministry.php","meta":{"nf_dc_page":"","footnotes":""},"class_list":["post-3763","page","type-page","status-publish","hentry"],"_links":{"self":[{"href":"https:\/\/www.candlelightersinternational.org\/de\/wp-json\/wp\/v2\/pages\/3763","targetHints":{"allow":["GET"]}}],"collection":[{"href":"https:\/\/www.candlelightersinternational.org\/de\/wp-json\/wp\/v2\/pages"}],"about":[{"href":"https:\/\/www.candlelightersinternational.org\/de\/wp-json\/wp\/v2\/types\/page"}],"author":[{"embeddable":true,"href":"https:\/\/www.candlelightersinternational.org\/de\/wp-json\/wp\/v2\/users\/10"}],"replies":[{"embeddable":true,"href":"https:\/\/www.candlelightersinternational.org\/de\/wp-json\/wp\/v2\/comments?post=3763"}],"version-history":[{"count":3,"href":"https:\/\/www.candlelightersinternational.org\/de\/wp-json\/wp\/v2\/pages\/3763\/revisions"}],"predecessor-version":[{"id":4019,"href":"https:\/\/www.candlelightersinternational.org\/de\/wp-json\/wp\/v2\/pages\/3763\/revisions\/4019"}],"wp:attachment":[{"href":"https:\/\/www.candlelightersinternational.org\/de\/wp-json\/wp\/v2\/media?parent=3763"}],"curies":[{"name":"wp","href":"https:\/\/api.w.org\/{rel}","templated":true}]}}