{"id":3815,"date":"2025-03-04T06:18:39","date_gmt":"2025-03-04T06:18:39","guid":{"rendered":"https:\/\/www.candlelightersinternational.org\/politique-de-confidentialite\/"},"modified":"2025-07-14T12:49:23","modified_gmt":"2025-07-14T12:49:23","slug":"politique-de-confidentialite","status":"publish","type":"page","link":"https:\/\/www.candlelightersinternational.org\/de\/politique-de-confidentialite\/","title":{"rendered":"Datenschutzrichtlinie"},"content":{"rendered":"<h3>A. Einf\u00fchrung<\/h3>\n<p>Dieser an die Besucher unserer Website gerichtete Datenschutzhinweis ist f\u00fcr uns sehr wichtig, und wir verpflichten uns, ihn zu sch\u00fctzen. Der Datenschutzhinweis erl\u00e4utert, wie Candlelighters International Ihre personenbezogenen Daten, die auf unserer Website und in Verbindung mit unseren Blogs, Kundenbenachrichtigungen und anderen Kommunikationsdiensten (die &#8220;Dienste&#8221;) erhoben werden, erfasst, verwendet, weitergibt und anderweitig verarbeitet. Die Verarbeitung personenbezogener Daten im Zusammenhang mit Kundenbeziehungen wird in den Vertr\u00e4gen zwischen Candlelighters International und unseren Kunden geregelt  <\/p>\n<p>Wir k\u00f6nnen bei bestimmten Anl\u00e4ssen, bei denen wir personenbezogene Daten \u00fcber Sie erheben oder verarbeiten, erg\u00e4nzende Datenschutzhinweise bereitstellen. Diese erg\u00e4nzenden Hinweise sollten zusammen mit diesen Datenschutzhinweisen gelesen werden. Wenn Sie bei Ihrem ersten Besuch unserer Website der Verwendung von Cookies gem\u00e4\u00df den Bedingungen dieser Richtlinie zustimmen, k\u00f6nnen wir bei jedem Besuch unserer Website Cookies verwenden.  <\/p>\n<h3>B. Informationen, die wir \u00fcber Sie sammeln<\/h3>\n<p>Unser System kann von Ihnen Informationen sammeln, die uns dabei helfen, Ihre Aktivit\u00e4ten in unseren Diensten sowie die E-Mail-Kommunikation zu verstehen. Sie haben die M\u00f6glichkeit, uns \u00fcber verschiedene Bereiche unserer Dienste direkt Informationen zukommen zu lassen. Dabei k\u00f6nnen die folgenden Arten von personenbezogenen Daten erfasst, gespeichert und verwendet werden: <\/p>\n<ol>\n<li>Informationen \u00fcber Ihren Computer, einschlie\u00dflich Ihrer IP-Adresse, Ihres geografischen Standorts, des Browsertyps und der Browserversion sowie des Betriebssystems;<\/li>\n<li>Informationen \u00fcber Ihre Besuche auf und die Nutzung dieser Website, einschlie\u00dflich der Verweisquelle, der Dauer des Besuchs, der Seitenaufrufe und der Navigationspfade auf der Website;<\/li>\n<li>Informationen, wie z.B. Ihre E-Mail-Adresse, die Sie bei der Registrierung auf unserer Website eingeben;<\/li>\n<li>Informationen, die Sie eingeben, wenn Sie ein Profil auf unserer Website erstellen, z. B. Ihren Namen, Profilbilder, Ihr Geschlecht, Ihren Geburtstag, Ihren Beziehungsstatus, Ihre Interessen und Hobbys, Ihre Ausbildung und Ihren Arbeitsplatz;<\/li>\n<li>Informationen, wie z.B. Ihren Namen und Ihre E-Mail-Adresse, die Sie eingeben, um unsere E-Mails und\/oder Newsletter zu abonnieren;<\/li>\n<li>Informationen, die Sie bei der Nutzung der Dienste auf unserer Website eingeben;<\/li>\n<li>Informationen, die bei der Nutzung unserer Website generiert werden, einschlie\u00dflich wann, wie oft und unter welchen Umst\u00e4nden Sie sie nutzen;<\/li>\n<li>Informationen in Bezug auf alles, was Sie kaufen, Dienstleistungen, die Sie in Anspruch nehmen, oder Transaktionen, die Sie \u00fcber unsere Website durchf\u00fchren, einschlie\u00dflich Ihres Namens, Ihrer Adresse, Telefonnummer, E-Mail-Adresse und Kreditkartendaten;<\/li>\n<li>Informationen, die Sie auf unserer Website mit der Absicht einstellen, sie im Internet zu ver\u00f6ffentlichen, einschlie\u00dflich Ihres Benutzernamens, Ihrer Profilbilder und des Inhalts Ihrer Beitr\u00e4ge;<\/li>\n<li>Informationen, die in Mitteilungen enthalten sind, die Sie per E-Mail oder \u00fcber unsere Website an uns senden, einschlie\u00dflich der Inhalte und Metadaten der Mitteilungen;<\/li>\n<li>Alle anderen pers\u00f6nlichen Informationen, die Sie an uns senden.<\/li>\n<\/ol>\n<p>Bevor Sie die pers\u00f6nlichen Daten einer anderen Person an uns weitergeben, m\u00fcssen Sie die Zustimmung dieser Person sowohl f\u00fcr die Weitergabe als auch f\u00fcr die Verarbeitung dieser pers\u00f6nlichen Daten in \u00dcbereinstimmung mit dieser Datenschutzerkl\u00e4rung einholen.<\/p>\n<h3>C. Wie und warum wir Ihre Informationen verwenden<\/h3>\n<p>Wir k\u00f6nnen Ihre pers\u00f6nlichen Daten, die Sie uns zur Verf\u00fcgung stellen, f\u00fcr die folgenden Zwecke verwenden:<\/p>\n<ol>\n<li>Verwaltung unserer Website und unseres Gesch\u00e4fts;<\/li>\n<li>Personalisierung unserer Website f\u00fcr Sie;<\/li>\n<li>Um Ihnen die Nutzung der auf unserer Website verf\u00fcgbaren Dienste zu erm\u00f6glichen;<\/li>\n<li>Die Zusendung von Waren, die Sie \u00fcber unsere Website gekauft haben;<\/li>\n<li>Bereitstellung von Dienstleistungen, die \u00fcber unsere Website erworben wurden;<\/li>\n<li>Versand von Kontoausz\u00fcgen, Rechnungen und Zahlungserinnerungen an Sie und Einzug von Zahlungen von Ihnen;<\/li>\n<li>Durchf\u00fchrung von Analysen zur Verbesserung dieser Website und unserer Dienstleistungen sowie zu anderen Forschungszwecken;<\/li>\n<li>Die Zusendung von E-Mail-Benachrichtigungen, die Sie ausdr\u00fccklich angefordert haben;<\/li>\n<li>Zusendung unseres E-Mail-Newsletters, wenn Sie ihn angefordert haben (Sie k\u00f6nnen uns jederzeit mitteilen, wenn Sie den Newsletter nicht mehr ben\u00f6tigen);<\/li>\n<li>Zusendung von Marketingmitteilungen in Bezug auf unser Unternehmen oder die Unternehmen sorgf\u00e4ltig ausgew\u00e4hlter Dritter, von denen wir glauben, dass sie f\u00fcr Sie von Interesse sein k\u00f6nnten, per Post oder, sofern Sie dem ausdr\u00fccklich zugestimmt haben, per E-Mail oder mit \u00e4hnlichen Technologien (Sie k\u00f6nnen uns jederzeit informieren, wenn Sie keine Marketingmitteilungen mehr w\u00fcnschen);<\/li>\n<li>Bereitstellung von statistischen Informationen \u00fcber unsere Nutzer an Dritte (diese Dritten sind jedoch nicht in der Lage, anhand dieser Informationen einzelne Nutzer zu identifizieren);<\/li>\n<li>Bearbeitung von Anfragen und Beschwerden, die von Ihnen oder \u00fcber Sie im Zusammenhang mit unserer Website eingereicht werden;<\/li>\n<li>Unsere Website sicher halten und Betrug verhindern;<\/li>\n<li>\u00dcberpr\u00fcfung der Einhaltung der Bedingungen f\u00fcr die Nutzung unserer Website (einschlie\u00dflich der \u00dcberwachung privater Nachrichten, die \u00fcber den privaten Nachrichtendienst unserer Website gesendet werden); und<\/li>\n<li>Andere Verwendungen<\/li>\n<\/ol>\n<p>Bitte beachten Sie, dass wir, wenn Sie uns personenbezogene Daten zur Ver\u00f6ffentlichung auf unserer Website \u00fcbermitteln, diese Daten gem\u00e4\u00df der uns von Ihnen erteilten Lizenz ver\u00f6ffentlichen und anderweitig nutzen werden.<\/p>\n<p>Mit Ihren Datenschutzeinstellungen k\u00f6nnen Sie die Ver\u00f6ffentlichung Ihrer Daten auf unserer Website einschr\u00e4nken und diese \u00fcber die Datenschutzkontrollen auf der Website anpassen.<\/p>\n<p>Ohne Ihre ausdr\u00fcckliche Zustimmung werden wir Ihre pers\u00f6nlichen Daten nicht an Dritte f\u00fcr deren Direktmarketing oder das eines anderen Dritten weitergeben.<\/p>\n<h3>D. Offenlegung Ihrer pers\u00f6nlichen Informationen<\/h3>\n<p>Wir k\u00f6nnen Ihre pers\u00f6nlichen Daten an alle unsere Mitarbeiter, F\u00fchrungskr\u00e4fte, Versicherer, professionellen Berater, Vertreter oder Subunternehmer weitergeben, soweit dies f\u00fcr die in dieser Richtlinie dargelegten Zwecke notwendig ist. Dies kann auch Unternehmen einschlie\u00dfen, die f\u00fcr uns Dienstleistungen erbringen, einschlie\u00dflich Unternehmen, die Webanalysen, Werbung, E-Mail-Versand und andere Dienstleistungen anbieten. Diese Unternehmen sind in ihrer F\u00e4higkeit eingeschr\u00e4nkt, Ihre Daten f\u00fcr<br \/>\nandere Zwecke als die Erbringung von Dienstleistungen f\u00fcr uns zu verwenden.  <\/p>\n<p>Wir k\u00f6nnen Ihre pers\u00f6nlichen Daten an jedes Mitglied unserer Partnerunternehmen weitergeben, wenn dies f\u00fcr die in dieser Richtlinie genannten Zwecke notwendig ist.<\/p>\n<p>Wir k\u00f6nnen Ihre pers\u00f6nlichen Daten weitergeben:<\/p>\n<ol>\n<li>Soweit wir gesetzlich dazu verpflichtet sind;<\/li>\n<li>In Verbindung mit einem laufenden oder bevorstehenden Gerichtsverfahren;<\/li>\n<li>Um unsere gesetzlichen Rechte zu begr\u00fcnden, auszu\u00fcben oder zu verteidigen (einschlie\u00dflich der Weitergabe von Informationen an andere zum Zwecke der Betrugsbek\u00e4mpfung und der Reduzierung des Kreditrisikos);<\/li>\n<li>An den K\u00e4ufer (oder potenziellen K\u00e4ufer) eines Gesch\u00e4fts oder Verm\u00f6genswerts, den wir verkaufen (oder zu verkaufen beabsichtigen); und  <\/li>\n<li>An andere Dritte, wenn Sie einer solchen Weitergabe zustimmen.<\/li>\n<\/ol>\n<h3>E. Inhalte, Funktionen und Dienste von Drittanbietern<\/h3>\n<p>Einige der Inhalte, Funktionen und Dienste k\u00f6nnen von Dritten bereitgestellt werden, die nicht mit Candlelighters International verbunden sind. In unseren Blogs erm\u00f6glichen wir Ihnen beispielsweise, bestimmte Materialien auf der Website \u00fcber Dienste wie Facebook und Twitter mit anderen zu teilen. Diese Dritten k\u00f6nnen bestimmte Informationen \u00fcber Ihre Nutzung der Dienste sammeln oder erhalten, auch durch die Verwendung von Cookies, Web-Beacons und \u00e4hnlichen Technologien. Diese Unternehmen k\u00f6nnen diese Informationen im Laufe der Zeit sammeln und mit Informationen kombinieren, die von verschiedenen Websites und Online-Diensten gesammelt werden. Wir sind nicht verantwortlich f\u00fcr die Datenschutzpraktiken dieser Unternehmen.    <\/p>\n<h3>F. Eingebettete Inhalte von anderen Websites<\/h3>\n<p>Die Artikel auf dieser Website k\u00f6nnen eingebettete Inhalte enthalten (z.B. Videos, Bilder, Artikel usw.). Eingebettete Inhalte von anderen Websites verhalten sich genau so, als ob der Besucher die andere Website besucht h\u00e4tte. <\/p>\n<p>Diese Websites k\u00f6nnen Daten \u00fcber Sie sammeln, Cookies verwenden, zus\u00e4tzliche Trackingfunktionen von Drittanbietern einbetten und Ihre Interaktion mit diesen eingebetteten Inhalten \u00fcberwachen, einschlie\u00dflich der Verfolgung Ihrer Interaktion mit den eingebetteten Inhalten, wenn Sie ein Konto haben und auf dieser Website angemeldet sind.<\/p>\n<h3>G. Medien<\/h3>\n<p>Wenn Sie Bilder auf die Website hochladen, sollten Sie es vermeiden, Bilder hochzuladen, die eingebettete Standortdaten (EXIF-GPS) enthalten. Besucher der Website k\u00f6nnen alle Standortdaten von Bildern auf der Website herunterladen und extrahieren. <\/p>\n<h3>H. Internationale Daten\u00fcbermittlung<\/h3>\n<ol>\n<li>Die von uns gesammelten Informationen k\u00f6nnen in jedem der L\u00e4nder, in denen wir t\u00e4tig sind, gespeichert, verarbeitet und zwischen diesen L\u00e4ndern \u00fcbertragen werden, damit wir die Informationen in \u00dcbereinstimmung mit dieser Richtlinie verwenden k\u00f6nnen.<\/li>\n<li>Die von uns erfassten Daten k\u00f6nnen in die folgenden L\u00e4nder \u00fcbermittelt werden, deren Datenschutzgesetze nicht denen des Europ\u00e4ischen Wirtschaftsraums entsprechen: die Vereinigten Staaten von Amerika, Russland, Japan, China und Indien.<\/li>\n<li>Pers\u00f6nliche Informationen, die Sie auf unserer Website ver\u00f6ffentlichen oder zur Ver\u00f6ffentlichung auf unserer Website einreichen, k\u00f6nnen \u00fcber das Internet weltweit verf\u00fcgbar sein. Wir k\u00f6nnen die Nutzung oder den Missbrauch solcher Informationen durch andere nicht verhindern. <\/li>\n<li>Sie erkl\u00e4ren sich ausdr\u00fccklich mit der in diesem Abschnitt beschriebenen Weitergabe von pers\u00f6nlichen Daten einverstanden&#8230;<\/li>\n<\/ol>\n<h3>I. Wie lange wir Ihre pers\u00f6nlichen Daten aufbewahren <\/h3>\n<p>In diesem Abschnitt werden unsere Richtlinien und Verfahren zur Aufbewahrung und L\u00f6schung personenbezogener Daten beschrieben, die sicherstellen sollen, dass wir unseren gesetzlichen Verpflichtungen nachkommen.<\/p>\n<p>Es gilt Folgendes:<\/p>\n<ol>\n<li>Wenn Sie ein Kunde sind, werden Ihre pers\u00f6nlichen Daten 7 Jahre lang gespeichert. Dies hilft uns, Sie zu erkennen und Ihnen erstklassigen Support zu bieten, wenn Sie uns kontaktieren. <\/li>\n<li>Wenn Sie einen Kommentar hinterlassen, werden der Kommentar und seine Metadaten auf unbestimmte Zeit gespeichert. Auf diese Weise k\u00f6nnen wir Folgekommentare automatisch erkennen und genehmigen, anstatt sie in einer Moderationswarteschlange zu halten. <\/li>\n<li>F\u00fcr Benutzer, die sich auf unserer Website registrieren, speichern wir auch die pers\u00f6nlichen Daten, die sie in ihrem Benutzerprofil angeben. Alle Benutzer k\u00f6nnen ihre pers\u00f6nlichen Daten jederzeit einsehen, bearbeiten oder l\u00f6schen (au\u00dfer sie k\u00f6nnen ihren Benutzernamen nicht \u00e4ndern). Website-Administratoren k\u00f6nnen diese Informationen ebenfalls einsehen und bearbeiten.  <\/li>\n<li>Pers\u00f6nliche Daten, die wir f\u00fcr einen oder mehrere Zwecke verarbeiten, d\u00fcrfen nicht l\u00e4nger aufbewahrt werden, als es f\u00fcr diesen Zweck oder diese Zwecke erforderlich ist.<\/li>\n<li>Ungeachtet der anderen Bestimmungen hier werden wir Dokumente (einschlie\u00dflich elektronischer Dokumente), die pers\u00f6nliche Daten enthalten, aufbewahren:<br \/>\n             &nbsp;<br \/>\n  a. soweit wir gesetzlich dazu verpflichtet sind;<br \/>\n b. wenn wir glauben, dass die Dokumente f\u00fcr ein laufendes oder bevorstehendes Gerichtsverfahren relevant sein k\u00f6nnten; und<br \/>\n c. um unsere gesetzlichen Rechte zu begr\u00fcnden, auszu\u00fcben oder zu verteidigen (einschlie\u00dflich der Weitergabe von Informationen an andere zum Zwecke der Betrugsbek\u00e4mpfung und der Verringerung des Kreditrisikos).\n        <\/li>\n<\/ol>\n<h3>J. Sicherheit Ihrer pers\u00f6nlichen Daten<\/h3>\n<ol>\n<li>Wir werden angemessene technische und organisatorische Vorkehrungen treffen, um den Verlust, den Missbrauch oder die Ver\u00e4nderung Ihrer pers\u00f6nlichen Daten zu verhindern.<\/li>\n<li>Wir speichern alle pers\u00f6nlichen Daten, die Sie uns zur Verf\u00fcgung stellen, auf unseren sicheren (passwort- und firewall-gesch\u00fctzten) Servern.<\/li>\n<li>Alle elektronischen Finanztransaktionen, die \u00fcber unsere Website get\u00e4tigt werden, werden durch Verschl\u00fcsselungstechnologie gesch\u00fctzt.<\/li>\n<li>Sie erkennen an, dass die \u00dcbertragung von Informationen \u00fcber das Internet von Natur aus unsicher ist, und wir k\u00f6nnen die Sicherheit der \u00fcber das Internet gesendeten Daten nicht garantieren.<\/li>\n<li>Sie sind daf\u00fcr verantwortlich, das Passwort, das Sie f\u00fcr den Zugang zu unserer Website verwenden, geheim zu halten; wir werden Sie nicht nach Ihrem Passwort fragen (au\u00dfer wenn Sie sich auf unserer Website anmelden).  <\/li>\n<\/ol>\n<h3>K. Ihr Recht auf Kontrolle Ihrer pers\u00f6nlichen Daten bei uns<\/h3>\n<p>Sie k\u00f6nnen die Erfassung oder Verwendung Ihrer pers\u00f6nlichen Daten auf folgende Weise einschr\u00e4nken:<\/p>\n<ul>\n<li>wann immer Sie auf dieser Website gebeten werden, ein Formular auszuf\u00fcllen, achten Sie auf das K\u00e4stchen, das Sie anklicken k\u00f6nnen, um anzugeben, dass Sie nicht m\u00f6chten, dass diese Informationen von irgendjemandem f\u00fcr Direktmarketingzwecke verwendet werden<\/li>\n<li>Wenn Sie zuvor zugestimmt haben, dass wir Ihre pers\u00f6nlichen Daten f\u00fcr Direktmarketingzwecke verwenden, k\u00f6nnen Sie Ihre Meinung jederzeit \u00e4ndern, indem Sie uns schreiben oder eine E-Mail an <a href=\"mailto:info@candlelightersinternational.org\">info@candlelightersinternational.org<\/a> senden.<\/li>\n<\/ul>\n<p>Sie k\u00f6nnen jederzeit Einzelheiten zu den pers\u00f6nlichen Daten, die wir \u00fcber Sie gespeichert haben, anfordern. Hierf\u00fcr ist eine geringe Geb\u00fchr zu entrichten. Wenn Sie eine Kopie der \u00fcber Sie gespeicherten Daten w\u00fcnschen, schreiben Sie bitte an <a href=\"mailto:info@candlelightersinternational.org\">info@candlelightersinternational.org<\/a>  <\/p>\n<p>Wenn Sie der Meinung sind, dass die Informationen, die wir \u00fcber Sie haben, falsch oder unvollst\u00e4ndig sind, schreiben Sie uns bitte so schnell wie m\u00f6glich eine E-Mail an die oben genannte Adresse. Wir werden alle Informationen, die sich als falsch erweisen, umgehend korrigieren. <\/p>\n<p>Wir k\u00f6nnen die von Ihnen angeforderten pers\u00f6nlichen Informationen zur\u00fcckhalten, soweit dies gesetzlich zul\u00e4ssig ist.<\/p>\n<h3>L. Cookies, Web Beacons und \u00e4hnliche Technologien<\/h3>\n<p>Wir &#8211; sowie bestimmte Drittanbieter, die Inhalte, Funktionen oder Dienste auf unserer Website bereitstellen &#8211; verwenden eine Vielzahl von Technologien, um mehr dar\u00fcber zu erfahren, wie Besucher diese Website nutzen. In diesem Abschnitt finden Sie weitere Informationen \u00fcber einige dieser Technologien und wie sie funktionieren. <\/p>\n<p>Ein Cookie ist eine Datei, die eine Kennung (eine Zeichenfolge aus Buchstaben und Zahlen) enth\u00e4lt, die von einem Webserver an einen Webbrowser gesendet und vom Browser gespeichert wird. Die Kennung wird dann jedes Mal an den Server zur\u00fcckgesendet, wenn der Browser eine Seite vom Server anfordert. Bei Cookies kann es sich entweder um &#8220;dauerhafte&#8221; Cookies oder um &#8220;Sitzungscookies&#8221; handeln: Ein dauerhafter Cookie wird von einem Webbrowser gespeichert und bleibt bis zu seinem festgelegten Ablaufdatum g\u00fcltig, es sei denn,<br \/>\nwird vom Benutzer vor dem Ablaufdatum gel\u00f6scht; ein Sitzungscookie hingegen l\u00e4uft am Ende der Benutzersitzung ab, wenn der Webbrowser geschlossen wird. Cookies enthalten in der Regel keine Informationen, die einen Benutzer pers\u00f6nlich identifizieren, aber pers\u00f6nliche Informationen, die wir \u00fcber Sie speichern, k\u00f6nnen mit den in Cookies gespeicherten und aus ihnen gewonnenen Informationen verkn\u00fcpft werden. Je nach den von uns angebotenen Diensten k\u00f6nnen wir auf unserer Website nur Sitzungscookies \/ nur dauerhafte Cookies oder sowohl Sitzungs- als auch dauerhafte Cookies verwenden.    <\/p>\n<ol>\n<li>Die Namen der Cookies, die wir auf unserer Website verwenden, und die Zwecke, f\u00fcr die sie eingesetzt werden, sind im Folgenden aufgef\u00fchrt:<br \/>\n             &nbsp;<\/p>\n<p>a. Wir verwenden Google Analytics und Adwords auf unserer Website, um einen Computer zu erkennen, wenn ein Benutzer die Website besucht \/ um zu verfolgen, wie die Benutzer auf der Website navigieren \/ um die Verwendung eines Warenkorbs auf der Website zu erm\u00f6glichen \/ um die Benutzerfreundlichkeit der Website zu verbessern \/ um die Nutzung der Website zu analysieren \/ um die Website<br \/>\nzu verwalten \/ um Betrug zu verhindern und die Sicherheit der Website zu verbessern \/ um die Website f\u00fcr jeden Benutzer zu personalisieren \/ um Werbung zu schalten, die f\u00fcr bestimmte Benutzer von besonderem Interesse sein k\u00f6nnte \/ um den\/die Zweck(e) zu beschreiben;\n        <\/li>\n<li>Bei den meisten Browsern k\u00f6nnen Sie die Annahme von Cookies verweigern, zum Beispiel:<br \/>\n             &nbsp;<br \/>\n  a. im Internet Explorer (Version 10) k\u00f6nnen Sie Cookies blockieren, indem Sie auf &#8220;Extras&#8221;, &#8220;Internetoptionen&#8221;, &#8220;Datenschutz&#8221; und dann auf &#8220;Erweitert&#8221; klicken;<br \/>\n b. in Firefox (Version 24) k\u00f6nnen Sie alle Cookies blockieren, indem Sie auf &#8220;Extras&#8221;, &#8220;Optionen&#8221;, &#8220;Datenschutz&#8221; klicken, &#8220;Benutzerdefinierte Einstellungen f\u00fcr den Verlauf verwenden&#8221; aus dem Dropdown-Men\u00fc ausw\u00e4hlen und das H\u00e4kchen bei &#8220;Cookies von Websites akzeptieren&#8221; entfernen; und<br \/>\n c. in Chrome (Version 29) k\u00f6nnen Sie alle Cookies blockieren, indem Sie das Men\u00fc &#8220;Anpassen und Kontrollieren&#8221; aufrufen und auf &#8220;Einstellungen&#8221;, &#8220;Erweiterte Einstellungen anzeigen&#8221; und &#8220;Inhaltseinstellungen&#8221; klicken und dann unter der \u00dcberschrift &#8220;Cookies&#8221; die Option &#8220;Websites daran hindern, Daten zu speichern&#8221; ausw\u00e4hlen.\n        <\/li>\n<p>  Das Blockieren aller Cookies hat negative Auswirkungen auf die Benutzerfreundlichkeit vieler Websites. Wenn Sie Cookies blockieren, k\u00f6nnen Sie nicht alle Funktionen auf unserer Website nutzen. <\/p>\n<li>Sie k\u00f6nnen bereits auf Ihrem Computer gespeicherte Cookies l\u00f6schen &#8211; zum Beispiel:<br \/>\n             &nbsp;<br \/>\n  a. im Internet Explorer (Version 10) m\u00fcssen Sie Cookie-Dateien manuell l\u00f6schen (eine Anleitung dazu finden Sie unter<br \/>\n<a href=\"http:\/\/support.microsoft.com\/kb\/278835\" target=\"_blank\">http:\/\/support.microsoft.com\/kb\/278835<\/a> );<br \/>\n b. in Firefox (Version 24) k\u00f6nnen Sie Cookies l\u00f6schen, indem Sie auf &#8220;Extras&#8221;, &#8220;Optionen&#8221; und &#8220;Datenschutz&#8221; klicken, dann &#8220;Benutzerdefinierte Einstellungen f\u00fcr den Verlauf verwenden&#8221; ausw\u00e4hlen, auf &#8220;Cookies anzeigen&#8221; und dann auf &#8220;Alle Cookies entfernen&#8221; klicken; und<br \/>\n c. in Chrome (Version 29) k\u00f6nnen Sie alle Cookies l\u00f6schen, indem Sie das Men\u00fc &#8220;Anpassen und Steuern&#8221; aufrufen und auf &#8220;Einstellungen&#8221;, &#8220;Erweiterte Einstellungen anzeigen&#8221; und &#8220;Browserdaten l\u00f6schen&#8221; klicken und dann &#8220;Cookies und andere Website- und Plugin-Daten l\u00f6schen&#8221; ausw\u00e4hlen, bevor Sie auf &#8220;Browserdaten l\u00f6schen&#8221; klicken.\n        <\/li>\n<li>Das L\u00f6schen von Cookies hat negative Auswirkungen auf die Benutzerfreundlichkeit vieler Websites.<\/li>\n<\/ol>\n<h3>M. \u00c4nderungen an dieser Datenschutzerkl\u00e4rung<\/h3>\n<p>Wir k\u00f6nnen diesen Datenschutzhinweis jederzeit aktualisieren. Wir empfehlen Ihnen, unsere Seite mit den Richtlinien gelegentlich zu besuchen, um sicherzustellen, dass Sie alle \u00c4nderungen an dieser Richtlinie verstanden haben. Wir k\u00f6nnen Sie per E-Mail oder \u00fcber das private Nachrichtensystem auf unserer Website \u00fcber \u00c4nderungen an dieser Richtlinie informieren.  <\/p>\n<h3>N. Weitere Informationen<\/h3>\n<p>Sollten Sie Fragen zu dieser Datenschutzerkl\u00e4rung oder Anfragen zu Ihren Rechten bez\u00fcglich personenbezogener Daten haben, k\u00f6nnen Sie uns unter <a href=\"mailto:info@candlelightersinternational.org\">info@candlelightersinternational.org<\/a> oder unter der unten angegebenen Adresse kontaktieren.<\/p>\n<p>Datenschutzbeauftragter<br \/>\nCandlelighters International<br \/>\nChemin des Emossi\u00e8res 2<br \/>\n1197 Prangins<\/p>\n","protected":false},"excerpt":{"rendered":"<p>A. Einf\u00fchrung Dieser an die Besucher unserer Website gerichtete Datenschutzhinweis ist f\u00fcr uns sehr wichtig, und wir verpflichten uns, ihn zu sch\u00fctzen. Der Datenschutzhinweis erl\u00e4utert, wie Candlelighters International Ihre personenbezogenen Daten, die auf unserer Website und in Verbindung mit unseren Blogs, Kundenbenachrichtigungen und anderen Kommunikationsdiensten (die &#8220;Dienste&#8221;) erhoben werden, erfasst, verwendet, weitergibt und anderweitig verarbeitet. [&hellip;]<\/p>\n","protected":false},"author":10,"featured_media":0,"parent":0,"menu_order":0,"comment_status":"closed","ping_status":"closed","template":"","meta":{"nf_dc_page":"","footnotes":""},"class_list":["post-3815","page","type-page","status-publish","hentry"],"_links":{"self":[{"href":"https:\/\/www.candlelightersinternational.org\/de\/wp-json\/wp\/v2\/pages\/3815","targetHints":{"allow":["GET"]}}],"collection":[{"href":"https:\/\/www.candlelightersinternational.org\/de\/wp-json\/wp\/v2\/pages"}],"about":[{"href":"https:\/\/www.candlelightersinternational.org\/de\/wp-json\/wp\/v2\/types\/page"}],"author":[{"embeddable":true,"href":"https:\/\/www.candlelightersinternational.org\/de\/wp-json\/wp\/v2\/users\/10"}],"replies":[{"embeddable":true,"href":"https:\/\/www.candlelightersinternational.org\/de\/wp-json\/wp\/v2\/comments?post=3815"}],"version-history":[{"count":1,"href":"https:\/\/www.candlelightersinternational.org\/de\/wp-json\/wp\/v2\/pages\/3815\/revisions"}],"predecessor-version":[{"id":3816,"href":"https:\/\/www.candlelightersinternational.org\/de\/wp-json\/wp\/v2\/pages\/3815\/revisions\/3816"}],"wp:attachment":[{"href":"https:\/\/www.candlelightersinternational.org\/de\/wp-json\/wp\/v2\/media?parent=3815"}],"curies":[{"name":"wp","href":"https:\/\/api.w.org\/{rel}","templated":true}]}}