{"id":3840,"date":"2025-03-13T12:10:02","date_gmt":"2025-03-13T12:10:02","guid":{"rendered":"https:\/\/www.candlelightersinternational.org\/unsere-podcasts\/"},"modified":"2025-03-13T12:10:02","modified_gmt":"2025-03-13T12:10:02","slug":"unsere-podcasts","status":"publish","type":"page","link":"https:\/\/www.candlelightersinternational.org\/de\/unsere-podcasts\/","title":{"rendered":"Unsere Podcasts"},"content":{"rendered":"<h3>Unsere <strong>Podcast-Ziele<\/strong><\/h3>\n<p>Bereitstellung strategischer Kan\u00e4le f\u00fcr die Bereitstellung von Informationen, die \u00d6ffentlichkeitsarbeit und das Engagement, \u00fcber die CI-Programme und -Initiativen durchgef\u00fchrt werden k\u00f6nnten:<\/p>\n<ol>\n<li>F\u00f6rdern Sie die Ber\u00fccksichtigung und Annahme einer biblischen Weltanschauung im t\u00e4glichen Leben.<\/li>\n<li>Hinterfragen Sie Annahmen, die in unserer heutigen Gesellschaft weit verbreitet sind.<\/li>\n<li>Umfragen und Stichproben zu Einstellungen und Wissen \u00fcber das Wort Gottes.<\/li>\n<li>Den Gl\u00e4ubigen bei der Entwicklung einer tieferen pers\u00f6nlichen Beziehung zum lebendigen Gott zu helfen.<\/li>\n<li>Bieten Sie inspirierende Lebensgeschichten von Einzelpersonen an, um pers\u00f6nliches Wachstum zu f\u00f6rdern.<\/li>\n<\/ol>\n","protected":false},"excerpt":{"rendered":"<p>Unsere Podcast-Ziele Bereitstellung strategischer Kan\u00e4le f\u00fcr die Bereitstellung von Informationen, die \u00d6ffentlichkeitsarbeit und das Engagement, \u00fcber die CI-Programme und -Initiativen durchgef\u00fchrt werden k\u00f6nnten: F\u00f6rdern Sie die Ber\u00fccksichtigung und Annahme einer biblischen Weltanschauung im t\u00e4glichen Leben. Hinterfragen Sie Annahmen, die in unserer heutigen Gesellschaft weit verbreitet sind. Umfragen und Stichproben zu Einstellungen und Wissen \u00fcber das [&hellip;]<\/p>\n","protected":false},"author":10,"featured_media":0,"parent":0,"menu_order":0,"comment_status":"closed","ping_status":"closed","template":"page-templates\/our-podcast.php","meta":{"nf_dc_page":"","footnotes":""},"class_list":["post-3840","page","type-page","status-publish","hentry"],"_links":{"self":[{"href":"https:\/\/www.candlelightersinternational.org\/de\/wp-json\/wp\/v2\/pages\/3840","targetHints":{"allow":["GET"]}}],"collection":[{"href":"https:\/\/www.candlelightersinternational.org\/de\/wp-json\/wp\/v2\/pages"}],"about":[{"href":"https:\/\/www.candlelightersinternational.org\/de\/wp-json\/wp\/v2\/types\/page"}],"author":[{"embeddable":true,"href":"https:\/\/www.candlelightersinternational.org\/de\/wp-json\/wp\/v2\/users\/10"}],"replies":[{"embeddable":true,"href":"https:\/\/www.candlelightersinternational.org\/de\/wp-json\/wp\/v2\/comments?post=3840"}],"version-history":[{"count":0,"href":"https:\/\/www.candlelightersinternational.org\/de\/wp-json\/wp\/v2\/pages\/3840\/revisions"}],"wp:attachment":[{"href":"https:\/\/www.candlelightersinternational.org\/de\/wp-json\/wp\/v2\/media?parent=3840"}],"curies":[{"name":"wp","href":"https:\/\/api.w.org\/{rel}","templated":true}]}}