{"id":1741,"date":"2019-11-06T13:23:39","date_gmt":"2019-11-06T13:23:39","guid":{"rendered":"https:\/\/www.candlelightersinternational.org\/comment-nous-travaillons\/"},"modified":"2025-07-15T09:22:59","modified_gmt":"2025-07-15T09:22:59","slug":"comment-nous-travaillons","status":"publish","type":"page","link":"https:\/\/www.candlelightersinternational.org\/fr\/ce-que-nous-faisons\/comment-nous-travaillons\/","title":{"rendered":"Comment nous travaillons"},"content":{"rendered":"<h1>Comment nous travaillons<\/h1>\n<img loading=\"lazy\" decoding=\"async\" class=\"size-full wp-image-147 alignleft\" src=\"https:\/\/candlelightersinternational.org\/wp-content\/uploads\/2019\/11\/about_thumb3.jpg\" alt=\"\" width=\"195\" height=\"171\" \/><img loading=\"lazy\" decoding=\"async\" class=\"size-medium wp-image-148 alignleft\" src=\"https:\/\/candlelightersinternational.org\/wp-content\/uploads\/2019\/11\/about_thumb1.jpg\" alt=\"\" width=\"195\" height=\"171\" \/><img loading=\"lazy\" decoding=\"async\" class=\"size-medium wp-image-149 alignleft\" src=\"https:\/\/candlelightersinternational.org\/wp-content\/uploads\/2019\/11\/about_thumb2.jpg\" alt=\"\" width=\"195\" height=\"171\" \/>\n<p><span style=\"color: #000000;\">En tant que prestataire de services chr\u00e9tiens, nous nous concentrons sur la r\u00e9alisation des types de changements qui aideront les gens \u00e0 vivre dans la justice, r\u00e9v\u00e9lant la gloire et les b\u00e9n\u00e9dictions de Dieu aux autres et \u00e9galement au sein de leurs communaut\u00e9s en g\u00e9n\u00e9ral. Pour ce faire, nous entreprenons une approche \u00e0 travers laquelle nous <strong>cherchons \u00e0 comprendre<\/strong> (par la direction de la Parole de Dieu et du Saint-Esprit) les principaux d\u00e9fis qui affligent les domaines d&#8217;int\u00e9r\u00eat sp\u00e9cifiques \u00e0 l&#8217;\u00e9tude. Nous <strong>\u00e9coutons et apprenons ensuite \u00e0 identifier<\/strong> les solutions possibles et les canaux de livraison pour relever les d\u00e9fis. Nous faisons enfin <strong>correspondre les appels et les exp\u00e9riences minist\u00e9rielles disponibles<\/strong> pour d\u00e9velopper et g\u00e9n\u00e9rer des ressources pour relever ces d\u00e9fis.<\/span><\/p>\n<h2 style=\"text-align: center;\"><span style=\"color: #000000;\"><strong>Notre approche<\/strong><\/span><\/h2>\n<img loading=\"lazy\" decoding=\"async\" class=\"wp-image-865 size-full aligncenter\" src=\"https:\/\/candlelightersinternational.org\/wp-content\/uploads\/2020\/07\/Our-Approach-Icon.png\" alt=\"\" width=\"535\" height=\"348\" \/>\n<p><span style=\"color: #000000;\">Notre question ultime\u00a0:<strong>\u00a0Comment pouvons-nous vous aider \u00e0 en faire plus\u00a0?<\/strong><\/span><\/p>\n<h2><span style=\"color: #000000;\"><strong>Nos partenariats<\/strong><\/span><\/h2>\n<p><span style=\"color: #000000;\">En faisant notre travail, nous collaborons directement avec des croyants et d&#8217;autres institutions partenaires partageant les m\u00eames id\u00e9es. Nous travaillons ensemble pour ob\u00e9ir \u00e0 la grande commission de notre Seigneur J\u00e9sus. Nous nous effor\u00e7ons de promouvoir de nouvelles solutions, tout en exploitant le pouvoir r\u00e9volutionnaire de la mise en commun de nos ressources et de nos talents communs pour apporter des changements transformateurs dans la vie des individus et des communaut\u00e9s au sein des nations.<\/span><\/p>\n<p><span style=\"color: #000000;\">Nos partenariats, programmes et projets sont tous structur\u00e9s et d\u00e9velopp\u00e9s pour aborder des probl\u00e8mes difficiles et n\u00e9glig\u00e9s d&#8217;un point de vue chr\u00e9tien sans compromis.<\/span><\/p>\n<h2><strong><span style=\"color: #000000;\">Notre objectif<\/span><\/strong><\/h2>\n<p><span style=\"color: #000000;\">Afin de travailler \u00e0 r\u00e9soudre les probl\u00e8mes pertinents identifi\u00e9s, nous nous effor\u00e7ons de nous c\u00e9der comme des vases \u00e0 l&#8217;usage du Saint-Esprit. En ob\u00e9issance travailler avec :<\/span><\/p>\n<ol>\n<li><span style=\"color: #000000;\">Un sentiment d&#8217;urgence \u00e0 tendre la main pour rechercher et soutenir les personnes perdues, bless\u00e9es ou pauvres,<\/span><\/li>\n<li><span style=\"color: #000000;\">Des approches adaptatives et flexibles qui, sous la direction de l&#8217;Esprit, nous permettront de maximiser l&#8217;apprentissage et les connaissances, ainsi que les ressources,<\/span><\/li>\n<li><span style=\"color: #000000;\">Une gamme d&#8217;approches philanthropiques et de r\u00e9duction des co\u00fbts, le cas \u00e9ch\u00e9ant, afin d&#8217;offrir un maximum d&#8217;avantages aux membres, autres b\u00e9n\u00e9ficiaires et partenaires,<\/span><\/li>\n<\/ol>\n","protected":false},"excerpt":{"rendered":"<p>Comment nous travaillons En tant que prestataire de services chr\u00e9tiens, nous nous concentrons sur la r\u00e9alisation des types de changements qui aideront les gens \u00e0 vivre dans la justice, r\u00e9v\u00e9lant la gloire et les b\u00e9n\u00e9dictions de Dieu aux autres et \u00e9galement au sein de leurs communaut\u00e9s en g\u00e9n\u00e9ral. Pour ce faire, nous entreprenons une approche [&hellip;]<\/p>\n","protected":false},"author":1,"featured_media":0,"parent":3749,"menu_order":0,"comment_status":"closed","ping_status":"closed","template":"","meta":{"nf_dc_page":"","footnotes":""},"class_list":["post-1741","page","type-page","status-publish","hentry"],"_links":{"self":[{"href":"https:\/\/www.candlelightersinternational.org\/fr\/wp-json\/wp\/v2\/pages\/1741","targetHints":{"allow":["GET"]}}],"collection":[{"href":"https:\/\/www.candlelightersinternational.org\/fr\/wp-json\/wp\/v2\/pages"}],"about":[{"href":"https:\/\/www.candlelightersinternational.org\/fr\/wp-json\/wp\/v2\/types\/page"}],"author":[{"embeddable":true,"href":"https:\/\/www.candlelightersinternational.org\/fr\/wp-json\/wp\/v2\/users\/1"}],"replies":[{"embeddable":true,"href":"https:\/\/www.candlelightersinternational.org\/fr\/wp-json\/wp\/v2\/comments?post=1741"}],"version-history":[{"count":3,"href":"https:\/\/www.candlelightersinternational.org\/fr\/wp-json\/wp\/v2\/pages\/1741\/revisions"}],"predecessor-version":[{"id":3932,"href":"https:\/\/www.candlelightersinternational.org\/fr\/wp-json\/wp\/v2\/pages\/1741\/revisions\/3932"}],"up":[{"embeddable":true,"href":"https:\/\/www.candlelightersinternational.org\/fr\/wp-json\/wp\/v2\/pages\/3749"}],"wp:attachment":[{"href":"https:\/\/www.candlelightersinternational.org\/fr\/wp-json\/wp\/v2\/media?parent=1741"}],"curies":[{"name":"wp","href":"https:\/\/api.w.org\/{rel}","templated":true}]}}