{"id":1745,"date":"2019-12-06T06:34:42","date_gmt":"2019-12-06T06:34:42","guid":{"rendered":"https:\/\/www.candlelightersinternational.org\/devotion-quotidienne\/"},"modified":"2025-07-25T07:15:56","modified_gmt":"2025-07-25T07:15:56","slug":"devotion-quotidienne","status":"publish","type":"page","link":"https:\/\/www.candlelightersinternational.org\/fr\/devotion-quotidienne\/","title":{"rendered":"D\u00e9votion quotidienne"},"content":{"rendered":"<h1>D\u00e9votion quotidienne<\/h1>\n<p><strong><span style=\"color: #000000;\">\u00ab C&#8217;est pourquoi le Seigneur a dit : Puisque ce peuple s&#8217;approche de moi avec sa bouche et m&#8217;honore de ses l\u00e8vres, mais qu&#8217;il a \u00e9loign\u00e9 son c\u0153ur de moi, et que sa crainte \u00e0 mon \u00e9gard est enseign\u00e9e par le pr\u00e9cepte des hommes : C&#8217;est pourquoi, voici , Je vais proc\u00e9der \u00e0 une \u0153uvre merveilleuse parmi ce peuple, une \u0153uvre m\u00eame merveilleuse et un prodige : car la sagesse de leurs sages p\u00e9rira, et l&#8217;intelligence de leurs sages sera cach\u00e9e. Malheur \u00e0 ceux qui cherchent profond\u00e9ment \u00e0 cacher leur conseil au Seigneur, et leurs \u0153uvres sont dans les t\u00e9n\u00e8bres, et ils disent, qui nous voit ? et qui nous conna\u00eet ? \u00c9sa\u00efe 29\u00a0:13-15 (LSG).<\/span><\/strong><\/p>\n<div class=\"cmcal-calendar-container cmcal-calendar-153\"><div class=\"cmcal-calendar-filter-area \"><\/div><div id=\"cmcal_calendar_153\" class=\"cmcal-calendar \" data-cmcal-id =\"153\" ><\/div><\/div>\n","protected":false},"excerpt":{"rendered":"<p>D\u00e9votion quotidienne \u00ab C&#8217;est pourquoi le Seigneur a dit : Puisque ce peuple s&#8217;approche de moi avec sa bouche et m&#8217;honore de ses l\u00e8vres, mais qu&#8217;il a \u00e9loign\u00e9 son c\u0153ur de moi, et que sa crainte \u00e0 mon \u00e9gard est enseign\u00e9e par le pr\u00e9cepte des hommes : C&#8217;est pourquoi, voici , Je vais proc\u00e9der \u00e0 [&hellip;]<\/p>\n","protected":false},"author":1,"featured_media":0,"parent":0,"menu_order":0,"comment_status":"closed","ping_status":"closed","template":"page-templates\/daily-devotion-page.php","meta":{"nf_dc_page":"","footnotes":""},"class_list":["post-1745","page","type-page","status-publish","hentry"],"_links":{"self":[{"href":"https:\/\/www.candlelightersinternational.org\/fr\/wp-json\/wp\/v2\/pages\/1745","targetHints":{"allow":["GET"]}}],"collection":[{"href":"https:\/\/www.candlelightersinternational.org\/fr\/wp-json\/wp\/v2\/pages"}],"about":[{"href":"https:\/\/www.candlelightersinternational.org\/fr\/wp-json\/wp\/v2\/types\/page"}],"author":[{"embeddable":true,"href":"https:\/\/www.candlelightersinternational.org\/fr\/wp-json\/wp\/v2\/users\/1"}],"replies":[{"embeddable":true,"href":"https:\/\/www.candlelightersinternational.org\/fr\/wp-json\/wp\/v2\/comments?post=1745"}],"version-history":[{"count":3,"href":"https:\/\/www.candlelightersinternational.org\/fr\/wp-json\/wp\/v2\/pages\/1745\/revisions"}],"predecessor-version":[{"id":4155,"href":"https:\/\/www.candlelightersinternational.org\/fr\/wp-json\/wp\/v2\/pages\/1745\/revisions\/4155"}],"wp:attachment":[{"href":"https:\/\/www.candlelightersinternational.org\/fr\/wp-json\/wp\/v2\/media?parent=1745"}],"curies":[{"name":"wp","href":"https:\/\/api.w.org\/{rel}","templated":true}]}}