{"id":1753,"date":"2021-03-31T14:04:23","date_gmt":"2021-03-31T14:04:23","guid":{"rendered":"https:\/\/www.candlelightersinternational.org\/mettre-a-niveau-ladhesion\/"},"modified":"2025-07-24T05:58:53","modified_gmt":"2025-07-24T05:58:53","slug":"mettre-a-niveau-ladhesion","status":"publish","type":"page","link":"https:\/\/www.candlelightersinternational.org\/fr\/mettre-a-niveau-ladhesion\/","title":{"rendered":"Mettre \u00e0 niveau l&#8217;adh\u00e9sion"},"content":{"rendered":"<h1 style=\"text-align: center;\">Mettre \u00e0 niveau l&#8217;adh\u00e9sion<\/h1>\n<p style=\"text-align: center;\">Vous n&#8217;\u00eates pas autoris\u00e9 \u00e0 consulter ces sections premium du site Web. Veuillez mettre \u00e0 jour votre adh\u00e9sion pour acc\u00e9der \u00e0 cette section.<\/p>\n<p style=\"text-align: center;\"><a class=\"button\" href=\"https:\/\/www.candlelightersinternational.org\/fr\/devenir-membre\/abonnement\/\">Mettre \u00e0 niveau l&#8217;adh\u00e9sion<\/a><\/p>\n<h1 style=\"text-align: center;\">Pour les intercesseurs uniquement<\/h1>\n<p style=\"text-align: center;\">Vous n&#8217;\u00eates pas autoris\u00e9 \u00e0 consulter ces sections premium du site Web. Veuillez vous connecter ou vous inscrire en tant qu&#8217;intercesseur pour acc\u00e9der \u00e0 cette section.<\/p>\n<p style=\"text-align: center;\"><a class=\"button\" href=\"https:\/\/www.candlelightersinternational.org\/fr\/devenir-membre\/abonnement\/sinscrire\/?lid=4\">S&#8217;inscrire comme intercesseur<\/a><\/p>\n","protected":false},"excerpt":{"rendered":"<p>Mettre \u00e0 niveau l&#8217;adh\u00e9sion Vous n&#8217;\u00eates pas autoris\u00e9 \u00e0 consulter ces sections premium du site Web. Veuillez mettre \u00e0 jour votre adh\u00e9sion pour acc\u00e9der \u00e0 cette section. Mettre \u00e0 niveau l&#8217;adh\u00e9sion Pour les intercesseurs uniquement Vous n&#8217;\u00eates pas autoris\u00e9 \u00e0 consulter ces sections premium du site Web. Veuillez vous connecter ou vous inscrire en tant [&hellip;]<\/p>\n","protected":false},"author":1,"featured_media":0,"parent":0,"menu_order":0,"comment_status":"closed","ping_status":"closed","template":"page-templates\/inner-page.php","meta":{"nf_dc_page":"","footnotes":""},"class_list":["post-1753","page","type-page","status-publish","hentry"],"_links":{"self":[{"href":"https:\/\/www.candlelightersinternational.org\/fr\/wp-json\/wp\/v2\/pages\/1753","targetHints":{"allow":["GET"]}}],"collection":[{"href":"https:\/\/www.candlelightersinternational.org\/fr\/wp-json\/wp\/v2\/pages"}],"about":[{"href":"https:\/\/www.candlelightersinternational.org\/fr\/wp-json\/wp\/v2\/types\/page"}],"author":[{"embeddable":true,"href":"https:\/\/www.candlelightersinternational.org\/fr\/wp-json\/wp\/v2\/users\/1"}],"replies":[{"embeddable":true,"href":"https:\/\/www.candlelightersinternational.org\/fr\/wp-json\/wp\/v2\/comments?post=1753"}],"version-history":[{"count":4,"href":"https:\/\/www.candlelightersinternational.org\/fr\/wp-json\/wp\/v2\/pages\/1753\/revisions"}],"predecessor-version":[{"id":4140,"href":"https:\/\/www.candlelightersinternational.org\/fr\/wp-json\/wp\/v2\/pages\/1753\/revisions\/4140"}],"wp:attachment":[{"href":"https:\/\/www.candlelightersinternational.org\/fr\/wp-json\/wp\/v2\/media?parent=1753"}],"curies":[{"name":"wp","href":"https:\/\/api.w.org\/{rel}","templated":true}]}}