{"id":1761,"date":"2019-11-06T13:36:45","date_gmt":"2019-11-06T13:36:45","guid":{"rendered":"https:\/\/www.candlelightersinternational.org\/benevole\/"},"modified":"2025-07-21T06:26:23","modified_gmt":"2025-07-21T06:26:23","slug":"benevole","status":"publish","type":"page","link":"https:\/\/www.candlelightersinternational.org\/fr\/ce-que-nous-faisons\/benevole\/","title":{"rendered":"B\u00e9n\u00e9vole"},"content":{"rendered":"<h1>B\u00e9n\u00e9vole<\/h1>\n<figure id=\"attachment_147\" aria-describedby=\"caption-attachment-147\" style=\"width: 195px\" class=\"wp-caption alignleft\"><a href=\"https:\/\/www.candlelightersinternational.org\/fr\/ce-que-nous-faisons\/benevole\/opportunites-de-volontariat\/\"><img loading=\"lazy\" decoding=\"async\" class=\"wp-image-147 size-full\" src=\"https:\/\/candlelightersinternational.org\/wp-content\/uploads\/2019\/11\/about_thumb3.jpg\" alt=\"\" width=\"195\" height=\"171\"><\/a><figcaption id=\"caption-attachment-147\" class=\"wp-caption-text\">Opportunit\u00e9s de volontariat<\/figcaption><\/figure>\n<figure id=\"attachment_148\" aria-describedby=\"caption-attachment-148\" style=\"width: 195px\" class=\"wp-caption alignleft\"><a href=\"https:\/\/www.candlelightersinternational.org\/fr\/ce-que-nous-faisons\/benevole\/temoignages\/\"><img loading=\"lazy\" decoding=\"async\" class=\"wp-image-148 size-full\" src=\"https:\/\/candlelightersinternational.org\/wp-content\/uploads\/2019\/11\/about_thumb1.jpg\" alt=\"\" width=\"195\" height=\"171\"><\/a><figcaption id=\"caption-attachment-148\" class=\"wp-caption-text\">T\u00e9moignages<\/figcaption><\/figure>\n<figure id=\"attachment_149\" aria-describedby=\"caption-attachment-149\" style=\"width: 195px\" class=\"wp-caption alignleft\"><a href=\"https:\/\/www.candlelightersinternational.org\/fr\/ce-que-nous-faisons\/benevole\/celebrons-nos-benevoles\/\"><img loading=\"lazy\" decoding=\"async\" class=\"wp-image-149 size-full\" src=\"https:\/\/candlelightersinternational.org\/wp-content\/uploads\/2019\/11\/about_thumb2.jpg\" alt=\"\" width=\"195\" height=\"171\"><\/a><figcaption id=\"caption-attachment-149\" class=\"wp-caption-text\">C\u00e9l\u00e9brons nos b\u00e9n\u00e9voles<\/figcaption><\/figure>\n","protected":false},"excerpt":{"rendered":"<p>B\u00e9n\u00e9vole<\/p>\n","protected":false},"author":1,"featured_media":0,"parent":3749,"menu_order":0,"comment_status":"closed","ping_status":"closed","template":"","meta":{"nf_dc_page":"","footnotes":""},"class_list":["post-1761","page","type-page","status-publish","hentry"],"_links":{"self":[{"href":"https:\/\/www.candlelightersinternational.org\/fr\/wp-json\/wp\/v2\/pages\/1761","targetHints":{"allow":["GET"]}}],"collection":[{"href":"https:\/\/www.candlelightersinternational.org\/fr\/wp-json\/wp\/v2\/pages"}],"about":[{"href":"https:\/\/www.candlelightersinternational.org\/fr\/wp-json\/wp\/v2\/types\/page"}],"author":[{"embeddable":true,"href":"https:\/\/www.candlelightersinternational.org\/fr\/wp-json\/wp\/v2\/users\/1"}],"replies":[{"embeddable":true,"href":"https:\/\/www.candlelightersinternational.org\/fr\/wp-json\/wp\/v2\/comments?post=1761"}],"version-history":[{"count":5,"href":"https:\/\/www.candlelightersinternational.org\/fr\/wp-json\/wp\/v2\/pages\/1761\/revisions"}],"predecessor-version":[{"id":4065,"href":"https:\/\/www.candlelightersinternational.org\/fr\/wp-json\/wp\/v2\/pages\/1761\/revisions\/4065"}],"up":[{"embeddable":true,"href":"https:\/\/www.candlelightersinternational.org\/fr\/wp-json\/wp\/v2\/pages\/3749"}],"wp:attachment":[{"href":"https:\/\/www.candlelightersinternational.org\/fr\/wp-json\/wp\/v2\/media?parent=1761"}],"curies":[{"name":"wp","href":"https:\/\/api.w.org\/{rel}","templated":true}]}}