{"id":1762,"date":"2021-11-23T10:27:01","date_gmt":"2021-11-23T10:27:01","guid":{"rendered":"https:\/\/www.candlelightersinternational.org\/academie\/"},"modified":"2025-07-14T12:56:07","modified_gmt":"2025-07-14T12:56:07","slug":"academie","status":"publish","type":"page","link":"https:\/\/www.candlelightersinternational.org\/fr\/academie\/","title":{"rendered":"Acad\u00e9mie"},"content":{"rendered":"<h1>Acad\u00e9mie<\/h1>\n<p><img loading=\"lazy\" decoding=\"async\" class=\"wp-image-897 size-full aligncenter\" src=\"https:\/\/candlelightersinternational.org\/wp-content\/uploads\/2020\/07\/academy-1.png\" alt=\"\" width=\"1920\" height=\"760\"><\/p>\n<h3><span style=\"color: #000000;\">Votre Acad\u00e9mie sur cette plate-forme est sp\u00e9cialement con\u00e7ue pour vous offrir la possibilit\u00e9 de suivre des \u00e9tudes personnelles dans le confort de votre foyer. Vous devez apprendre par vous-m\u00eame et \u00eatre intentionnel dans votre d\u00e9veloppement personnel. <\/span><\/h3>\n<p><span style=\"color: #000000;\">A travers cette acad\u00e9mie, nous vous servirons au mieux si vous vous posez d\u00e9j\u00e0 cette question : <\/span><\/p>\n<h3><span style=\"color: #ff0000;\"><em>Sur ces questions&#8230;,<\/em> <em>\u00e0 qui profite mon ignorance ?<\/em><\/span><\/h3>\n<p><span style=\"color: #000000;\">Il est \u00e0 noter que la r\u00e9ponse \u00e0 cette question est un d\u00e9terminant ou un indicateur des domaines dans lesquels vous avez besoin de d\u00e9veloppement personnel ou d&#8217;\u00e9ducation, afin de vous lib\u00e9rer de ceux qui profitent de vous.<\/span><\/p>\n<p><span style=\"color: #3366ff;\"><strong>Nous vous fournirons <em>des outils sp\u00e9cifiques, des id\u00e9es gagnantes et vous mettrons en contact avec des experts pertinents dans leurs domaines, le tout dans le but de vous aider \u00e0 d\u00e9velopper des comp\u00e9tences uniques vitales pour g\u00e9rer les probl\u00e8mes cl\u00e9s de votre int\u00e9r\u00eat.<\/em><\/strong><\/span><\/p>\n<p><span style=\"color: #000000;\"><img loading=\"lazy\" decoding=\"async\" class=\"wp-image-940 alignleft\" src=\"https:\/\/candlelightersinternational.org\/wp-content\/uploads\/2020\/08\/academy-2.png\" alt=\"\" width=\"413\" height=\"275\">Les services que nous offrons ici visent \u00e0 vous aider \u00e0 d\u00e9velopper vos connaissances dans les domaines que le Seigneur vous guide. Avec nos partenaires, nous proposerons un large \u00e9ventail d&#8217;options de formation en ligne dans diff\u00e9rents domaines. Nous publions \u00e9galement des articles savants (bien document\u00e9s) d&#8217;experts dans diff\u00e9rents domaines, qui correspondent \u00e0 nos objectifs et \u00e0 notre mission. <\/span><\/p>\n<p><span style=\"color: #000000;\"><strong><em><span style=\"color: #000000;\">Le seul but de cette acad\u00e9mie reste de VOUS \u00e9difier et de VOUS ancrer sur des bases solides dans votre cheminement personnel avec le Christ J\u00e9sus, le Rocher des \u00c2ges. <\/span> <\/em><\/strong><\/span><\/p>\n<p><span style=\"color: #000000;\">Dans le cadre de nos activit\u00e9s de conf\u00e9rence et de s\u00e9minaire, nous organiserons des entra\u00eenements physiques avec vous dans le cadre d&#8217;\u00e9v\u00e9nements sp\u00e9cifiques, sous la direction du Seigneur. <\/span><\/p>\n<p><span style=\"color: #000000;\">L&#8217;offre de cours ne cessera de cro\u00eetre et, au fur et \u00e0 mesure que nous travaillons avec nos partenaires, nous nous efforcerons continuellement de vous offrir les opportunit\u00e9s d&#8217;\u00e9tudes pertinentes qui vous am\u00e8neront plus profond\u00e9ment dans l&#8217;amour de Dieu Tout-Puissant. Tous ces cours sont disponibles pour les personnes qui sont actuellement membres de Candlelighters International.<\/span><\/p>\n<p><span style=\"color: #000000;\"><img loading=\"lazy\" decoding=\"async\" class=\" wp-image-942 alignright\" src=\"https:\/\/candlelightersinternational.org\/wp-content\/uploads\/2020\/08\/academy-4.png\" alt=\"\" width=\"296\" height=\"197\">Notez que tous les cours que nous proposons sont \u00e0 votre rythme et qu&#8217;avec nos partenaires, certains cours traditionnels seront structur\u00e9s de mani\u00e8re \u00e0 ce que les heures-cr\u00e9dits puissent \u00eatre transf\u00e9rables. La plupart des cours suivront et ouvriront la politique d&#8217;inscription, et l\u00e0 o\u00f9 ce n&#8217;est pas le cas, la p\u00e9riode d&#8217;inscription sera rendue publique. Presque tous les cours n\u00e9cessiteront des aides sp\u00e9cifiques adapt\u00e9es aux besoins vid\u00e9o et audio. <\/span><\/p>\n<h3><strong><span style=\"color: #000000;\">Nous vous invitons \u00e0 vous immerger dans nos programmes d&#8217;\u00e9tudes tout en profitant du confort chaleureux de votre maison. Soyez personnel en aimant votre J\u00e9sus.<\/span><\/strong><\/h3>\n<p><strong> <\/strong><\/p>\n","protected":false},"excerpt":{"rendered":"<p>Acad\u00e9mie Votre Acad\u00e9mie sur cette plate-forme est sp\u00e9cialement con\u00e7ue pour vous offrir la possibilit\u00e9 de suivre des \u00e9tudes personnelles dans le confort de votre foyer. Vous devez apprendre par vous-m\u00eame et \u00eatre intentionnel dans votre d\u00e9veloppement personnel. A travers cette acad\u00e9mie, nous vous servirons au mieux si vous vous posez d\u00e9j\u00e0 cette question : Sur [&hellip;]<\/p>\n","protected":false},"author":1,"featured_media":0,"parent":0,"menu_order":0,"comment_status":"closed","ping_status":"closed","template":"page-templates\/topical-page.php","meta":{"nf_dc_page":"","footnotes":""},"class_list":["post-1762","page","type-page","status-publish","hentry"],"_links":{"self":[{"href":"https:\/\/www.candlelightersinternational.org\/fr\/wp-json\/wp\/v2\/pages\/1762","targetHints":{"allow":["GET"]}}],"collection":[{"href":"https:\/\/www.candlelightersinternational.org\/fr\/wp-json\/wp\/v2\/pages"}],"about":[{"href":"https:\/\/www.candlelightersinternational.org\/fr\/wp-json\/wp\/v2\/types\/page"}],"author":[{"embeddable":true,"href":"https:\/\/www.candlelightersinternational.org\/fr\/wp-json\/wp\/v2\/users\/1"}],"replies":[{"embeddable":true,"href":"https:\/\/www.candlelightersinternational.org\/fr\/wp-json\/wp\/v2\/comments?post=1762"}],"version-history":[{"count":2,"href":"https:\/\/www.candlelightersinternational.org\/fr\/wp-json\/wp\/v2\/pages\/1762\/revisions"}],"predecessor-version":[{"id":2545,"href":"https:\/\/www.candlelightersinternational.org\/fr\/wp-json\/wp\/v2\/pages\/1762\/revisions\/2545"}],"wp:attachment":[{"href":"https:\/\/www.candlelightersinternational.org\/fr\/wp-json\/wp\/v2\/media?parent=1762"}],"curies":[{"name":"wp","href":"https:\/\/api.w.org\/{rel}","templated":true}]}}