{"id":1775,"date":"2019-11-06T13:24:15","date_gmt":"2019-11-06T13:24:15","guid":{"rendered":"https:\/\/www.candlelightersinternational.org\/comment-nous-travaillons\/notre-role-notre-mission-et-nos-objectifs\/"},"modified":"2025-07-15T09:24:49","modified_gmt":"2025-07-15T09:24:49","slug":"notre-role-notre-mission-et-nos-objectifs","status":"publish","type":"page","link":"https:\/\/www.candlelightersinternational.org\/fr\/ce-que-nous-faisons\/comment-nous-travaillons\/notre-role-notre-mission-et-nos-objectifs\/","title":{"rendered":"Notre r\u00f4le, notre mission et nos objectifs"},"content":{"rendered":"<h1>Notre r\u00f4le<\/h1>\n<img loading=\"lazy\" decoding=\"async\" class=\"size-full wp-image-147 alignleft\" src=\"https:\/\/candlelightersinternational.org\/wp-content\/uploads\/2019\/11\/about_thumb3.jpg\" alt=\"\" width=\"195\" height=\"171\" \/><img loading=\"lazy\" decoding=\"async\" class=\"alignnone wp-image-148 size-full\" src=\"https:\/\/candlelightersinternational.org\/wp-content\/uploads\/2019\/11\/about_thumb1.jpg\" alt=\"\" width=\"195\" height=\"171\" \/><img loading=\"lazy\" decoding=\"async\" class=\"size-medium wp-image-149 alignleft\" src=\"https:\/\/candlelightersinternational.org\/wp-content\/uploads\/2019\/11\/about_thumb2.jpg\" alt=\"\" width=\"195\" height=\"171\" \/>\n<h4><span style=\"color: #0000ff;\">Allumer votre feu : une personne \u00e0 la fois ; et en le gardant plus brillant\u00a0!<\/span><\/h4>\n<p><span style=\"color: #000000;\">Il est devenu tr\u00e8s \u00e9vident pour nous que tr\u00e8s peu de chr\u00e9tiens connaissent et comprennent r\u00e9ellement \u00ab l&#8217;appel \u00bb de Dieu sur eux. Parler \u00e0 un large \u00e9ventail de chr\u00e9tiens activement engag\u00e9s, pr\u00e8s de 95% li\u00e9s aux activit\u00e9s qu&#8217;ils effectuent dans l&#8217;\u00e9glise en tant que leur appel ou minist\u00e8re. Cela indiquait une incompr\u00e9hension importante du lien entre leur \u00ab\u00a0Appel\u00a0\u00bb et leur \u00ab\u00a0Affectation\u00a0\u00bb. dans ce m\u00eame contexte, un malentendu entre \u00ab\u00a0Appel\u00a0\u00bb et \u00ab\u00a0Carri\u00e8re ou emploi\u00a0\u00bb pourrait-il \u00eatre une raison pour laquelle les chr\u00e9tiens sont consid\u00e9r\u00e9s comme moins actifs en dehors des activit\u00e9s dominicales. Cela pourrait-il \u00eatre l&#8217;une des raisons pour lesquelles la plupart des chr\u00e9tiens semblent avoir \u00ab deux chapeaux \u00bb \u2013 un \u00ab chapeau de carri\u00e8re \u00bb (du lundi au samedi) et un \u00ab chapeau d&#8217;appel ou de minist\u00e8re \u00bb (le dimanche). Sur les quatre murs de leurs \u00e9glises locales, il y a peu ou pas d&#8217;action ou d&#8217;engagement.<\/span><\/p>\n<img loading=\"lazy\" decoding=\"async\" class=\"wp-image-863 alignleft\" src=\"https:\/\/candlelightersinternational.org\/wp-content\/uploads\/2020\/07\/How-can-i-help-icon.png\" alt=\"\" width=\"314\" height=\"248\" \/>\n<h4><span style=\"color: #0000ff;\">Notre question cl\u00e9\u00a0: COMMENT POUVONS-NOUS VOUS AIDER \u00c0 R\u00c9PONDRE \u00c0 L&#8217;APPEL DE DIEU SUR VOTRE VIE\u00a0?<\/span><\/h4>\n<p><span style=\"color: #993300;\"><strong>Romains 8\u00a0:19<\/strong> \u2013 \u00ab\u00a0Car l&#8217;attente sinc\u00e8re de la cr\u00e9ature attend la manifestation des fils de Dieu.\u00a0\u00bb (LSG)<\/span><\/p>\n<ul class=\"icon\">\n<li><span style=\"color: #000000;\">Si vous ne connaissez pas votre \u00ab\u00a0Appel\u00a0\u00bb, nous vous aiderons \u00e0 l&#8217;identifier et \u00e0 le saisir.<\/span><\/li>\n<li><span style=\"color: #000000;\">Si vous connaissez et vous demandez comment vous y prendre, nous vous soutiendrons et vous accompagnerons dans sa r\u00e9alisation.<\/span><\/li>\n<\/ul>\n<h4><span style=\"color: #000000;\">Nous sommes dans une situation qui n\u00e9cessite plus de main-d&#8217;\u0153uvre pour la grande r\u00e9colte. Etre pro-actif. Mettez votre foi en action. Impliquez-vous dans la Grande Commission.<br \/>\n<\/span><\/h4>\n<p class=\"blue_bg\"><span style=\"color: #0000ff;\"><strong>Luc 10\u00a0:2<\/strong> \u2013 \u00ab\u00a0C&#8217;est pourquoi il leur dit que la moisson <em>est<\/em> vraiment grande, mais les ouvriers <em>sont<\/em> peu nombreux\u00a0: priez donc le ma\u00eetre de la moisson, afin qu&#8217;il envoie des ouvriers dans sa moisson.\u00a0\u00bb (LSG).<\/span><\/p>\n<h1><span style=\"color: #000000;\">Notre mission<\/span><\/h1>\n<p><span style=\"color: #000000;\">La mission de Candlelighters International est <em>de mieux \u00e9quiper, encourager et fortifier les chr\u00e9tiens avec la v\u00e9rit\u00e9 propre \u00e0 la Parole de Dieu, pour qu&#8217;ils vivent ses pr\u00e9ceptes et manifestent les fruits de l&#8217;Esprit,<\/em> tout en repr\u00e9sentant fructueusement la foi chr\u00e9tienne \u00e0 un monde affam\u00e9, malade et sceptique. Nous nous effor\u00e7ons de servir le corps du Christ en compl\u00e9tant le travail d&#8217;autres minist\u00e8res, en aidant \u00e0 l&#8217;\u00e9tablissement et \u00e0 la diffusion d&#8217;informations claires qui favorisent une vie pratique dans la joie du Saint-Esprit.<\/span><\/p>\n<h1><span style=\"color: #000000;\"><strong>But g\u00e9n\u00e9ral<\/strong><\/span><\/h1>\n<p><span style=\"color: #000000;\"><img loading=\"lazy\" decoding=\"async\" class=\"wp-image-871 alignright\" src=\"https:\/\/candlelightersinternational.org\/wp-content\/uploads\/2020\/07\/focus-icon-1.png\" alt=\"\" width=\"320\" height=\"251\" \/>L&#8217;objectif g\u00e9n\u00e9ral de Candlelighters International est <em>de promouvoir la croissance spirituelle par la puissance du Saint-Esprit,<\/em> en aidant \u00e0 approfondir l&#8217;information, la connaissance et la compr\u00e9hension pratique de la vision chr\u00e9tienne du monde dans les domaines de la vie quotidienne, des relations avec le monde, du monde des affaires et d&#8217;autres domaines qui nous affectent et nous influencent.<\/span><\/p>\n<h2><span style=\"color: #000000;\"> <strong>Les objectifs sp\u00e9cifiques<\/strong> sont\u00a0:<\/span><\/h2>\n<ol>\n<li><span style=\"color: #000000;\"><strong>Sensibilisation pour \u00e9difier les croyants d\u00e9courag\u00e9s\u00a0:<\/strong> tendre la main aux croyants qui, pour une raison quelconque, sont incapables d&#8217;assister \u00e0 une bonne \u00e9glise croyant en la Bible et\/ou d&#8217;acc\u00e9der \u00e0 une bonne pr\u00e9dication et \u00e0 un bon enseignement de la Bible (2 Cor. 4:7-10 ; 1 Tim. 4:11 ; 6:2 et 2 Tim. 2:2)<\/span><\/li>\n<li><span style=\"color: #000000;\"><strong>Renforcer les saints<\/strong>: Am\u00e9liorer la connaissance de la Parole de Dieu dans le corps local du Christ par l&#8217;enseignement de la Parole de Dieu non alt\u00e9r\u00e9e et non s\u00e9lective (Eph. 3:16 ; Col. 3:10 ; Psaume 111:7 ; 2 Sam. 7:28 ; 2 Timoth\u00e9e 2:15 ; 2 Tim. 3:16), r\u00e9orienter sur la mani\u00e8re de revenir \u00e0 la V\u00e9rit\u00e9 propre \u00e0 la Parole de Dieu (Psaume 51:6 ; Eph. 3:16-19 ; 1 Tim. 2:3-5).<\/span><\/li>\n<li><span style=\"color: #000000;\"><strong>Sensibiliser les non-croyants \u00e0 la puissance salvatrice de J\u00e9sus-Christ<\/strong>: Pr\u00eacher et pr\u00e9senter la bonne nouvelle du Royaume de Dieu ; et gagner les \u00e2mes perdues par la gr\u00e2ce salvatrice de Dieu (Prov. 11:30 ; Actes 2:38 ; Actes 13:47 ; Jacques 5:20 ; Matt. 28:19-20 ; Apoc. 3:20 ; Jean 5:24 ; Actes 10:43 ; Isa. 53:6 ; Rom 3:23-25 ; Col 2:9-14)<\/span><\/li>\n<li><span style=\"color: #000000;\"><strong>Encourager le d\u00e9veloppement pratique d&#8217;un minist\u00e8re communautaire local :<\/strong> Soutenir et d\u00e9velopper un r\u00e9seau de personnes et de syst\u00e8mes qui r\u00e9pondent aux besoins mat\u00e9riels, \u00e9motionnels, physiques, \u00e9conomiques, \u00e9ducatifs et sociaux des croyants et des autres (1 Jean 4:8 ; Jacques 2:14-17 ; Romains 12:13-17; 1 Pierre 5:2; Eph. 2:10; Gal 5:13; Deut. 8:18)<\/span><\/li>\n<li><span style=\"color: #000000;\"><strong>Promouvoir le d\u00e9veloppement professionnel et l&#8217;esprit d&#8217;entreprise : <\/strong>Exposer, pr\u00e9senter et accompagner la puissance de la vision chr\u00e9tienne du monde dans les domaines de la gouvernance, du leadership et des affaires, et l&#8217;influence positive qu&#8217;elle pourrait apporter \u00e0 un monde en d\u00e9clin (Prov. 21:5 ; Prov. 13:11 ; Prov. 11:1 ; Gen. 2:15 ; Prov. 10:9 ; Prov. 10:4 ; Psaume 112:5 ; Col. 3:23 ; Matt. 6:33).<\/span><\/li>\n<li><span style=\"color: #000000;\"><strong>Mener des recherches et pr\u00e9senter les perspectives chr\u00e9tiennes sur des th\u00e8mes cl\u00e9s\u00a0:<\/strong> fournir des informations soigneusement recherch\u00e9es et des r\u00e9ponses et des conseils bien motiv\u00e9s sur divers domaines relatifs \u00e0 la vie holistique dans le contexte d&#8217;une vision chr\u00e9tienne du monde (1 Pierre 3:11; Romains 12:2; Prov. 25:2; 2 Tim. 3:16; Jean 17:17)<\/span><\/li>\n<li><span style=\"color: #000000;\"><strong>Exaltez le nom de J\u00e9sus au-dessus de tout autre nom<\/strong> (Phil. 2:9; H\u00e9b. 2:9; Eph. 4:10; Luc 22:69; Marc 16:19; Actes 5:31; 1 Pierre 3:22).<\/span><\/li>\n<\/ol>\n","protected":false},"excerpt":{"rendered":"<p>Notre r\u00f4le Allumer votre feu : une personne \u00e0 la fois ; et en le gardant plus brillant\u00a0! Il est devenu tr\u00e8s \u00e9vident pour nous que tr\u00e8s peu de chr\u00e9tiens connaissent et comprennent r\u00e9ellement \u00ab l&#8217;appel \u00bb de Dieu sur eux. Parler \u00e0 un large \u00e9ventail de chr\u00e9tiens activement engag\u00e9s, pr\u00e8s de 95% li\u00e9s aux [&hellip;]<\/p>\n","protected":false},"author":1,"featured_media":0,"parent":1741,"menu_order":0,"comment_status":"closed","ping_status":"closed","template":"","meta":{"nf_dc_page":"","footnotes":""},"class_list":["post-1775","page","type-page","status-publish","hentry"],"_links":{"self":[{"href":"https:\/\/www.candlelightersinternational.org\/fr\/wp-json\/wp\/v2\/pages\/1775","targetHints":{"allow":["GET"]}}],"collection":[{"href":"https:\/\/www.candlelightersinternational.org\/fr\/wp-json\/wp\/v2\/pages"}],"about":[{"href":"https:\/\/www.candlelightersinternational.org\/fr\/wp-json\/wp\/v2\/types\/page"}],"author":[{"embeddable":true,"href":"https:\/\/www.candlelightersinternational.org\/fr\/wp-json\/wp\/v2\/users\/1"}],"replies":[{"embeddable":true,"href":"https:\/\/www.candlelightersinternational.org\/fr\/wp-json\/wp\/v2\/comments?post=1775"}],"version-history":[{"count":4,"href":"https:\/\/www.candlelightersinternational.org\/fr\/wp-json\/wp\/v2\/pages\/1775\/revisions"}],"predecessor-version":[{"id":3934,"href":"https:\/\/www.candlelightersinternational.org\/fr\/wp-json\/wp\/v2\/pages\/1775\/revisions\/3934"}],"up":[{"embeddable":true,"href":"https:\/\/www.candlelightersinternational.org\/fr\/wp-json\/wp\/v2\/pages\/1741"}],"wp:attachment":[{"href":"https:\/\/www.candlelightersinternational.org\/fr\/wp-json\/wp\/v2\/media?parent=1775"}],"curies":[{"name":"wp","href":"https:\/\/api.w.org\/{rel}","templated":true}]}}