{"id":1779,"date":"2019-12-05T08:22:47","date_gmt":"2019-12-05T08:22:47","guid":{"rendered":"https:\/\/www.candlelightersinternational.org\/benevole\/opportunites-de-volontariat\/"},"modified":"2025-07-24T06:22:51","modified_gmt":"2025-07-24T06:22:51","slug":"opportunites-de-volontariat","status":"publish","type":"page","link":"https:\/\/www.candlelightersinternational.org\/fr\/ce-que-nous-faisons\/benevole\/opportunites-de-volontariat\/","title":{"rendered":"Opportunit\u00e9s de volontariat"},"content":{"rendered":"<h1>Opportunit\u00e9s de volontariat<\/h1>\n<p><span style=\"color: #000000;\">Merci beaucoup pour l&#8217;int\u00e9r\u00eat que vous portez au travail de Candlelighters International. <\/span><\/p>\n<p><span style=\"color: #000000;\">La visite de ces pages indique votre int\u00e9r\u00eat \u00e0 contribuer avec votre temps, vos comp\u00e9tences et votre expertise \u00e0 l&#8217;accomplissement du mandat de cette organisation. Nous vous encourageons \u00e0 visiter r\u00e9guli\u00e8rement cette page pour voir les opportunit\u00e9s disponibles. <\/span><\/p>\n<p><span style=\"color: #000000;\">Dans une situation o\u00f9 vous n&#8217;avez pas vu ce qui vous int\u00e9resse, n&#8217;h\u00e9sitez pas \u00e0 <span style=\"color: #0000ff;\"><a style=\"color: #0000ff;\" href=\"https:\/\/www.candlelightersinternational.org\/fr\/a-propos-de-nous\/nous-contacter\/\">nous contacter<\/a><\/span> directement, afin que nous discutions ensemble de la fa\u00e7on dont nous pourrions mieux utiliser les ressources humaines que vous apportez.<\/span><\/p>\n","protected":false},"excerpt":{"rendered":"<p>Opportunit\u00e9s de volontariat Merci beaucoup pour l&#8217;int\u00e9r\u00eat que vous portez au travail de Candlelighters International. La visite de ces pages indique votre int\u00e9r\u00eat \u00e0 contribuer avec votre temps, vos comp\u00e9tences et votre expertise \u00e0 l&#8217;accomplissement du mandat de cette organisation. Nous vous encourageons \u00e0 visiter r\u00e9guli\u00e8rement cette page pour voir les opportunit\u00e9s disponibles. Dans une [&hellip;]<\/p>\n","protected":false},"author":1,"featured_media":0,"parent":1761,"menu_order":0,"comment_status":"closed","ping_status":"closed","template":"page-templates\/volunteering-opportunities-page.php","meta":{"footnotes":""},"class_list":["post-1779","page","type-page","status-publish","hentry"],"_links":{"self":[{"href":"https:\/\/www.candlelightersinternational.org\/fr\/wp-json\/wp\/v2\/pages\/1779","targetHints":{"allow":["GET"]}}],"collection":[{"href":"https:\/\/www.candlelightersinternational.org\/fr\/wp-json\/wp\/v2\/pages"}],"about":[{"href":"https:\/\/www.candlelightersinternational.org\/fr\/wp-json\/wp\/v2\/types\/page"}],"author":[{"embeddable":true,"href":"https:\/\/www.candlelightersinternational.org\/fr\/wp-json\/wp\/v2\/users\/1"}],"replies":[{"embeddable":true,"href":"https:\/\/www.candlelightersinternational.org\/fr\/wp-json\/wp\/v2\/comments?post=1779"}],"version-history":[{"count":3,"href":"https:\/\/www.candlelightersinternational.org\/fr\/wp-json\/wp\/v2\/pages\/1779\/revisions"}],"predecessor-version":[{"id":3944,"href":"https:\/\/www.candlelightersinternational.org\/fr\/wp-json\/wp\/v2\/pages\/1779\/revisions\/3944"}],"up":[{"embeddable":true,"href":"https:\/\/www.candlelightersinternational.org\/fr\/wp-json\/wp\/v2\/pages\/1761"}],"wp:attachment":[{"href":"https:\/\/www.candlelightersinternational.org\/fr\/wp-json\/wp\/v2\/media?parent=1779"}],"curies":[{"name":"wp","href":"https:\/\/api.w.org\/{rel}","templated":true}]}}