{"id":1811,"date":"2021-05-18T13:48:45","date_gmt":"2021-05-18T13:48:45","guid":{"rendered":"https:\/\/www.candlelightersinternational.org\/devenir-membre\/"},"modified":"2025-07-25T14:54:01","modified_gmt":"2025-07-25T14:54:01","slug":"devenir-membre","status":"publish","type":"page","link":"https:\/\/www.candlelightersinternational.org\/fr\/devenir-membre\/","title":{"rendered":"Devenir membre"},"content":{"rendered":"<h4><span style=\"color: #000000;\"><strong>Notre adh\u00e9sion<br \/>\n<\/strong><\/span><\/h4>\n<p><span style=\"color: #000000;\">Les membres de Candlelighters International sont des personnes du monde entier qui cherchent \u00e0 <em>mieux <\/em><em>s&#8217;<\/em> <em>\u00e9quiper, \u00e0 <\/em><em>s&#8217;<\/em> <em>encourager et \u00e0 <\/em><em>se<\/em> <em>fortifier <\/em><em>elles-m\u00eames et les autres avec la v\u00e9rit\u00e9 propre \u00e0 la Parole de Dieu,<\/em> <em>afin de vivre ses pr\u00e9ceptes et de manifester le fruit de l&#8217;esprit<\/em><em> dans<\/em> un monde spirituellement affam\u00e9, malade et sceptique.<\/span><\/p>\n<p><span style=\"color: #000000;\">En tant que r\u00e9seau de chr\u00e9tiens, nos membres se composent de membres ordinaires, associ\u00e9s et affili\u00e9s.<br \/>\n<\/span><\/p>\n<h4><span style=\"color: #000000;\"><strong>Cat\u00e9gories d&#8217;adh\u00e9sion<\/strong><\/span><\/h4>\n<img loading=\"lazy\" decoding=\"async\" class=\"aligncenter wp-image-4185 size-full\" src=\"https:\/\/www.candlelightersinternational.org\/wp-content\/uploads\/2025\/07\/Membership-Icon-FR.png\" alt=\"\" width=\"845\" height=\"168\" \/>\n<p><span style=\"color: #3366ff;\"><strong>Membre ordinaire <\/strong><\/span><\/p>\n<p><span style=\"color: #000000;\">&#8211; Les membres ordinaires sont des personnes impliqu\u00e9es dans le fonctionnement ou la gestion quotidienne de l&#8217;organisation. Ils comprennent des membres fondateurs, du conseil d&#8217;administration et recrut\u00e9s aux niveaux de la gouvernance et des op\u00e9rations. <\/span><\/p>\n<p><span style=\"color: #000000;\"><strong><span style=\"color: #3366ff;\">Membre affili\u00e9<\/span> <\/strong><\/span><\/p>\n<p><span style=\"color: #000000;\">&#8211; Les membres affili\u00e9s sont des partenaires, y compris des entreprises, des institutions, des associations, des organisations et des \u00e9glises, qui collaborent avec Candlelighters International pour fournir les produits et services n\u00e9cessaires dans le cadre de sa vision, sa mission et ses objectifs.<\/span><\/p>\n<p><span style=\"color: #000000;\"><strong><span style=\"color: #3366ff;\">Membre associ\u00e9<\/span> <\/strong><\/span><\/p>\n<p><span style=\"color: #000000;\">&#8211; Les membres associ\u00e9s sont des membres du public qui soutiennent la vision, la mission et les objectifs de Candlelighters International avec des contributions financi\u00e8res et autres contributions en nature.<\/span><\/p>\n<p><span style=\"color: #000000;\">&#8211; Il existe trois cat\u00e9gories de membres associ\u00e9s : <strong>Gold, Silver et Bronze, Memberships.<\/strong><\/span><\/p>\n<p><span style=\"color: #000000;\">Les membres associ\u00e9s b\u00e9n\u00e9ficient d&#8217;informations suppl\u00e9mentaires r\u00e9serv\u00e9es aux membres disponibles sur notre plateforme d&#8217;adh\u00e9sion<\/span><\/p>\n","protected":false},"excerpt":{"rendered":"<p>Notre adh\u00e9sion Les membres de Candlelighters International sont des personnes du monde entier qui cherchent \u00e0 mieux s&#8217; \u00e9quiper, \u00e0 s&#8217; encourager et \u00e0 se fortifier elles-m\u00eames et les autres avec la v\u00e9rit\u00e9 propre \u00e0 la Parole de Dieu, afin de vivre ses pr\u00e9ceptes et de manifester le fruit de l&#8217;esprit dans un monde spirituellement [&hellip;]<\/p>\n","protected":false},"author":1,"featured_media":0,"parent":0,"menu_order":0,"comment_status":"closed","ping_status":"closed","template":"page-templates\/register.php","meta":{"nf_dc_page":"","footnotes":""},"class_list":["post-1811","page","type-page","status-publish","hentry"],"_links":{"self":[{"href":"https:\/\/www.candlelightersinternational.org\/fr\/wp-json\/wp\/v2\/pages\/1811","targetHints":{"allow":["GET"]}}],"collection":[{"href":"https:\/\/www.candlelightersinternational.org\/fr\/wp-json\/wp\/v2\/pages"}],"about":[{"href":"https:\/\/www.candlelightersinternational.org\/fr\/wp-json\/wp\/v2\/types\/page"}],"author":[{"embeddable":true,"href":"https:\/\/www.candlelightersinternational.org\/fr\/wp-json\/wp\/v2\/users\/1"}],"replies":[{"embeddable":true,"href":"https:\/\/www.candlelightersinternational.org\/fr\/wp-json\/wp\/v2\/comments?post=1811"}],"version-history":[{"count":8,"href":"https:\/\/www.candlelightersinternational.org\/fr\/wp-json\/wp\/v2\/pages\/1811\/revisions"}],"predecessor-version":[{"id":4194,"href":"https:\/\/www.candlelightersinternational.org\/fr\/wp-json\/wp\/v2\/pages\/1811\/revisions\/4194"}],"wp:attachment":[{"href":"https:\/\/www.candlelightersinternational.org\/fr\/wp-json\/wp\/v2\/media?parent=1811"}],"curies":[{"name":"wp","href":"https:\/\/api.w.org\/{rel}","templated":true}]}}