{"id":1814,"date":"2019-12-05T11:59:08","date_gmt":"2019-12-05T11:59:08","guid":{"rendered":"https:\/\/www.candlelightersinternational.org\/ligne-de-priere\/"},"modified":"2025-07-14T13:11:36","modified_gmt":"2025-07-14T13:11:36","slug":"ligne-de-priere","status":"publish","type":"page","link":"https:\/\/www.candlelightersinternational.org\/fr\/services-du-ministere-de-la-priere\/ligne-de-priere\/","title":{"rendered":"Ligne de pri\u00e8re"},"content":{"rendered":"<h1>Ligne de pri\u00e8re<\/h1>\n<h4><span style=\"color: #000000;\">Notre ligne de pri\u00e8re 24 heures sur 24 est actuellement en cours de reconstruction.<\/span><\/h4>\n<h4><span style=\"color: #000000;\">Pour toute situation urgente, contactez-nous \u00e0 l&#8217;adresse <span style=\"color: #0000ff;\">suivante : info@candlelightersinternational.org <\/span> <\/span><\/h4>\n","protected":false},"excerpt":{"rendered":"<p>Ligne de pri\u00e8re Notre ligne de pri\u00e8re 24 heures sur 24 est actuellement en cours de reconstruction. Pour toute situation urgente, contactez-nous \u00e0 l&#8217;adresse suivante : info@candlelightersinternational.org<\/p>\n","protected":false},"author":1,"featured_media":0,"parent":3761,"menu_order":0,"comment_status":"closed","ping_status":"closed","template":"","meta":{"nf_dc_page":"","footnotes":""},"class_list":["post-1814","page","type-page","status-publish","hentry"],"_links":{"self":[{"href":"https:\/\/www.candlelightersinternational.org\/fr\/wp-json\/wp\/v2\/pages\/1814","targetHints":{"allow":["GET"]}}],"collection":[{"href":"https:\/\/www.candlelightersinternational.org\/fr\/wp-json\/wp\/v2\/pages"}],"about":[{"href":"https:\/\/www.candlelightersinternational.org\/fr\/wp-json\/wp\/v2\/types\/page"}],"author":[{"embeddable":true,"href":"https:\/\/www.candlelightersinternational.org\/fr\/wp-json\/wp\/v2\/users\/1"}],"replies":[{"embeddable":true,"href":"https:\/\/www.candlelightersinternational.org\/fr\/wp-json\/wp\/v2\/comments?post=1814"}],"version-history":[{"count":2,"href":"https:\/\/www.candlelightersinternational.org\/fr\/wp-json\/wp\/v2\/pages\/1814\/revisions"}],"predecessor-version":[{"id":3775,"href":"https:\/\/www.candlelightersinternational.org\/fr\/wp-json\/wp\/v2\/pages\/1814\/revisions\/3775"}],"up":[{"embeddable":true,"href":"https:\/\/www.candlelightersinternational.org\/fr\/wp-json\/wp\/v2\/pages\/3761"}],"wp:attachment":[{"href":"https:\/\/www.candlelightersinternational.org\/fr\/wp-json\/wp\/v2\/media?parent=1814"}],"curies":[{"name":"wp","href":"https:\/\/api.w.org\/{rel}","templated":true}]}}