{"id":1815,"date":"2019-11-06T13:22:12","date_gmt":"2019-11-06T13:22:12","guid":{"rendered":"https:\/\/www.candlelightersinternational.org\/qui-nous-sommes\/"},"modified":"2025-07-15T05:04:42","modified_gmt":"2025-07-15T05:04:42","slug":"qui-nous-sommes","status":"publish","type":"page","link":"https:\/\/www.candlelightersinternational.org\/fr\/a-propos-de-nous\/qui-nous-sommes\/","title":{"rendered":"Qui nous sommes"},"content":{"rendered":"<h1>Qui nous sommes<\/h1>\n<img loading=\"lazy\" decoding=\"async\" class=\"size-full wp-image-147 alignleft\" src=\"https:\/\/candlelightersinternational.org\/wp-content\/uploads\/2019\/11\/about_thumb3.jpg\" alt=\"\" width=\"195\" height=\"171\" \/><img loading=\"lazy\" decoding=\"async\" class=\"size-medium wp-image-148 alignleft\" src=\"https:\/\/candlelightersinternational.org\/wp-content\/uploads\/2019\/11\/about_thumb1.jpg\" alt=\"\" width=\"195\" height=\"171\" \/><img loading=\"lazy\" decoding=\"async\" class=\"size-medium wp-image-149 alignleft\" src=\"https:\/\/candlelightersinternational.org\/wp-content\/uploads\/2019\/11\/about_thumb2.jpg\" alt=\"\" width=\"195\" height=\"171\" \/>\n<p><span style=\"color: #000000;\">Nous sommes un r\u00e9seau de croyants, r\u00e9unissant nos ressources (talents, comp\u00e9tences, vocation, minist\u00e8res, etc.) pour le service g\u00e9n\u00e9ral du Corps du Christ. En tant que communaut\u00e9 de foi au sein d&#8217;une communaut\u00e9 de foi, nous reconnaissons que le message de l&#8217;\u00c9vangile de J\u00e9sus-Christ a le pouvoir de changer la vie d&#8217;une personne pour le bien et de transformer les communaut\u00e9s. Pourtant, avec la d\u00e9gradation morale de la soci\u00e9t\u00e9, nous sommes d&#8217;avis qu&#8217;il doit y avoir quelque chose qui ne va pas avec le soi-disant message chr\u00e9tien qui est pr\u00each\u00e9, compris et mis en \u0153uvre dans nos soci\u00e9t\u00e9s aujourd&#8217;hui. <\/span><\/p>\n<p><span style=\"color: #000000;\">C&#8217;est pourquoi, afin d&#8217;acc\u00e9der \u00e0 la v\u00e9rit\u00e9 propre de la Parole de Dieu telle que r\u00e9v\u00e9l\u00e9e par l&#8217;Esprit Saint en relation avec les Saintes \u00c9critures, nous avons d\u00e9cid\u00e9 de nous encourager les uns les autres \u00e0 replonger \u00e0 la racine de la Parole de Dieu (ses enseignements et pr\u00e9ceptes) vitaux pour notre vie quotidienne et nos relations.<br \/>\n<\/span><\/p>\n<p><span style=\"color: #000000;\">Nous croyons en la <strong>pr\u00eatrise de tous les croyants<\/strong> . Par cons\u00e9quent, les croyants devraient travailler \u00e0 leur salut avec l&#8217;amour et la crainte de Dieu. En tant que tel, construire un pont entre les g\u00e9n\u00e9rations est un \u00e9l\u00e9ment central de notre commission. Notre id\u00e9e n&#8217;est pas d&#8217;\u00e9tablir une \u00e9glise, un s\u00e9minaire ou un institut biblique, mais par la gr\u00e2ce de Dieu et par la puissance du Saint-Esprit, d&#8217;\u00e9tablir une plate-forme ou un centre vital pour diriger et produire des individus habilit\u00e9s qui comprennent comment vivre une une vie saine dans la joie du Saint-Esprit. Nous sommes donc activement engag\u00e9s dans l&#8217;identification des moyens de mieux soutenir les chr\u00e9tiens dans le but de leur \u00e9dification personnelle. <\/span><\/p>\n<p><span style=\"color: #000000;\">Nous cherchons \u00e9galement des moyens d&#8217;aider les chr\u00e9tiens \u00e0 augmenter leur temps pass\u00e9 en pr\u00e9sence de Dieu : soit par la lecture de l&#8217;\u00c9criture et\/ou la pri\u00e8re. Ces actions sont centrales afin de construire une relation plus forte avec Dieu tout-puissant, tout en d\u00e9montrant un caract\u00e8re \u00e0 l&#8217;image du Christ digne d&#8217;\u00eatre appel\u00e9 \u00ab\u00a0chr\u00e9tiens\u00a0\u00bb.<br \/>\n<\/span><\/p>\n<p><span style=\"color: #000000;\">Nous comprenons qu&#8217;il existe certains myst\u00e8res de base sp\u00e9cifiques au christianisme et \u00e0 son message qui servent de cadre de base utile pour situer l&#8217;humanit\u00e9 dans une relation solide avec Dieu, et comprendre qui il est envers nous, comment il se rapporte avec nous, etc. Nous consid\u00e9rons que ces myst\u00e8res fondamentaux sont\u00a0:<\/span><\/p>\n<ol>\n<li><span style=\"color: #000000;\">Le myst\u00e8re de Dieu<\/span><\/li>\n<li><span style=\"color: #000000;\">Le myst\u00e8re du Christ<\/span><\/li>\n<li><span style=\"color: #000000;\">Le myst\u00e8re du Saint-Esprit<\/span><\/li>\n<li><span style=\"color: #000000;\">Le myst\u00e8re du royaume<\/span><\/li>\n<li><span style=\"color: #000000;\">Le myst\u00e8re de la pri\u00e8re<\/span><\/li>\n<li><span style=\"color: #000000;\">Le myst\u00e8re de la justice<\/span><\/li>\n<li><span style=\"color: #000000;\">Le myst\u00e8re de l&#8217;iniquit\u00e9<\/span><\/li>\n<\/ol>\n<p><span style=\"color: #000000;\">Dans le plan divin de Dieu pour nos vies, ces myst\u00e8res constituent les 7 cadres fondamentaux dans lesquels nous nous effor\u00e7ons de comprendre et de mettre en pratique notre appel en tant qu&#8217;enfants de Dieu.<br \/>\n<\/span><\/p>\n<p><span style=\"color: #000000;\">Les 7 consid\u00e9rations fondamentales sur le myst\u00e8re de Candlelighters International sont construites autour de l&#8217;id\u00e9e que Dieu, J\u00e9sus-Christ, le Saint-Esprit, le Royaume de Dieu, la justice et l&#8217;iniquit\u00e9, peuvent \u00eatre compris par les humains, dans la mesure du possible et permis par Dieu \u00e0 chacun. un de nous.<br \/>\n<\/span><\/p>\n<p><span style=\"color: #000000;\">En tant qu&#8217;allumeurs de bougies, notre examen des questions ci-dessus, dans le contexte d&#8217;un myst\u00e8re, se fait simplement avec la compr\u00e9hension que Dieu, J\u00e9sus-Christ, le Saint-Esprit, le Royaume de Dieu, la pri\u00e8re, la justice et l&#8217;iniquit\u00e9, pr\u00e9sentent des caract\u00e9ristiques ou des qualit\u00e9s. si obscurs et d\u00e9routants qu&#8217;ils suscitent dans une large mesure la curiosit\u00e9 et la sp\u00e9culation. Ils sont consid\u00e9r\u00e9s comme des myst\u00e8res parce que ce sont des consid\u00e9rations connaissables par r\u00e9v\u00e9lation divine. L&#8217;\u00e9tendue de la r\u00e9v\u00e9lation divine et de la compr\u00e9hension de ces myst\u00e8res est bas\u00e9e sur la fa\u00e7on dont chaque humain se rapporte \u00e0 la Parole vivante de Dieu (Logos) r\u00e9v\u00e9l\u00e9e dans la Bible, et comment ils s&#8217;alignent avec et sur le Rhema que le Saint-Esprit leur r\u00e9v\u00e8le selon leur but et appel au royaume de la Terre.<\/span><\/p>\n<p><span style=\"color: #000000;\">Dans cette compr\u00e9hension, les r\u00e9sum\u00e9s des 7 myst\u00e8res ne sont en aucun cas consid\u00e9r\u00e9s comme l&#8217;explication compl\u00e8te, mais ils servent de pointeur vers notre engagement commun avec les personnes, la personne, l&#8217;id\u00e9e, le concept, la loi ou les structures qui s&#8217;y rapportent.<\/span><\/p>\n<p><span style=\"color: #000000;\">Nous esp\u00e9rons que vous vous joindrez \u00e0 nous pour \u00e9lucider ces myst\u00e8res et r\u00e9v\u00e9ler \u00e0 l&#8217;humanit\u00e9 quoi et comment la compr\u00e9hension d&#8217;une partie de ces myst\u00e8res pourrait influencer positivement nos vies et nos communaut\u00e9s.<\/span><\/p>\n<p><span style=\"color: #000000;\"><strong>Comme le dit la Parole de Dieu, nous souhaitons cr\u00e9er une situation ou un environnement dans lequel le fer aiguise le fer ; et la profondeur appelle la profondeur.<\/strong><\/span><\/p>\n<p><span style=\"color: #000000;\"><strong>Venez nous rejoindre maintenant!<\/strong><\/span><\/p>\n","protected":false},"excerpt":{"rendered":"<p>Qui nous sommes Nous sommes un r\u00e9seau de croyants, r\u00e9unissant nos ressources (talents, comp\u00e9tences, vocation, minist\u00e8res, etc.) pour le service g\u00e9n\u00e9ral du Corps du Christ. En tant que communaut\u00e9 de foi au sein d&#8217;une communaut\u00e9 de foi, nous reconnaissons que le message de l&#8217;\u00c9vangile de J\u00e9sus-Christ a le pouvoir de changer la vie d&#8217;une personne [&hellip;]<\/p>\n","protected":false},"author":1,"featured_media":0,"parent":1918,"menu_order":0,"comment_status":"closed","ping_status":"closed","template":"","meta":{"nf_dc_page":"","footnotes":""},"class_list":["post-1815","page","type-page","status-publish","hentry"],"_links":{"self":[{"href":"https:\/\/www.candlelightersinternational.org\/fr\/wp-json\/wp\/v2\/pages\/1815","targetHints":{"allow":["GET"]}}],"collection":[{"href":"https:\/\/www.candlelightersinternational.org\/fr\/wp-json\/wp\/v2\/pages"}],"about":[{"href":"https:\/\/www.candlelightersinternational.org\/fr\/wp-json\/wp\/v2\/types\/page"}],"author":[{"embeddable":true,"href":"https:\/\/www.candlelightersinternational.org\/fr\/wp-json\/wp\/v2\/users\/1"}],"replies":[{"embeddable":true,"href":"https:\/\/www.candlelightersinternational.org\/fr\/wp-json\/wp\/v2\/comments?post=1815"}],"version-history":[{"count":3,"href":"https:\/\/www.candlelightersinternational.org\/fr\/wp-json\/wp\/v2\/pages\/1815\/revisions"}],"predecessor-version":[{"id":3886,"href":"https:\/\/www.candlelightersinternational.org\/fr\/wp-json\/wp\/v2\/pages\/1815\/revisions\/3886"}],"up":[{"embeddable":true,"href":"https:\/\/www.candlelightersinternational.org\/fr\/wp-json\/wp\/v2\/pages\/1918"}],"wp:attachment":[{"href":"https:\/\/www.candlelightersinternational.org\/fr\/wp-json\/wp\/v2\/media?parent=1815"}],"curies":[{"name":"wp","href":"https:\/\/api.w.org\/{rel}","templated":true}]}}