{"id":1819,"date":"2019-11-06T13:22:31","date_gmt":"2019-11-06T13:22:31","guid":{"rendered":"https:\/\/www.candlelightersinternational.org\/pourquoi-nous-existons\/"},"modified":"2025-07-15T05:20:10","modified_gmt":"2025-07-15T05:20:10","slug":"pourquoi-nous-existons","status":"publish","type":"page","link":"https:\/\/www.candlelightersinternational.org\/fr\/a-propos-de-nous\/pourquoi-nous-existons\/","title":{"rendered":"Pourquoi nous existons"},"content":{"rendered":"<h1>Pourquoi nous existons<\/h1>\n<img loading=\"lazy\" decoding=\"async\" class=\"size-full wp-image-147 alignleft\" src=\"https:\/\/candlelightersinternational.org\/wp-content\/uploads\/2019\/11\/about_thumb3.jpg\" alt=\"\" width=\"195\" height=\"171\" \/><img loading=\"lazy\" decoding=\"async\" class=\"size-medium wp-image-148 alignleft\" src=\"https:\/\/candlelightersinternational.org\/wp-content\/uploads\/2019\/11\/about_thumb1.jpg\" alt=\"\" width=\"195\" height=\"171\" \/><img loading=\"lazy\" decoding=\"async\" class=\"size-medium wp-image-149 alignleft\" src=\"https:\/\/candlelightersinternational.org\/wp-content\/uploads\/2019\/11\/about_thumb2.jpg\" alt=\"\" width=\"195\" height=\"171\" \/>\n<h4>Candlelighters International existe pour fournir aux croyants en Christ et \u00e0 d&#8217;autres personnes int\u00e9ress\u00e9es par le christianisme des informations soigneusement recherch\u00e9es et des r\u00e9ponses et des pointeurs bien motiv\u00e9s sur divers aspects de l&#8217;\u00e9dification personnelle. Notre objectif est d&#8217;encourager les croyants dans leur foi et de les \u00e9quiper pour repr\u00e9senter intelligemment et mettre en pratique le mode de vie chr\u00e9tien. Faire briller la lumi\u00e8re de Dieu \u00e0 travers J\u00e9sus-Christ dans un monde sombre.<\/h4>\n<h3><span style=\"color: #993300;\"><em>L&#8217;\u00e9tat du monde<\/em><\/span><\/h3>\n<p><span style=\"color: #000000;\">Le monde d&#8217;aujourd&#8217;hui n&#8217;a jamais eu besoin, au sens biblique authentique, d&#8217;une forte manifestation de la puissance et de la direction de Dieu tout-puissant. Consid\u00e9rant l&#8217;\u00e9tat de l&#8217;\u00e9conomie mondiale et l&#8217;\u00e9tat g\u00e9n\u00e9ral de la condition humaine, on pourrait dire que l&#8217;humanit\u00e9 n&#8217;a jamais \u00e9t\u00e9 \u00e0 un carrefour aussi dangereux. Certains diront qu&#8217;avec tous les progr\u00e8s technologiques, l&#8217;humanit\u00e9 s&#8217;am\u00e9liore et est mieux plac\u00e9e pour subvenir \u00e0 ses besoins. D&#8217;autres indiqueront que la d\u00e9gradation grossi\u00e8re du tissu moral de la plan\u00e8te Terre se pr\u00e9pare en tant que force destructrice qui contr\u00f4lera ces technologies avanc\u00e9es pour la destruction de l&#8217;humanit\u00e9. Vous conviendrez avec nous que la technologie en soi n&#8217;est pas mauvaise, mais la main qui la conduit ou la contr\u00f4le d\u00e9termine si elle est utilis\u00e9e pour le bien ou le mal.<\/span><\/p>\n<p><span style=\"color: #000000;\">Depuis le temps o\u00f9 nous nous trouvons maintenant, la v\u00e9rit\u00e9 absolue et son caract\u00e8re absolu dans un Dieu cr\u00e9ateur, a \u00e9t\u00e9 rel\u00e9gu\u00e9e aux marges, et la v\u00e9rit\u00e9 relative et ses tendances relativistes du tout est permis (syndrome de ta v\u00e9rit\u00e9 et de ma v\u00e9rit\u00e9), a captur\u00e9 l&#8217;esprit de beaucoup. Il est donc devenu de plus en plus difficile de pouvoir identifier le mal et le p\u00e9ch\u00e9. Le mal est maintenant consid\u00e9r\u00e9 comme le Bien, et le bien comme le mal.<\/span><\/p>\n<p><span style=\"color: #000000;\">Quant \u00e0 la moralit\u00e9, dans les cas o\u00f9 les parties tentent m\u00eame de parvenir \u00e0 un consensus sur le sens du mot lui-m\u00eame, la \u00ab moralit\u00e9 \u00bb a \u00e9merg\u00e9 comme \u00e9tant d\u00e9termin\u00e9e par des opinions subjectives personnelles. Donner un sens \u00e0 tout le d\u00e9sordre dans la pens\u00e9e et l&#8217;action qui se d\u00e9roule autour de nous, n&#8217;est pas seulement une t\u00e2che difficile pour les parents d&#8217;aujourd&#8217;hui ; le pire de tout est le fait que leurs enfants ont renonc\u00e9 \u00e0 essayer. En tant que tel, alors que les parents se plongent dans tout ce qui fournit un soutien spirituel temporel, leurs enfants se pr\u00e9cipitent pour jouer avec le monde des esprits, d&#8217;une mani\u00e8re dangereuse qui ne les pr\u00e9pare pas au visiteur qu&#8217;ils pourraient inviter du site oppos\u00e9.<\/span><\/p>\n<p><span style=\"color: #000000;\">Pour tous les esprits \u00e9veill\u00e9s, il est \u00e9vident que par la gr\u00e2ce providentielle de Dieu, une r\u00e9initialisation est en cours ; dans lequel et par lequel les principes bibliques authentiques relatifs \u00e0 toutes les facettes de notre vie humaine sont reconsid\u00e9r\u00e9s \u00e0 nouveau dans le but de d\u00e9tourner notre existence humaine de l&#8217;autodestruction.<\/span><\/p>\n<p><span style=\"color: #000000;\">\u00c0 ce point sombre et dangereux de l&#8217;existence humaine, pour toute oreille attentive, il est \u00e9vident que toute la cr\u00e9ation, y compris tous les c\u0153urs profond\u00e9ment rebelles, attendent et aspirent \u00e0 la manifestation d&#8217;une sorte de sauveur &#8211; tout comme Romains 8:19 l&#8217;indique.<\/span><\/p>\n<p><span style=\"color: #000000;\">C&#8217;est dans un tel contexte que, en tant que r\u00e9seau de croyants, nous mobilisons nos ressources pour entreprendre la t\u00e2che d&#8217;aider les gens \u00e0 donner un sens \u00e0 la situation d\u00e9sordonn\u00e9e, en particulier \u00e0 l&#8217;heure actuelle de vidage d&#8217;informations massif et excessif.<\/span><\/p>\n<p><span style=\"color: #000000;\">Nous aider tous \u00e0 apprendre \u00e0 g\u00e9rer le p\u00e9ch\u00e9, le monde, la chair, la vie naturelle, etc., fait partie de qui nous sommes. Entrer dans le droit chemin avec Dieu Tout-Puissant, est notre objectif ultime\u00a0; et rayonner sa gloire dans un monde sombre, est notre mission ultime. Ces aspects font partie de la raison pour laquelle nous existons.<br \/>\n<\/span><\/p>\n<h3><span style=\"color: #993300;\"><em>L&#8217;\u00e9tat de l&#8217;\u00c9glise<\/em><\/span><\/h3>\n<p><span style=\"color: #000000;\">Avec presque tous les signes visibles r\u00e9v\u00e9lant que les proph\u00e9ties des derniers jours s&#8217;accomplissent sous notre surveillance, il est \u00e9vident que l&#8217;apostasie spirituelle \u00e0 l&#8217;\u00e9chelle mondiale affaiblit \u00e9galement l&#8217;\u00c9glise. De nombreuses \u00c9glises compromettent maintenant le vrai message des \u00c9vangiles en \u00e9change de l&#8217;approbation du monde. Beaucoup de chr\u00e9tiens ne savent m\u00eame pas ce qu&#8217;ils croient ; parler moins de le d\u00e9fendre contre toute attaque. Ces chr\u00e9tiens dans les \u00ab \u00e9glises apostates \u00bb qui pensent savoir ce qu&#8217;ils d\u00e9fendent sont compl\u00e8tement z\u00e9l\u00e9s pour la fausse v\u00e9rit\u00e9 (les mensonges du diable). La preuve de l&#8217;apostasie est visible dans nos soci\u00e9t\u00e9s et nos communaut\u00e9s qui refl\u00e8tent de plus en plus un sentiment g\u00e9n\u00e9ral d&#8217;impi\u00e9t\u00e9. En cons\u00e9quence, de nombreux croyants aujourd&#8217;hui ont cess\u00e9 d&#8217;aller \u00e0 l&#8217;\u00e9glise tous ensemble. La plupart ont l&#8217;impression qu&#8217;ils n&#8217;ont plus de place vers laquelle se tourner pour la v\u00e9rit\u00e9 propre \u00e0 la Parole de Dieu. Beaucoup ont eu recours \u00e0 la formation de leurs petits groupes de maison (\u00e9glises de maison). <\/span><\/p>\n<p><span style=\"color: #000000;\">De plus, il y a beaucoup de gens aujourd&#8217;hui qui viennent \u00e0 Christ sans \u00eatre servis par ou \u00e0 travers les structures traditionnelles de l&#8217;\u00c9glise. Ils ont besoin d&#8217;\u00eatre renforc\u00e9s pour m\u00fbrir et d\u00e9velopper une relation spirituelle plus profonde et saine avec le seul vrai Dieu, \u00e0 travers Christ dans la puissance du Saint-Esprit. Ces groupes de personnes ont particuli\u00e8rement besoin d&#8217;une orientation et d&#8217;un soutien doctrinaux solides afin d&#8217;\u00e9viter les ramifications h\u00e9r\u00e9tiques. Cela inclut une partie de la raison pour laquelle nous existons.<br \/>\n<\/span><\/p>\n<h3><span style=\"color: #993300;\"><em>L&#8217;impact qu&#8217;une vie chr\u00e9tienne bien \u00e9quip\u00e9e peut apporter \u00e0 la communaut\u00e9<\/em><\/span><\/h3>\n<p><span style=\"color: #000000;\">Les chr\u00e9tiens croient qu&#8217;ils servent un Dieu qui est tout aimant, tout puissant, tout sage et omniscient, et qui poss\u00e8de l&#8217;argent et l&#8217;or, qui donne le pouvoir de faire de la richesse. Le Dieu qui poss\u00e8de et g\u00e8re toutes les ressources n\u00e9cessaires pour laisser une vie marquante sur terre tout en se pr\u00e9parant pour l&#8217;\u00e9ternit\u00e9. Si tel est le cas, alors les chr\u00e9tiens devraient \u00eatre \u00e0 l&#8217;avant-garde de tous les domaines mentionn\u00e9s ci-dessus. S&#8217;ils ne le sont pas, alors soit Dieu n&#8217;est pas ce qui lui est attribu\u00e9, soit les chr\u00e9tiens ne puisent pas (ou ne comprennent pas comment puiser) dans ce que Dieu a pour eux.<\/span><\/p>\n<p><span style=\"color: #000000;\">Ce minist\u00e8re, par la puissance et par la puissance du Saint-Esprit, est ici pour servir de pointeur et de facilitateur, pour signifier que cela cherchera \u00e0 vivre une vie chr\u00e9tienne percutante au sein de leurs communaut\u00e9s, leurs sph\u00e8res d&#8217;influence, leurs carri\u00e8res, etc. Candlelighters International est l\u00e0 pour soutenir les chr\u00e9tiens dans le d\u00e9veloppement de toute leur personne en J\u00e9sus-Christ, pour le plein service de la soci\u00e9t\u00e9, afin de d\u00e9montrer et r\u00e9v\u00e9ler la gloire de Dieu au monde. \u00c9tendre la gloire du ciel \u00e0 la terre (sur la terre comme au ciel).<\/span><\/p>\n<p>&nbsp;<\/p>\n","protected":false},"excerpt":{"rendered":"<p>Pourquoi nous existons Candlelighters International existe pour fournir aux croyants en Christ et \u00e0 d&#8217;autres personnes int\u00e9ress\u00e9es par le christianisme des informations soigneusement recherch\u00e9es et des r\u00e9ponses et des pointeurs bien motiv\u00e9s sur divers aspects de l&#8217;\u00e9dification personnelle. Notre objectif est d&#8217;encourager les croyants dans leur foi et de les \u00e9quiper pour repr\u00e9senter intelligemment et [&hellip;]<\/p>\n","protected":false},"author":1,"featured_media":0,"parent":1918,"menu_order":0,"comment_status":"closed","ping_status":"closed","template":"","meta":{"nf_dc_page":"","footnotes":""},"class_list":["post-1819","page","type-page","status-publish","hentry"],"_links":{"self":[{"href":"https:\/\/www.candlelightersinternational.org\/fr\/wp-json\/wp\/v2\/pages\/1819","targetHints":{"allow":["GET"]}}],"collection":[{"href":"https:\/\/www.candlelightersinternational.org\/fr\/wp-json\/wp\/v2\/pages"}],"about":[{"href":"https:\/\/www.candlelightersinternational.org\/fr\/wp-json\/wp\/v2\/types\/page"}],"author":[{"embeddable":true,"href":"https:\/\/www.candlelightersinternational.org\/fr\/wp-json\/wp\/v2\/users\/1"}],"replies":[{"embeddable":true,"href":"https:\/\/www.candlelightersinternational.org\/fr\/wp-json\/wp\/v2\/comments?post=1819"}],"version-history":[{"count":4,"href":"https:\/\/www.candlelightersinternational.org\/fr\/wp-json\/wp\/v2\/pages\/1819\/revisions"}],"predecessor-version":[{"id":3888,"href":"https:\/\/www.candlelightersinternational.org\/fr\/wp-json\/wp\/v2\/pages\/1819\/revisions\/3888"}],"up":[{"embeddable":true,"href":"https:\/\/www.candlelightersinternational.org\/fr\/wp-json\/wp\/v2\/pages\/1918"}],"wp:attachment":[{"href":"https:\/\/www.candlelightersinternational.org\/fr\/wp-json\/wp\/v2\/media?parent=1819"}],"curies":[{"name":"wp","href":"https:\/\/api.w.org\/{rel}","templated":true}]}}