{"id":1825,"date":"2019-12-05T12:01:26","date_gmt":"2019-12-05T12:01:26","guid":{"rendered":"https:\/\/www.candlelightersinternational.org\/mur-de-priere\/"},"modified":"2025-07-14T13:11:28","modified_gmt":"2025-07-14T13:11:28","slug":"mur-de-priere","status":"publish","type":"page","link":"https:\/\/www.candlelightersinternational.org\/fr\/services-du-ministere-de-la-priere\/mur-de-priere\/","title":{"rendered":"Mur de pri\u00e8re"},"content":{"rendered":"<h1><strong>Mur de<\/strong> pri\u00e8res<\/h1>\n<p><img loading=\"lazy\" decoding=\"async\" class=\"alignright wp-image-2869\" src=\"https:\/\/candlelightersinternational.org\/wp-content\/uploads\/2025\/04\/prayer-wall-thumb.jpg\" alt=\"\" width=\"576\" height=\"355\"><\/p>\n<h5>Bienvenue,<\/h5>\n<p><span style=\"color: #000000;\">Nous sommes heureux que vous ayez visit\u00e9 ce mur de pri\u00e8re. Vous y trouverez des demandes de pri\u00e8res provenant du monde entier. Nous vous invitons \u00e0 vous joindre \u00e0 nous pour prier en vous laissant guider par l&#8217;\u00c9ternel.<\/span><\/p>\n<p><span style=\"color: #000000;\">Vous pouvez \u00e9galement transmettre le lien de ce site web \u00e0 toutes les personnes que vous connaissez et qui sont pr\u00eates \u00e0 prier, afin qu&#8217;elles se joignent \u00e0 nous pour prier pour toute demande soumise.  <\/span><span style=\"color: #000000;\">Apr\u00e8s avoir pri\u00e9 pour une demande, veuillez cliquer sur les mains en pri\u00e8re pour nous faire savoir que vous avez interc\u00e9d\u00e9 en faveur du demandeur.<\/span><\/p>\n<p><span style=\"color: #000000;\">Par ailleurs, si vous souhaitez devenir un partenaire de pri\u00e8re r\u00e9gulier et \u00eatre disponible pour interc\u00e9der de mani\u00e8re plus formelle, vous pouvez utiliser le lien ci-dessous pour trouver des informations sur la mani\u00e8re de prendre votre place dans l&#8217;\u00e9quipe d&#8217;intercession du minist\u00e8re de la pri\u00e8re de l&#8217;\u00c9glise catholique.<\/span><\/p>\n<p><span style=\"color: #000000;\">Encore une fois, merci pour votre visite, vos pri\u00e8res et votre int\u00e9r\u00eat \u00e0 \u00e9lever d&#8217;autres personnes devant le tr\u00f4ne de Dieu tout-puissant.  <\/span><\/p>\n<h3 style=\"text-align: center;\"><span style=\"color: #3636c9;\">C&#8217;est pourquoi, depuis le jour o\u00f9 nous l&#8217;avons appris, nous n&#8217;avons cess\u00e9 de prier pour vous, demandant que vous soyez remplis de la connaissance de sa volont\u00e9 en toute sagesse et intelligence spirituelles, afin de marcher d&#8217;une mani\u00e8re digne du Seigneur, qui lui soit pleinement agr\u00e9able : portant du fruit en toute bonne oeuvre et croissant dans la connaissance de Dieu ; \u00e9tant fortifi\u00e9s par toute puissance, selon sa force glorieuse, pour toute endurance et patience avec joie ; rendant gr\u00e2ces au P\u00e8re, qui vous a rendus capables d&#8217;avoir part \u00e0 l&#8217;h\u00e9ritage des saints dans la lumi\u00e8re.  <\/span><\/h3>\n<h3 style=\"text-align: center;\"><span style=\"color: #808080;\">Colossiens 1:9-12 <span class=\"note\">ESV <\/span> <\/span><\/h3>\n","protected":false},"excerpt":{"rendered":"<p>Mur de pri\u00e8res Bienvenue, Nous sommes heureux que vous ayez visit\u00e9 ce mur de pri\u00e8re. Vous y trouverez des demandes de pri\u00e8res provenant du monde entier. Nous vous invitons \u00e0 vous joindre \u00e0 nous pour prier en vous laissant guider par l&#8217;\u00c9ternel. Vous pouvez \u00e9galement transmettre le lien de ce site web \u00e0 toutes les [&hellip;]<\/p>\n","protected":false},"author":1,"featured_media":0,"parent":3761,"menu_order":0,"comment_status":"closed","ping_status":"closed","template":"page-templates\/prayer-wall.php","meta":{"nf_dc_page":"","footnotes":""},"class_list":["post-1825","page","type-page","status-publish","hentry"],"_links":{"self":[{"href":"https:\/\/www.candlelightersinternational.org\/fr\/wp-json\/wp\/v2\/pages\/1825","targetHints":{"allow":["GET"]}}],"collection":[{"href":"https:\/\/www.candlelightersinternational.org\/fr\/wp-json\/wp\/v2\/pages"}],"about":[{"href":"https:\/\/www.candlelightersinternational.org\/fr\/wp-json\/wp\/v2\/types\/page"}],"author":[{"embeddable":true,"href":"https:\/\/www.candlelightersinternational.org\/fr\/wp-json\/wp\/v2\/users\/1"}],"replies":[{"embeddable":true,"href":"https:\/\/www.candlelightersinternational.org\/fr\/wp-json\/wp\/v2\/comments?post=1825"}],"version-history":[{"count":2,"href":"https:\/\/www.candlelightersinternational.org\/fr\/wp-json\/wp\/v2\/pages\/1825\/revisions"}],"predecessor-version":[{"id":3777,"href":"https:\/\/www.candlelightersinternational.org\/fr\/wp-json\/wp\/v2\/pages\/1825\/revisions\/3777"}],"up":[{"embeddable":true,"href":"https:\/\/www.candlelightersinternational.org\/fr\/wp-json\/wp\/v2\/pages\/3761"}],"wp:attachment":[{"href":"https:\/\/www.candlelightersinternational.org\/fr\/wp-json\/wp\/v2\/media?parent=1825"}],"curies":[{"name":"wp","href":"https:\/\/api.w.org\/{rel}","templated":true}]}}