{"id":1836,"date":"2019-12-05T12:00:04","date_gmt":"2019-12-05T12:00:04","guid":{"rendered":"https:\/\/www.candlelightersinternational.org\/demande-de-priere\/"},"modified":"2025-07-14T13:11:36","modified_gmt":"2025-07-14T13:11:36","slug":"demande-de-priere","status":"publish","type":"page","link":"https:\/\/www.candlelightersinternational.org\/fr\/services-du-ministere-de-la-priere\/demande-de-priere\/","title":{"rendered":"Demande de pri\u00e8re"},"content":{"rendered":"<h1><strong>Demande de<\/strong> pri\u00e8re<\/h1>\n<p><img decoding=\"async\" class=\"alignright wp-image-890\" src=\"https:\/\/candlelightersinternational.org\/wp-content\/uploads\/2019\/12\/Praying-with-candle-and-bible-300x200.jpg\" alt=\"\" width=\"600\"><\/p>\n<h5>Nous sommes tr\u00e8s heureux \u00e0 Candlelighters International de vous soutenir dans la pri\u00e8re.<\/h5>\n<p>Notre \u00e9quipe se tiendra \u00e0 vos c\u00f4t\u00e9s alors que nous acc\u00e9dons conjointement \u00e0 la pr\u00e9sence du Dieu Tr\u00e8s-Haut pour faire des p\u00e9titions en votre nom. En J\u00e9sus-Christ, nous sommes victorieux et vainqueurs. Ayez bon courage pendant que vous traversez quel que soit votre d\u00e9fi actuel. Notre \u00e9quipe se tiendra \u00e0 vos c\u00f4t\u00e9s alors que nous acc\u00e9dons conjointement \u00e0 la pr\u00e9sence du Dieu Tr\u00e8s-Haut pour faire des p\u00e9titions en votre nom.<\/p>\n<p>En J\u00e9sus-Christ, nous sommes victorieux et vainqueurs. Ayez bon courage pendant que vous traversez quel que soit votre d\u00e9fi actuel.<\/p>\n","protected":false},"excerpt":{"rendered":"<p>Demande de pri\u00e8re Nous sommes tr\u00e8s heureux \u00e0 Candlelighters International de vous soutenir dans la pri\u00e8re. Notre \u00e9quipe se tiendra \u00e0 vos c\u00f4t\u00e9s alors que nous acc\u00e9dons conjointement \u00e0 la pr\u00e9sence du Dieu Tr\u00e8s-Haut pour faire des p\u00e9titions en votre nom. En J\u00e9sus-Christ, nous sommes victorieux et vainqueurs. Ayez bon courage pendant que vous traversez [&hellip;]<\/p>\n","protected":false},"author":1,"featured_media":0,"parent":3761,"menu_order":0,"comment_status":"closed","ping_status":"closed","template":"page-templates\/prayer-request.php","meta":{"nf_dc_page":"","footnotes":""},"class_list":["post-1836","page","type-page","status-publish","hentry"],"_links":{"self":[{"href":"https:\/\/www.candlelightersinternational.org\/fr\/wp-json\/wp\/v2\/pages\/1836","targetHints":{"allow":["GET"]}}],"collection":[{"href":"https:\/\/www.candlelightersinternational.org\/fr\/wp-json\/wp\/v2\/pages"}],"about":[{"href":"https:\/\/www.candlelightersinternational.org\/fr\/wp-json\/wp\/v2\/types\/page"}],"author":[{"embeddable":true,"href":"https:\/\/www.candlelightersinternational.org\/fr\/wp-json\/wp\/v2\/users\/1"}],"replies":[{"embeddable":true,"href":"https:\/\/www.candlelightersinternational.org\/fr\/wp-json\/wp\/v2\/comments?post=1836"}],"version-history":[{"count":2,"href":"https:\/\/www.candlelightersinternational.org\/fr\/wp-json\/wp\/v2\/pages\/1836\/revisions"}],"predecessor-version":[{"id":3771,"href":"https:\/\/www.candlelightersinternational.org\/fr\/wp-json\/wp\/v2\/pages\/1836\/revisions\/3771"}],"up":[{"embeddable":true,"href":"https:\/\/www.candlelightersinternational.org\/fr\/wp-json\/wp\/v2\/pages\/3761"}],"wp:attachment":[{"href":"https:\/\/www.candlelightersinternational.org\/fr\/wp-json\/wp\/v2\/media?parent=1836"}],"curies":[{"name":"wp","href":"https:\/\/api.w.org\/{rel}","templated":true}]}}