{"id":1843,"date":"2021-03-31T14:04:23","date_gmt":"2021-03-31T14:04:23","guid":{"rendered":"https:\/\/www.candlelightersinternational.org\/devenir-membre\/abonnement\/"},"modified":"2025-07-14T13:12:25","modified_gmt":"2025-07-14T13:12:25","slug":"abonnement","status":"publish","type":"page","link":"https:\/\/www.candlelightersinternational.org\/fr\/devenir-membre\/abonnement\/","title":{"rendered":"Abonnement"},"content":{"rendered":"<h1 style=\"text-align: center;\">Choisissez votre plan d&#8217;adh\u00e9sion<\/h1>\n<div class=\"ich_level_wrap ihc_level_template_5\"><div class=\"ihc-level-item\"><div class=\"ihc-level-item-wrap\"><div class=\"ihc-level-item-top\"><div class=\"ihc-level-item-title\">Bronze<\/div><\/div><div class=\"ihc-level-item-price\">50 CHF per Month<\/div><div class=\"ihc-level-item-content\">\r\n<ul>\r\n \t<li>\u2713 Carte de membre annuelle<\/li>\r\n        <li>\u2713 Acc\u00e8s au contenu r\u00e9serv\u00e9 aux membres du site web<\/li>\r\n \t<li>\u2713 % de r\u00e9duction sur les frais\/co\u00fbts (coupons) des \u00e9v\u00e9nements, services, produits, formations, etc.<\/li>\r\n \t<li>\u2713 Opportunit\u00e9s d'acc\u00e8s prioritaires au b\u00e9n\u00e9volat pour concr\u00e9tiser votre \u00ab appel \u00bb<\/li>\r\n \t<li>\u2713 Informations par newsletter sur les activit\u00e9s et les nouveaux produits et services<\/li>\r\n \t<li>\u2717 Vote : Non<\/li>\r\n<\/ul><\/div><div class=\"ihc-level-item-bottom\"><div onClick=\"ihcBuyNewLevel('https:\/\/www.candlelightersinternational.org\/become-a-member\/subscription\/register\/?lid=1');\" class=\"ihc-level-item-link  ihc-cursor-pointer\">S&#039;inscrire<\/div><div class=\"iump-clear\"><\/div><\/div><\/div><\/div><div class=\"ihc-level-item\"><div class=\"ihc-level-item-wrap\"><div class=\"ihc-level-item-top\"><div class=\"ihc-level-item-title\">Silver<\/div><\/div><div class=\"ihc-level-item-price\">100 CHF per Month<\/div><div class=\"ihc-level-item-content\">\r\n<ul>\r\n    <li>\u2713 Tous les avantages Bronze, plus :<\/li>\r\n    <li>\u2713 1 produit Candlelighters personnalis\u00e9 offert chaque ann\u00e9e<\/li>\r\n    <li>\u2713 Coupon personnalis\u00e9 pour la boutique en ligne<\/li>\r\n    <li>\u2713 Recommandations prioritaires aux prestataires de services partenaires externes<\/li>\r\n    <li>\u2713 Informations sur les activit\u00e9s et les nouveaux produits et services par newsletter<\/li>\r\n    <li>\u2713 Sondage annuel d'opinion et demande de recommandations pour l'am\u00e9lioration des services et des     produits<\/li>\r\n    <li>\u2717 Vote : Non<\/li>\r\n<\/ul><\/div><div class=\"ihc-level-item-bottom\"><div onClick=\"ihcBuyNewLevel('https:\/\/www.candlelightersinternational.org\/become-a-member\/subscription\/register\/?lid=2');\" class=\"ihc-level-item-link  ihc-cursor-pointer\">S&#039;inscrire<\/div><div class=\"iump-clear\"><\/div><\/div><\/div><\/div><div class=\"ihc-level-item\"><div class=\"ihc-level-item-wrap\"><div class=\"ihc-level-item-top\"><div class=\"ihc-level-item-title\">Gold<\/div><\/div><div class=\"ihc-level-item-price\">300 CHF per Month<\/div><div class=\"ihc-level-item-content\">\r\n<ul>\r\n<li>\u2713 Tous les avantages SILVER, plus :<\/li>\r\n<li>\u2713 Plus de % de r\u00e9duction sur les frais\/co\u00fbts (coupons) des \u00e9v\u00e9nements, services, produits, formations, etc.<\/li>\r\n<li>\u2713 2 produits Candlelighters International personnalis\u00e9s offerts chaque ann\u00e9e<\/li>\r\n<li>\u2713 Plus de coupons personnalis\u00e9s pour la boutique en ligne<\/li>\r\n<li>\u2713 Diffusion du rapport financier et autres rapports administratifs<\/li>\r\n<li>\u2713 Participation aux r\u00e9unions annuelles des membres Gold<\/li>\r\n<li>\u2713 Vote : OUI (via le syst\u00e8me de vote des membres Gold)<\/li>\r\n<\/ul>\r\n<strong>NB : Adh\u00e9sion soumise \u00e0 validation et approbation du Comit\u00e9 ex\u00e9cutif<\/strong><\/div><div class=\"ihc-level-item-bottom\"><div onClick=\"ihcBuyNewLevel('https:\/\/www.candlelightersinternational.org\/become-a-member\/subscription\/register\/?lid=3');\" class=\"ihc-level-item-link  ihc-cursor-pointer\">S&#039;inscrire<\/div><div class=\"iump-clear\"><\/div><\/div><\/div><\/div><\/div>\n","protected":false},"excerpt":{"rendered":"<p>Choisissez votre plan d&#8217;adh\u00e9sion<\/p>\n","protected":false},"author":1,"featured_media":0,"parent":1811,"menu_order":0,"comment_status":"closed","ping_status":"closed","template":"page-templates\/inner-page.php","meta":{"nf_dc_page":"","footnotes":""},"class_list":["post-1843","page","type-page","status-publish","hentry"],"_links":{"self":[{"href":"https:\/\/www.candlelightersinternational.org\/fr\/wp-json\/wp\/v2\/pages\/1843","targetHints":{"allow":["GET"]}}],"collection":[{"href":"https:\/\/www.candlelightersinternational.org\/fr\/wp-json\/wp\/v2\/pages"}],"about":[{"href":"https:\/\/www.candlelightersinternational.org\/fr\/wp-json\/wp\/v2\/types\/page"}],"author":[{"embeddable":true,"href":"https:\/\/www.candlelightersinternational.org\/fr\/wp-json\/wp\/v2\/users\/1"}],"replies":[{"embeddable":true,"href":"https:\/\/www.candlelightersinternational.org\/fr\/wp-json\/wp\/v2\/comments?post=1843"}],"version-history":[{"count":1,"href":"https:\/\/www.candlelightersinternational.org\/fr\/wp-json\/wp\/v2\/pages\/1843\/revisions"}],"predecessor-version":[{"id":1845,"href":"https:\/\/www.candlelightersinternational.org\/fr\/wp-json\/wp\/v2\/pages\/1843\/revisions\/1845"}],"up":[{"embeddable":true,"href":"https:\/\/www.candlelightersinternational.org\/fr\/wp-json\/wp\/v2\/pages\/1811"}],"wp:attachment":[{"href":"https:\/\/www.candlelightersinternational.org\/fr\/wp-json\/wp\/v2\/media?parent=1843"}],"curies":[{"name":"wp","href":"https:\/\/api.w.org\/{rel}","templated":true}]}}