{"id":1851,"date":"2019-11-06T13:24:37","date_gmt":"2019-11-06T13:24:37","guid":{"rendered":"https:\/\/www.candlelightersinternational.org\/comment-nous-travaillons\/la-gestion\/"},"modified":"2025-07-14T12:54:07","modified_gmt":"2025-07-14T12:54:07","slug":"la-gestion","status":"publish","type":"page","link":"https:\/\/www.candlelightersinternational.org\/fr\/ce-que-nous-faisons\/comment-nous-travaillons\/la-gestion\/","title":{"rendered":"La gestion"},"content":{"rendered":"<h1>La gestion<\/h1>\n<p><span style=\"color: #000000;\">Candlelighters International (CI) est une organisation \u00e0 but non lucratif avec un conseil d&#8217;administration comme organe directeur le plus \u00e9lev\u00e9. CI est administr\u00e9 par un conseil d&#8217;administration qui est responsable des questions fiduciaires, de conformit\u00e9, juridiques et strat\u00e9giques. Les op\u00e9rations quotidiennes sont confi\u00e9es \u00e0 un groupe de dirigeants qui appliquent leurs dons et exp\u00e9riences spirituels, cr\u00e9atifs, professionnels et entrepreneuriaux uniques, afin d&#8217;engager des programmes, des projets et des initiatives qui<em> \u00e9quiperont, encourageront et renforceront <\/em><em>les membres de CI avec la v\u00e9rit\u00e9 propre \u00e0 la Parole de Dieu, afin qu&#8217;ils vivent ses pr\u00e9ceptes et manifestent les fruits de l&#8217;esprit<\/em> dans leurs foyers, communaut\u00e9s, r\u00e9gions et nations.  <\/span><\/p>\n","protected":false},"excerpt":{"rendered":"<p>La gestion Candlelighters International (CI) est une organisation \u00e0 but non lucratif avec un conseil d&#8217;administration comme organe directeur le plus \u00e9lev\u00e9. CI est administr\u00e9 par un conseil d&#8217;administration qui est responsable des questions fiduciaires, de conformit\u00e9, juridiques et strat\u00e9giques. Les op\u00e9rations quotidiennes sont confi\u00e9es \u00e0 un groupe de dirigeants qui appliquent leurs dons et [&hellip;]<\/p>\n","protected":false},"author":1,"featured_media":0,"parent":1741,"menu_order":0,"comment_status":"closed","ping_status":"closed","template":"page-templates\/management-page.php","meta":{"footnotes":""},"class_list":["post-1851","page","type-page","status-publish","hentry"],"_links":{"self":[{"href":"https:\/\/www.candlelightersinternational.org\/fr\/wp-json\/wp\/v2\/pages\/1851","targetHints":{"allow":["GET"]}}],"collection":[{"href":"https:\/\/www.candlelightersinternational.org\/fr\/wp-json\/wp\/v2\/pages"}],"about":[{"href":"https:\/\/www.candlelightersinternational.org\/fr\/wp-json\/wp\/v2\/types\/page"}],"author":[{"embeddable":true,"href":"https:\/\/www.candlelightersinternational.org\/fr\/wp-json\/wp\/v2\/users\/1"}],"replies":[{"embeddable":true,"href":"https:\/\/www.candlelightersinternational.org\/fr\/wp-json\/wp\/v2\/comments?post=1851"}],"version-history":[{"count":2,"href":"https:\/\/www.candlelightersinternational.org\/fr\/wp-json\/wp\/v2\/pages\/1851\/revisions"}],"predecessor-version":[{"id":3733,"href":"https:\/\/www.candlelightersinternational.org\/fr\/wp-json\/wp\/v2\/pages\/1851\/revisions\/3733"}],"up":[{"embeddable":true,"href":"https:\/\/www.candlelightersinternational.org\/fr\/wp-json\/wp\/v2\/pages\/1741"}],"wp:attachment":[{"href":"https:\/\/www.candlelightersinternational.org\/fr\/wp-json\/wp\/v2\/media?parent=1851"}],"curies":[{"name":"wp","href":"https:\/\/api.w.org\/{rel}","templated":true}]}}