{"id":1866,"date":"2019-11-06T13:36:25","date_gmt":"2019-11-06T13:36:25","guid":{"rendered":"https:\/\/www.candlelightersinternational.org\/soutien\/"},"modified":"2025-07-24T06:17:52","modified_gmt":"2025-07-24T06:17:52","slug":"soutien","status":"publish","type":"page","link":"https:\/\/www.candlelightersinternational.org\/fr\/a-propos-de-nous\/soutien\/","title":{"rendered":"Soutien"},"content":{"rendered":"<h1>Soutien<\/h1>\n<img loading=\"lazy\" decoding=\"async\" class=\"size-full wp-image-147 alignleft\" src=\"https:\/\/candlelightersinternational.org\/wp-content\/uploads\/2019\/11\/about_thumb3.jpg\" alt=\"\" width=\"195\" height=\"171\" \/><img loading=\"lazy\" decoding=\"async\" class=\"size-medium wp-image-148 alignleft\" src=\"https:\/\/candlelightersinternational.org\/wp-content\/uploads\/2019\/11\/about_thumb1.jpg\" alt=\"\" width=\"195\" height=\"171\" \/><img loading=\"lazy\" decoding=\"async\" class=\"size-medium wp-image-149 alignleft\" src=\"https:\/\/candlelightersinternational.org\/wp-content\/uploads\/2019\/11\/about_thumb2.jpg\" alt=\"\" width=\"195\" height=\"171\" \/>\n<h4><\/h4>\n<p>&nbsp;<\/p>\n<p>&nbsp;<\/p>\n<p>&nbsp;<\/p>\n<p>&nbsp;<\/p>\n<blockquote>\n<h2>Nous avons besoin de votre pri\u00e8re, de votre temps, de votre soutien, de vos affaires<\/h2>\n<\/blockquote>\n<h3><span style=\"color: #ff9900;\"><strong>Votre pri\u00e8re.<\/strong> <\/span><\/h3>\n<p><span style=\"color: #000000;\">Pour faire ce \u00e0 quoi nous sommes appel\u00e9s ; nous avons besoin de vos pri\u00e8res. Nous vous invitons \u00e0 r\u00e9server du temps pour interc\u00e9der pour nous, notre personnel, les b\u00e9n\u00e9ficiaires que nous soutenons et les initiatives, programmes et projets g\u00e9n\u00e9raux que nous menons. D\u00e9faire les cha\u00eenes et les entraves de l&#8217;ennemi sur et dans la vie des individus, des familles et des communaut\u00e9s, est une bataille difficile, mais avec vous levant des pri\u00e8res ferventes et efficaces en notre nom, nous sommes victorieux au nom de J\u00e9sus.<\/span><\/p>\n<p><span style=\"color: #000000;\">Collaborez dans les pri\u00e8res avec up. Rejoignez la liste <span style=\"color: #0000ff;\"><a style=\"color: #0000ff;\" href=\"https:\/\/www.candlelightersinternational.org\/fr\/services-du-ministere-de-la-priere\/salle-de-priere\/\"><strong>ICI<\/strong><\/a><\/span><\/span><\/p>\n<h3><span style=\"color: #000000;\"><strong><span style=\"color: #ff9900;\">Ton temps,<\/span> <\/strong><\/span><\/h3>\n<p><span style=\"color: #000000;\"><strong>Luc 10\u00a0:2<\/strong> \u2013 \u00ab\u00a0C&#8217;est pourquoi il leur dit que la moisson <em>est<\/em> vraiment grande, mais les ouvriers <em>sont<\/em> peu nombreux\u00a0: priez donc le ma\u00eetre de la moisson, afin qu&#8217;il envoie des ouvriers dans sa moisson.\u00a0\u00bb (LSG).<\/span><\/p>\n<p><span style=\"color: #000000;\">Comme vous pouvez le voir, la gamme de choses que nous faisons est consid\u00e9rablement vaste et diversifi\u00e9e. Nous avons vu combien la moisson est vraiment grande, mais combien peu d&#8217;ouvriers sont. Nous prions pour que le Ma\u00eetre de la moisson lib\u00e8re dans votre c\u0153ur la joie et le z\u00e8le de se joindre \u00e0 nous \u00e0 quelque titre qu&#8217;il vous ait appel\u00e9 :<\/span><\/p>\n<ol>\n<li><span style=\"color: #000000;\"><strong>Volontariat dans un domaine d&#8217;expertise et\/ou d&#8217;exp\u00e9rience<\/strong> . V\u00e9rifiez ici pour les <a href=\"https:\/\/www.candlelightersinternational.org\/fr\/ce-que-nous-faisons\/benevole\/opportunites-de-volontariat\/\"><strong><span style=\"color: #0000ff;\">opportunit\u00e9s de volontariat<\/span><\/strong><\/a><\/span><\/li>\n<li><span style=\"color: #000000;\"><strong>Parlez pour faire prendre conscience<\/strong> \u00e0 et au sein de votre sph\u00e8re d&#8217;influence de qui nous sommes et de ce que nous faisons. <\/span><\/li>\n<li><span style=\"color: #000000;\"><strong>Aidez-nous \u00e0 identifier et \u00e0 orienter les b\u00e9n\u00e9ficiaires potentiels de nos services<\/strong> vers nous. <\/span><\/li>\n<li><span style=\"color: #000000;\"><strong>Partagez et faites conna\u00eetre nos<\/strong> services, actions et activit\u00e9s sur vos plateformes<\/span><\/li>\n<\/ol>\n<h3><span style=\"color: #ff9900;\"><strong>Ton soutien<\/strong><\/span><\/h3>\n<p><span style=\"color: #000000;\">En tant qu&#8217;organisation \u00e0 but non lucratif, nous fonctionnons uniquement gr\u00e2ce au soutien financier et aux dons de personnes comme vous. Nous mettons en commun nos ressources financi\u00e8res pour aborder ou engager des programmes et des projets sp\u00e9cifiques qui auront un impact positif durable sur les individus, les familles et les communaut\u00e9s locales.<\/span><\/p>\n<p><span style=\"color: #000000;\">Merci d&#8217;avoir envisag\u00e9 de nous donner, comme votre contribution pour apporter la gloire de Dieu dans la vie de beaucoup.<\/span><\/p>\n<p><span style=\"color: #000000;\">Vous pouvez nous soutenir financi\u00e8rement soit en faisant des dons selon les directives du Seigneur, soit en devenant l&#8217;un de nos membres associ\u00e9s contributeurs financiers.<\/span><\/p>\n<p><span style=\"color: #000000;\">Cliquez ici pour diverses options de <span style=\"color: #0000ff;\"><strong><a style=\"color: #0000ff;\" href=\"https:\/\/www.candlelightersinternational.org\/fr\/a-propos-de-nous\/faire-un-don\/\">don<\/a><\/strong><\/span><\/span><\/p>\n<p><span style=\"color: #000000;\">Cliquez ici pour les options d&#8217; <span style=\"color: #0000ff;\"><a style=\"color: #0000ff;\" href=\"https:\/\/www.candlelightersinternational.org\/fr\/devenir-membre\/\"><strong>adh\u00e9sion<\/strong><\/a><\/span><\/span><\/p>\n<h3><span style=\"color: #000000;\"><strong><span style=\"color: #ff9900;\">Vos articles m\u00e9nagers inutilis\u00e9s<\/span> <\/strong><\/span><\/h3>\n<p><span style=\"color: #000000;\">Alors que nous nous effor\u00e7ons de fournir un soutien \u00e0 un large \u00e9ventail de personnes et de familles dans le besoin, veuillez envisager de contribuer \u00e0 notre entrep\u00f4t avec certains de vos objets m\u00e9nagers inutilis\u00e9s. Ce dont vous n&#8217;avez peut-\u00eatre plus besoin peut \u00eatre d&#8217;une grande aide pour une autre personne.<\/span><\/p>\n<p><span style=\"color: #000000;\">Pour contribuer cliquez <strong><span style=\"color: #0000ff;\">ICI<\/span><\/strong><\/span><\/p>\n<p>&nbsp;<\/p>\n<p>&nbsp;<\/p>\n<p>&nbsp;<\/p>\n<p>&nbsp;<\/p>\n","protected":false},"excerpt":{"rendered":"<p>Soutien &nbsp; &nbsp; &nbsp; &nbsp; Nous avons besoin de votre pri\u00e8re, de votre temps, de votre soutien, de vos affaires Votre pri\u00e8re. Pour faire ce \u00e0 quoi nous sommes appel\u00e9s ; nous avons besoin de vos pri\u00e8res. Nous vous invitons \u00e0 r\u00e9server du temps pour interc\u00e9der pour nous, notre personnel, les b\u00e9n\u00e9ficiaires que nous soutenons [&hellip;]<\/p>\n","protected":false},"author":1,"featured_media":0,"parent":1918,"menu_order":0,"comment_status":"closed","ping_status":"closed","template":"","meta":{"nf_dc_page":"","footnotes":""},"class_list":["post-1866","page","type-page","status-publish","hentry"],"_links":{"self":[{"href":"https:\/\/www.candlelightersinternational.org\/fr\/wp-json\/wp\/v2\/pages\/1866","targetHints":{"allow":["GET"]}}],"collection":[{"href":"https:\/\/www.candlelightersinternational.org\/fr\/wp-json\/wp\/v2\/pages"}],"about":[{"href":"https:\/\/www.candlelightersinternational.org\/fr\/wp-json\/wp\/v2\/types\/page"}],"author":[{"embeddable":true,"href":"https:\/\/www.candlelightersinternational.org\/fr\/wp-json\/wp\/v2\/users\/1"}],"replies":[{"embeddable":true,"href":"https:\/\/www.candlelightersinternational.org\/fr\/wp-json\/wp\/v2\/comments?post=1866"}],"version-history":[{"count":9,"href":"https:\/\/www.candlelightersinternational.org\/fr\/wp-json\/wp\/v2\/pages\/1866\/revisions"}],"predecessor-version":[{"id":4145,"href":"https:\/\/www.candlelightersinternational.org\/fr\/wp-json\/wp\/v2\/pages\/1866\/revisions\/4145"}],"up":[{"embeddable":true,"href":"https:\/\/www.candlelightersinternational.org\/fr\/wp-json\/wp\/v2\/pages\/1918"}],"wp:attachment":[{"href":"https:\/\/www.candlelightersinternational.org\/fr\/wp-json\/wp\/v2\/media?parent=1866"}],"curies":[{"name":"wp","href":"https:\/\/api.w.org\/{rel}","templated":true}]}}