{"id":1875,"date":"2021-11-23T10:28:04","date_gmt":"2021-11-23T10:28:04","guid":{"rendered":"https:\/\/www.candlelightersinternational.org\/apologetique\/"},"modified":"2025-07-14T12:56:27","modified_gmt":"2025-07-14T12:56:27","slug":"apologetique","status":"publish","type":"page","link":"https:\/\/www.candlelightersinternational.org\/fr\/apologetique\/","title":{"rendered":"Apolog\u00e9tique"},"content":{"rendered":"<h1>Apolog\u00e9tique<\/h1>\n<p><img loading=\"lazy\" decoding=\"async\" class=\"wp-image-1024 aligncenter\" src=\"https:\/\/candlelightersinternational.org\/wp-content\/uploads\/2020\/08\/defense1.png\" alt=\"\" width=\"744\" height=\"558\"><\/p>\n<p><span style=\"color: #000000;\"><strong>Candlelighters International comme pointeur et distillateur<\/strong><\/span><\/p>\n<p><span style=\"color: #000000;\">Dans Candlelighters International, notre objectif au sein de ce service Apolog\u00e9tique est de fonctionner selon les lignes prescrites par 1 Pierre 3:11. Nous esp\u00e9rons vous aider N&#8217;ayez <strong>aucune crainte<\/strong> \u00e0 pr\u00e9senter, tout en <strong>honorant<\/strong> <strong>Christ<\/strong> dans votre c\u0153ur, et <strong>en \u00e9tant<\/strong> <strong>toujours pr\u00eat<\/strong> \u00e0 <strong>faire une d\u00e9fense<\/strong> , avec douceur et respect, \u00e0 quiconque <strong>pour une raison<\/strong> pour ce que vous croyez. <\/span><\/p>\n<p><span style=\"color: #000000;\">Alors que le Seigneur nous guide, dans <strong>Candlelighters International<\/strong> , nous essaierons de <strong>faciliter vos processus d&#8217;apprentissage<\/strong> et d&#8217;\u00e9tude en agissant <strong>comme un indicateur o\u00f9 vous pouvez trouver la v\u00e9rit\u00e9<\/strong> . Nous essaierons de <strong>fonctionner comme un distillateur<\/strong> pour vous ; vous aider \u00e0 r\u00e9duire ou \u00e0 \u00e9loigner les informations non essentielles qui pourraient bloquer ou ralentir votre d\u00e9veloppement personnel.<br \/>\n<\/span><\/p>\n<p><span style=\"color: #000000;\"><img loading=\"lazy\" decoding=\"async\" class=\" wp-image-1023 alignright\" src=\"https:\/\/candlelightersinternational.org\/wp-content\/uploads\/2020\/08\/defense.png\" alt=\"\" width=\"288\" height=\"216\">Nous aimerions que vous compreniez que nous restons ouverts \u00e0 de nouvelles r\u00e9v\u00e9lations de Dieu concernant des questions sp\u00e9cifiques qui semblent pr\u00e9senter une perspective diff\u00e9rente des sujets cl\u00e9s \u00e0 l&#8217;\u00e9tude.<\/span><\/p>\n<p><span style=\"color: #000000;\">Continuez \u00e0 venir sur cette plate-forme pour lire autant que vous le pouvez. Nous vous fournirons \u00e9galement des conseils sur comment et o\u00f9 \u00e9tudier les questions cl\u00e9s pr\u00e9sent\u00e9es ici. <\/span><span style=\"color: #000000;\"><strong>Devenez membre<\/strong> et rejoignez le club.<\/span><\/p>\n<p><span style=\"color: #000000;\"><strong>Profitez du voyage!<\/strong><\/span><\/p>\n","protected":false},"excerpt":{"rendered":"<p>Apolog\u00e9tique Candlelighters International comme pointeur et distillateur Dans Candlelighters International, notre objectif au sein de ce service Apolog\u00e9tique est de fonctionner selon les lignes prescrites par 1 Pierre 3:11. Nous esp\u00e9rons vous aider N&#8217;ayez aucune crainte \u00e0 pr\u00e9senter, tout en honorant Christ dans votre c\u0153ur, et en \u00e9tant toujours pr\u00eat \u00e0 faire une d\u00e9fense , [&hellip;]<\/p>\n","protected":false},"author":1,"featured_media":0,"parent":0,"menu_order":0,"comment_status":"closed","ping_status":"closed","template":"page-templates\/apologetic-page.php","meta":{"nf_dc_page":"","footnotes":""},"class_list":["post-1875","page","type-page","status-publish","hentry"],"_links":{"self":[{"href":"https:\/\/www.candlelightersinternational.org\/fr\/wp-json\/wp\/v2\/pages\/1875","targetHints":{"allow":["GET"]}}],"collection":[{"href":"https:\/\/www.candlelightersinternational.org\/fr\/wp-json\/wp\/v2\/pages"}],"about":[{"href":"https:\/\/www.candlelightersinternational.org\/fr\/wp-json\/wp\/v2\/types\/page"}],"author":[{"embeddable":true,"href":"https:\/\/www.candlelightersinternational.org\/fr\/wp-json\/wp\/v2\/users\/1"}],"replies":[{"embeddable":true,"href":"https:\/\/www.candlelightersinternational.org\/fr\/wp-json\/wp\/v2\/comments?post=1875"}],"version-history":[{"count":2,"href":"https:\/\/www.candlelightersinternational.org\/fr\/wp-json\/wp\/v2\/pages\/1875\/revisions"}],"predecessor-version":[{"id":3863,"href":"https:\/\/www.candlelightersinternational.org\/fr\/wp-json\/wp\/v2\/pages\/1875\/revisions\/3863"}],"wp:attachment":[{"href":"https:\/\/www.candlelightersinternational.org\/fr\/wp-json\/wp\/v2\/media?parent=1875"}],"curies":[{"name":"wp","href":"https:\/\/api.w.org\/{rel}","templated":true}]}}