{"id":1879,"date":"2021-11-23T10:28:07","date_gmt":"2021-11-23T10:28:07","guid":{"rendered":"https:\/\/www.candlelightersinternational.org\/faire-un-don-etape-2\/"},"modified":"2025-07-14T13:10:06","modified_gmt":"2025-07-14T13:10:06","slug":"faire-un-don-etape-2","status":"publish","type":"page","link":"https:\/\/www.candlelightersinternational.org\/fr\/a-propos-de-nous\/faire-un-don\/faire-un-don-etape-2\/","title":{"rendered":"Faire un don \u00c9tape 2"},"content":{"rendered":"<h1>Faire un don \u00c9tape 2<\/h1>\n<p><span style=\"color: #000000;\">Votre soutien financier ici aidera \u00e0 maintenir le minist\u00e8re et la plate-forme des Candlelighters op\u00e9rationnels. Nous nous efforcerons de maximiser la valeur de votre contribution au mieux de nos capacit\u00e9s.<\/span><\/p>\n<p><span style=\"color: #000000;\">En tant qu&#8217;organisation \u00e0 but non lucratif, notre objectif sera d&#8217;utiliser votre contribution pour fournir des services et des produits de mani\u00e8re \u00e0 ce que, s&#8217;il y a des b\u00e9n\u00e9fices, nous les r\u00e9injecterons dans le minist\u00e8re ou les redistribuerons aux membres en offrant des remises sur les services. et produits propos\u00e9s. Cela sera sp\u00e9cifiquement rapport\u00e9 dans notre rapport financier annuel et dans la premi\u00e8re lettre d&#8217;information de l&#8217;ann\u00e9e suivante.<\/span><\/p>\n<p><span style=\"color: #000000;\">Dans cet esprit, veuillez faire un don selon la direction du Seigneur.<\/span><\/p>\n<p><span style=\"color: #000000;\">Pour l&#8217;instant, les dons ici se font via PayPal. D&#8217;autres options de paiement seront disponibles tr\u00e8s prochainement.<\/span><\/p>\n<p><span style=\"color: #000000;\">Merci pour votre soutien.<\/span><\/p>\n","protected":false},"excerpt":{"rendered":"<p>Faire un don \u00c9tape 2 Votre soutien financier ici aidera \u00e0 maintenir le minist\u00e8re et la plate-forme des Candlelighters op\u00e9rationnels. Nous nous efforcerons de maximiser la valeur de votre contribution au mieux de nos capacit\u00e9s. En tant qu&#8217;organisation \u00e0 but non lucratif, notre objectif sera d&#8217;utiliser votre contribution pour fournir des services et des produits [&hellip;]<\/p>\n","protected":false},"author":1,"featured_media":0,"parent":1923,"menu_order":0,"comment_status":"closed","ping_status":"closed","template":"page-templates\/donate-step2-page.php","meta":{"footnotes":""},"class_list":["post-1879","page","type-page","status-publish","hentry"],"_links":{"self":[{"href":"https:\/\/www.candlelightersinternational.org\/fr\/wp-json\/wp\/v2\/pages\/1879","targetHints":{"allow":["GET"]}}],"collection":[{"href":"https:\/\/www.candlelightersinternational.org\/fr\/wp-json\/wp\/v2\/pages"}],"about":[{"href":"https:\/\/www.candlelightersinternational.org\/fr\/wp-json\/wp\/v2\/types\/page"}],"author":[{"embeddable":true,"href":"https:\/\/www.candlelightersinternational.org\/fr\/wp-json\/wp\/v2\/users\/1"}],"replies":[{"embeddable":true,"href":"https:\/\/www.candlelightersinternational.org\/fr\/wp-json\/wp\/v2\/comments?post=1879"}],"version-history":[{"count":3,"href":"https:\/\/www.candlelightersinternational.org\/fr\/wp-json\/wp\/v2\/pages\/1879\/revisions"}],"predecessor-version":[{"id":3867,"href":"https:\/\/www.candlelightersinternational.org\/fr\/wp-json\/wp\/v2\/pages\/1879\/revisions\/3867"}],"up":[{"embeddable":true,"href":"https:\/\/www.candlelightersinternational.org\/fr\/wp-json\/wp\/v2\/pages\/1923"}],"wp:attachment":[{"href":"https:\/\/www.candlelightersinternational.org\/fr\/wp-json\/wp\/v2\/media?parent=1879"}],"curies":[{"name":"wp","href":"https:\/\/api.w.org\/{rel}","templated":true}]}}