{"id":1894,"date":"2021-11-23T10:28:14","date_gmt":"2021-11-23T10:28:14","guid":{"rendered":"https:\/\/www.candlelightersinternational.org\/ressources-du-ministere\/"},"modified":"2025-07-14T12:56:28","modified_gmt":"2025-07-14T12:56:28","slug":"ressources-du-ministere","status":"publish","type":"page","link":"https:\/\/www.candlelightersinternational.org\/fr\/ressources-du-ministere\/","title":{"rendered":"Ressources du minist\u00e8re"},"content":{"rendered":"<h1>Ressources du minist\u00e8re<\/h1>\n<p><img loading=\"lazy\" decoding=\"async\" class=\"wp-image-1001 size-full aligncenter\" src=\"https:\/\/candlelightersinternational.org\/wp-content\/uploads\/2020\/08\/Resource-scaled.jpg\" alt=\"\" width=\"2560\" height=\"960\"><\/p>\n<p><span style=\"color: #000000;\">Candlelighters&#8217; Ministry Resources se concentre sur la pr\u00e9sentation d&#8217;une plate-forme o\u00f9 les croyants pourraient mener, grandir et manifester pleinement leurs potentiels donn\u00e9s par Dieu, dans un cadre partageant les m\u00eames id\u00e9es. <\/span><\/p>\n<h4><span style=\"color: #000000;\">Notre approche aide les croyants \u00e0 accomplir leur minist\u00e8re au sein d&#8217;une plate-forme organis\u00e9e, qui absorbe les divers d\u00e9fis administratifs associ\u00e9s au d\u00e9veloppement minist\u00e9riel. <\/span><\/h4>\n<p><span style=\"color: #000000;\">Nous ne menons pas seulement les diverses activit\u00e9s minist\u00e9rielles, mais nous nous concentrons \u00e9galement sur le d\u00e9veloppement d&#8217;outils et de services innovants qui ont le potentiel de servir de conduit par lequel le Saint-Esprit pourrait utiliser pour transformer des vies.<\/span><\/p>\n","protected":false},"excerpt":{"rendered":"<p>Ressources du minist\u00e8re Candlelighters&#8217; Ministry Resources se concentre sur la pr\u00e9sentation d&#8217;une plate-forme o\u00f9 les croyants pourraient mener, grandir et manifester pleinement leurs potentiels donn\u00e9s par Dieu, dans un cadre partageant les m\u00eames id\u00e9es. Notre approche aide les croyants \u00e0 accomplir leur minist\u00e8re au sein d&#8217;une plate-forme organis\u00e9e, qui absorbe les divers d\u00e9fis administratifs associ\u00e9s [&hellip;]<\/p>\n","protected":false},"author":1,"featured_media":0,"parent":0,"menu_order":0,"comment_status":"closed","ping_status":"closed","template":"page-templates\/resource-page.php","meta":{"nf_dc_page":"","footnotes":""},"class_list":["post-1894","page","type-page","status-publish","hentry"],"_links":{"self":[{"href":"https:\/\/www.candlelightersinternational.org\/fr\/wp-json\/wp\/v2\/pages\/1894","targetHints":{"allow":["GET"]}}],"collection":[{"href":"https:\/\/www.candlelightersinternational.org\/fr\/wp-json\/wp\/v2\/pages"}],"about":[{"href":"https:\/\/www.candlelightersinternational.org\/fr\/wp-json\/wp\/v2\/types\/page"}],"author":[{"embeddable":true,"href":"https:\/\/www.candlelightersinternational.org\/fr\/wp-json\/wp\/v2\/users\/1"}],"replies":[{"embeddable":true,"href":"https:\/\/www.candlelightersinternational.org\/fr\/wp-json\/wp\/v2\/comments?post=1894"}],"version-history":[{"count":3,"href":"https:\/\/www.candlelightersinternational.org\/fr\/wp-json\/wp\/v2\/pages\/1894\/revisions"}],"predecessor-version":[{"id":3945,"href":"https:\/\/www.candlelightersinternational.org\/fr\/wp-json\/wp\/v2\/pages\/1894\/revisions\/3945"}],"wp:attachment":[{"href":"https:\/\/www.candlelightersinternational.org\/fr\/wp-json\/wp\/v2\/media?parent=1894"}],"curies":[{"name":"wp","href":"https:\/\/api.w.org\/{rel}","templated":true}]}}