{"id":1896,"date":"2019-11-06T13:26:13","date_gmt":"2019-11-06T13:26:13","guid":{"rendered":"https:\/\/www.candlelightersinternational.org\/ce-que-nous-faisons\/"},"modified":"2025-07-15T09:11:47","modified_gmt":"2025-07-15T09:11:47","slug":"services-strategiques","status":"publish","type":"page","link":"https:\/\/www.candlelightersinternational.org\/fr\/services-strategiques\/","title":{"rendered":"Services strat\u00e9giques"},"content":{"rendered":"<h1>Services strat\u00e9giques<\/h1>\n<img loading=\"lazy\" decoding=\"async\" class=\"size-full wp-image-147 alignleft\" src=\"https:\/\/candlelightersinternational.org\/wp-content\/uploads\/2019\/11\/about_thumb3.jpg\" alt=\"\" width=\"195\" height=\"171\" \/><img loading=\"lazy\" decoding=\"async\" class=\"size-medium wp-image-148 alignleft\" src=\"https:\/\/candlelightersinternational.org\/wp-content\/uploads\/2019\/11\/about_thumb1.jpg\" alt=\"\" width=\"195\" height=\"171\" \/><img loading=\"lazy\" decoding=\"async\" class=\"size-medium wp-image-149 alignleft\" src=\"https:\/\/candlelightersinternational.org\/wp-content\/uploads\/2019\/11\/about_thumb2.jpg\" alt=\"\" width=\"195\" height=\"171\" \/>\n<p><span style=\"color: #000000;\">En tant que fournisseur de services chr\u00e9tiens, le r\u00e9seau Candlelighters International se concentre sur la fourniture de deux types de services au corps du Christ et au grand public : <strong>1) Services d&#8217;information<\/strong> et <strong>2) Services d&#8217;assistance pratique.<\/strong><\/span><\/p>\n<ul>\n<li><span style=\"color: #000000;\"><span style=\"color: #ff6600;\"><strong>Services d&#8217;information :<\/strong><\/span> Gr\u00e2ce \u00e0 ce service, les croyants en Christ et les autres personnes int\u00e9ress\u00e9es par le christianisme re\u00e7oivent des informations soigneusement recherch\u00e9es et des r\u00e9ponses et des conseils bien motiv\u00e9s sur divers domaines relatifs \u00e0 la vie holistique dans le contexte d&#8217;une vision chr\u00e9tienne du monde. Ce service vise \u00e0 aider les croyants \u00e0 voir comment la v\u00e9rit\u00e9 propre \u00e0 la Parole de Dieu se rapporte \u00e0 et avec tous les domaines et aspects de la vie et de la vie. Le service s&#8217;efforce de r\u00e9duire la fragmentation et la compartimentation des connaissances qui existent dans l&#8217;\u00e9ducation contemporaine, la soci\u00e9t\u00e9 et m\u00eame dans les domaines affaiblis de l&#8217;\u00e9glise chr\u00e9tienne contemporaine.<\/span><\/li>\n<\/ul>\n<p><span style=\"color: #000000;\">Les services d&#8217;information comprennent les grands domaines suivants\u00a0:<\/span><\/p>\n<ol>\n<li><span style=\"color: #000000;\">Recherche et diffusion de l&#8217;information<\/span><\/li>\n<li><span style=\"color: #000000;\">Organisation de conf\u00e9rences et d&#8217;\u00e9v\u00e9nements<br \/>\n<\/span><\/li>\n<li><span style=\"color: #000000;\">\u00c9tudes en ligne<\/span><\/li>\n<\/ol>\n<p><span style=\"color: #000000;\">VOUS \u00eates notre premier public cible. Dans le cadre de ce service, nous fournissons des informations qui \u00e9difieront toute la personne dans tous les aspects de son appel \u00e0 glorifier Dieu et \u00e0 servir l&#8217;humanit\u00e9 dans la pl\u00e9nitude de la gr\u00e2ce de Dieu sur sa vie.<\/span><\/p>\n<p><span style=\"color: #000000;\">Ce service est mis \u00e0 la disposition de notre public cible \u00e0 travers diverses formes de m\u00e9dias que nous jugeons efficaces.<\/span><\/p>\n<ul>\n<li><span style=\"color: #000000;\"><span style=\"color: #ff6600;\"><strong>Services d&#8217;assistance pratique :<\/strong><\/span> Gr\u00e2ce \u00e0 ce service, les croyants ont la possibilit\u00e9 de mettre leur foi en action par des moyens innovants qui ne leur ont peut-\u00eatre jamais \u00e9t\u00e9 pr\u00e9sent\u00e9s dans le pass\u00e9. Alors que nous \u00e9coutons Dieu pour le discernement de l&#8217;appel et des minist\u00e8res de la communaut\u00e9 locale au sein de notre r\u00e9seau, nous d\u00e9veloppons activement des canaux de minist\u00e8re pour faciliter la r\u00e9alisation ou la mise en \u0153uvre de telles actions locales. Ce service particulier de Candlelighters International reste dynamique et en constante expansion alors que les Seigneurs parlent et agissent \u00e0 travers les saints \u00e9difi\u00e9s. Dans une perspective plus large, le r\u00e9seau Candlelighters International se concentre sur des services d&#8217;assistance pratique qui :<\/span>\n<ol>\n<li><span style=\"color: #000000;\"> Identifier et r\u00e9pondre aux besoins des personnes d\u00e9bord\u00e9es et sous-financ\u00e9es<\/span><\/li>\n<li><span style=\"color: #000000;\"> \u00c9tablir des centres de minist\u00e8re dans la r\u00e9gion o\u00f9 les gens viendront pour que leurs besoins spirituels et physiques soient satisfaits.<\/span><\/li>\n<li><span style=\"color: #000000;\"> Connectez les croyants pour r\u00e9pondre efficacement \u00e0 leurs besoins spirituels et physiques quotidiens, tout en exploitant et en partageant soigneusement les ressources et les comp\u00e9tences.<\/span><\/li>\n<li><span style=\"color: #000000;\"> D\u00e9velopper des produits et services bibliques pour am\u00e9liorer la vie des individus et des familles.<\/span><\/li>\n<li><span style=\"color: #000000;\"> Fournir un leadership professionnel et un d\u00e9veloppement personnel avec une forte vision chr\u00e9tienne du monde.<\/span><\/li>\n<li><span style=\"color: #000000;\"> Incuber de jeunes professionnels et entrepreneurs chr\u00e9tiens dans l&#8217;entreprise de racheter des ressources et des opportunit\u00e9s vitales dans la t\u00e2che de transformer les communaut\u00e9s et les vies pour la Gloire de Dieu.<\/span><\/li>\n<\/ol>\n<\/li>\n<\/ul>\n","protected":false},"excerpt":{"rendered":"<p>Services strat\u00e9giques En tant que fournisseur de services chr\u00e9tiens, le r\u00e9seau Candlelighters International se concentre sur la fourniture de deux types de services au corps du Christ et au grand public : 1) Services d&#8217;information et 2) Services d&#8217;assistance pratique. Services d&#8217;information : Gr\u00e2ce \u00e0 ce service, les croyants en Christ et les autres personnes [&hellip;]<\/p>\n","protected":false},"author":1,"featured_media":0,"parent":0,"menu_order":0,"comment_status":"closed","ping_status":"closed","template":"","meta":{"nf_dc_page":"","footnotes":""},"class_list":["post-1896","page","type-page","status-publish","hentry"],"_links":{"self":[{"href":"https:\/\/www.candlelightersinternational.org\/fr\/wp-json\/wp\/v2\/pages\/1896","targetHints":{"allow":["GET"]}}],"collection":[{"href":"https:\/\/www.candlelightersinternational.org\/fr\/wp-json\/wp\/v2\/pages"}],"about":[{"href":"https:\/\/www.candlelightersinternational.org\/fr\/wp-json\/wp\/v2\/types\/page"}],"author":[{"embeddable":true,"href":"https:\/\/www.candlelightersinternational.org\/fr\/wp-json\/wp\/v2\/users\/1"}],"replies":[{"embeddable":true,"href":"https:\/\/www.candlelightersinternational.org\/fr\/wp-json\/wp\/v2\/comments?post=1896"}],"version-history":[{"count":5,"href":"https:\/\/www.candlelightersinternational.org\/fr\/wp-json\/wp\/v2\/pages\/1896\/revisions"}],"predecessor-version":[{"id":3931,"href":"https:\/\/www.candlelightersinternational.org\/fr\/wp-json\/wp\/v2\/pages\/1896\/revisions\/3931"}],"wp:attachment":[{"href":"https:\/\/www.candlelightersinternational.org\/fr\/wp-json\/wp\/v2\/media?parent=1896"}],"curies":[{"name":"wp","href":"https:\/\/api.w.org\/{rel}","templated":true}]}}