{"id":1918,"date":"2019-11-05T12:32:42","date_gmt":"2019-11-05T12:32:42","guid":{"rendered":"https:\/\/www.candlelightersinternational.org\/a-propos-de-nous\/"},"modified":"2025-07-15T05:01:36","modified_gmt":"2025-07-15T05:01:36","slug":"a-propos-de-nous","status":"publish","type":"page","link":"https:\/\/www.candlelightersinternational.org\/fr\/a-propos-de-nous\/","title":{"rendered":"\u00c0 propos de nous"},"content":{"rendered":"<h1>Qu&#8217;en est-il de Candlelighters International ?<\/h1>\r\n<img loading=\"lazy\" decoding=\"async\" class=\"size-full wp-image-147 alignleft\" src=\"https:\/\/candlelightersinternational.org\/wp-content\/uploads\/2019\/11\/about_thumb3.jpg\" alt=\"\" width=\"195\" height=\"171\" \/><img loading=\"lazy\" decoding=\"async\" class=\"size-medium wp-image-148 alignleft\" src=\"https:\/\/candlelightersinternational.org\/wp-content\/uploads\/2019\/11\/about_thumb1.jpg\" alt=\"\" width=\"195\" height=\"171\" \/><img loading=\"lazy\" decoding=\"async\" class=\"size-medium wp-image-149 alignleft\" src=\"https:\/\/candlelightersinternational.org\/wp-content\/uploads\/2019\/11\/about_thumb2.jpg\" alt=\"\" width=\"195\" height=\"171\" \/>\r\n<p><span style=\"color: #000000;\">Bienvenue \u00e0 Candlelighters International !<\/span><\/p>\r\n<p><span style=\"color: #000000;\">Nous attendions votre visite depuis un bon moment maintenant et nous sommes ravis de vous compter parmi nous.<\/span><\/p>\r\n<p><span style=\"color: #000000;\">Chez Candlelighters International, nous comprenons que l&#8217;ignorance de l&#8217;homme est la source de tout ce qui travaille contre l&#8217;homme ; c&#8217;est pourquoi nous lan\u00e7ons une lutte active contre l&#8217;ignorance.<\/span><\/p>\r\n<h4><span style=\"color: #000000;\">Candlelighters International est un minist\u00e8re chr\u00e9tien non confessionnel qui fonctionne comme un centre de ressources chr\u00e9tien. Sa fonction principale est d&#8217;\u00e9quiper les gens d&#8217;une v\u00e9ritable compr\u00e9hension de la foi et de la pratique chr\u00e9tiennes. Nous avons l&#8217;intention de tendre la main et d&#8217;inspirer les gens \u00e0 vivre une vie sainte ici sur terre et \u00e9ternellement avec Dieu ; tout comme d\u00e9montr\u00e9 par la vie de J\u00e9sus le Christ.<\/span><\/h4>\r\n<p><span style=\"color: #000000;\">En tant que minist\u00e8re chr\u00e9tien, Candlelighters International accorde une attention particuli\u00e8re au d\u00e9veloppement des minist\u00e8res de la communaut\u00e9 chr\u00e9tienne locale en dehors des quatre murs de l&#8217;\u00e9glise. Nous le faisons \u00e0 travers l&#8217;\u00e9dification des croyants (nouveaux et anciens) avec la v\u00e9rit\u00e9 absolue propre \u00e0 la Parole de Dieu dans la Bible. Cette v\u00e9rit\u00e9 guide et inspire les croyants sur la fa\u00e7on de se rapporter \u00e0 et avec tous les domaines de notre vie.<\/span><\/p>\r\n<p><span style=\"color: #000000;\">Le but ultime de Candlelighters International est d&#8217;encourager les familles et les personnes de tous \u00e2ges \u00e0 rencontrer Dieu quotidiennement \u00e0 travers la Bible et la pri\u00e8re.<\/span><\/p>\r\n<img loading=\"lazy\" decoding=\"async\" width=\"308\" height=\"186\" class=\"alignleft wp-image-156 size-full\" src=\"https:\/\/candlelightersinternational.org\/wp-content\/uploads\/2019\/11\/about_thumb4.jpg\" alt=\"\" \/>\r\n<p><span style=\"color: #000000;\">Candlelighters International n&#8217;est pas une \u00e9glise ni une d\u00e9nomination. C&#8217;est une communaut\u00e9 de croyants qui, dans la puissance du Saint-Esprit, se sont engag\u00e9s \u00e0 promouvoir et \u00e0 partager la v\u00e9rit\u00e9 r\u00e9v\u00e9l\u00e9e en J\u00e9sus le Christ. Les croyants se sont engag\u00e9s \u00e0 manifester le fruit de l&#8217;esprit et \u00e0 rayonner la gloire de Dieu Tout-Puissant dans un monde perdu. Nous partons de nos vies, de nos communaut\u00e9s locales, puis de l&#8217;international.<\/span><\/p>\r\n<p><span style=\"color: #000000;\"><strong>Encore une fois, vous \u00eates les bienvenus parmi nous et que le Saint-Esprit du Dieu Tr\u00e8s-Haut vous guide et vous conduise dans toute la v\u00e9rit\u00e9, au nom de J\u00e9sus le Christ, Amen.<\/strong><\/span><\/p>\r\n\r\n<p>&nbsp;<\/p>\r\n","protected":false},"excerpt":{"rendered":"<p>Qu&#8217;en est-il de Candlelighters International ? Bienvenue \u00e0 Candlelighters International ! Nous attendions votre visite depuis un bon moment maintenant et nous sommes ravis de vous compter parmi nous. Chez Candlelighters International, nous comprenons que l&#8217;ignorance de l&#8217;homme est la source de tout ce qui travaille contre l&#8217;homme ; c&#8217;est pourquoi nous lan\u00e7ons une lutte [&hellip;]<\/p>\n","protected":false},"author":1,"featured_media":0,"parent":0,"menu_order":0,"comment_status":"closed","ping_status":"closed","template":"","meta":{"nf_dc_page":"","footnotes":""},"class_list":["post-1918","page","type-page","status-publish","hentry"],"_links":{"self":[{"href":"https:\/\/www.candlelightersinternational.org\/fr\/wp-json\/wp\/v2\/pages\/1918","targetHints":{"allow":["GET"]}}],"collection":[{"href":"https:\/\/www.candlelightersinternational.org\/fr\/wp-json\/wp\/v2\/pages"}],"about":[{"href":"https:\/\/www.candlelightersinternational.org\/fr\/wp-json\/wp\/v2\/types\/page"}],"author":[{"embeddable":true,"href":"https:\/\/www.candlelightersinternational.org\/fr\/wp-json\/wp\/v2\/users\/1"}],"replies":[{"embeddable":true,"href":"https:\/\/www.candlelightersinternational.org\/fr\/wp-json\/wp\/v2\/comments?post=1918"}],"version-history":[{"count":7,"href":"https:\/\/www.candlelightersinternational.org\/fr\/wp-json\/wp\/v2\/pages\/1918\/revisions"}],"predecessor-version":[{"id":3885,"href":"https:\/\/www.candlelightersinternational.org\/fr\/wp-json\/wp\/v2\/pages\/1918\/revisions\/3885"}],"wp:attachment":[{"href":"https:\/\/www.candlelightersinternational.org\/fr\/wp-json\/wp\/v2\/media?parent=1918"}],"curies":[{"name":"wp","href":"https:\/\/api.w.org\/{rel}","templated":true}]}}